{"id":855,"date":"2022-12-12T09:25:48","date_gmt":"2022-12-12T09:25:48","guid":{"rendered":"http:\/\/flinke-flossen.de\/?page_id=855"},"modified":"2022-12-12T09:25:48","modified_gmt":"2022-12-12T09:25:48","slug":"basisraeumung","status":"publish","type":"page","link":"https:\/\/flinke-flossen.de\/?page_id=855","title":{"rendered":"Basisr\u00e4umung"},"content":{"rendered":"\n<p>Die R\u00e4umung unserer Basis im Freibad hat durch Eure tatkr\u00e4ftige Unterst\u00fctzung hervorragend geklappt, daf\u00fcr noch einmal vielen Dank.<\/p>\n\n\n\n<p>In unserem \u00dcbergangsdomizil wurde mittlerweile der Kompressor angeschlossen, die Flaschen, Jackets, Anz\u00fcge, Automaten gelagert. Der n\u00e4chsten Freiwassersaison steht also nichts im Wege.<\/p>\n\n\n\n<!-- default-view.php -->\n<div\n\tclass=\"ngg-galleryoverview default-view \n\t\t\"\n\tid=\"ngg-gallery-26ccd2247b92cde5cc196c70a70f797d-1\">\n\n\t\t<!-- Thumbnails -->\n\t\t\t\t<div id=\"ngg-image-0\" class=\"ngg-gallery-thumbnail-box \n\t\t\t\t\t\t\t\t\t\t\t\" \n\t\t\t>\n\t\t\t\t\t\t<div class=\"ngg-gallery-thumbnail\">\n\t\t\t<a href=\"https:\/\/flinke-flossen.de\/wp-content\/gallery\/zwischenlager\/IMG_3727.JPG\"\n\t\t\t\ttitle=\"\"\n\t\t\t\tdata-src=\"https:\/\/flinke-flossen.de\/wp-content\/gallery\/zwischenlager\/IMG_3727.JPG\"\n\t\t\t\tdata-thumbnail=\"https:\/\/flinke-flossen.de\/wp-content\/gallery\/zwischenlager\/thumbs\/thumbs_IMG_3727.JPG\"\n\t\t\t\tdata-image-id=\"150\"\n\t\t\t\tdata-title=\"IMG_3727\"\n\t\t\t\tdata-description=\"\"\n\t\t\t\tdata-image-slug=\"img_3727\"\n\t\t\t\tclass=\"ngg-simplelightbox\" rel=\"26ccd2247b92cde5cc196c70a70f797d\">\n\t\t\t\t<img\n\t\t\t\t\ttitle=\"IMG_3727\"\n\t\t\t\t\talt=\"IMG_3727\"\n\t\t\t\t\tsrc=\"https:\/\/flinke-flossen.de\/wp-content\/gallery\/zwischenlager\/thumbs\/thumbs_IMG_3727.JPG\"\n\t\t\t\t\twidth=\"240\"\n\t\t\t\t\theight=\"160\"\n\t\t\t\t\tstyle=\"max-width:100%;\"\n\t\t\t\t\/>\n\t\t\t<\/a>\n\t\t<\/div>\n\t\t\t\t\t\t\t<\/div> \n\t\t\t\n\t\t\t\t<div id=\"ngg-image-1\" class=\"ngg-gallery-thumbnail-box \n\t\t\t\t\t\t\t\t\t\t\t\" \n\t\t\t>\n\t\t\t\t\t\t<div class=\"ngg-gallery-thumbnail\">\n\t\t\t<a href=\"https:\/\/flinke-flossen.de\/wp-content\/gallery\/zwischenlager\/IMG_3729.JPG\"\n\t\t\t\ttitle=\"\"\n\t\t\t\tdata-src=\"https:\/\/flinke-flossen.de\/wp-content\/gallery\/zwischenlager\/IMG_3729.JPG\"\n\t\t\t\tdata-thumbnail=\"https:\/\/flinke-flossen.de\/wp-content\/gallery\/zwischenlager\/thumbs\/thumbs_IMG_3729.JPG\"\n\t\t\t\tdata-image-id=\"152\"\n\t\t\t\tdata-title=\"IMG_3729\"\n\t\t\t\tdata-description=\"\"\n\t\t\t\tdata-image-slug=\"img_3729\"\n\t\t\t\tclass=\"ngg-simplelightbox\" rel=\"26ccd2247b92cde5cc196c70a70f797d\">\n\t\t\t\t<img\n\t\t\t\t\ttitle=\"IMG_3729\"\n\t\t\t\t\talt=\"IMG_3729\"\n\t\t\t\t\tsrc=\"https:\/\/flinke-flossen.de\/wp-content\/gallery\/zwischenlager\/thumbs\/thumbs_IMG_3729.JPG\"\n\t\t\t\t\twidth=\"240\"\n\t\t\t\t\theight=\"160\"\n\t\t\t\t\tstyle=\"max-width:100%;\"\n\t\t\t\t\/>\n\t\t\t<\/a>\n\t\t<\/div>\n\t\t\t\t\t\t\t<\/div> \n\t\t\t\n\t\t\t\t<div id=\"ngg-image-2\" class=\"ngg-gallery-thumbnail-box \n\t\t\t\t\t\t\t\t\t\t\t\" \n\t\t\t>\n\t\t\t\t\t\t<div class=\"ngg-gallery-thumbnail\">\n\t\t\t<a href=\"https:\/\/flinke-flossen.de\/wp-content\/gallery\/zwischenlager\/IMG_3731.JPG\"\n\t\t\t\ttitle=\"\"\n\t\t\t\tdata-src=\"https:\/\/flinke-flossen.de\/wp-content\/gallery\/zwischenlager\/IMG_3731.JPG\"\n\t\t\t\tdata-thumbnail=\"https:\/\/flinke-flossen.de\/wp-content\/gallery\/zwischenlager\/thumbs\/thumbs_IMG_3731.JPG\"\n\t\t\t\tdata-image-id=\"151\"\n\t\t\t\tdata-title=\"IMG_3731\"\n\t\t\t\tdata-description=\"\"\n\t\t\t\tdata-image-slug=\"img_3731\"\n\t\t\t\tclass=\"ngg-simplelightbox\" rel=\"26ccd2247b92cde5cc196c70a70f797d\">\n\t\t\t\t<img\n\t\t\t\t\ttitle=\"IMG_3731\"\n\t\t\t\t\talt=\"IMG_3731\"\n\t\t\t\t\tsrc=\"https:\/\/flinke-flossen.de\/wp-content\/gallery\/zwischenlager\/thumbs\/thumbs_IMG_3731.JPG\"\n\t\t\t\t\twidth=\"240\"\n\t\t\t\t\theight=\"160\"\n\t\t\t\t\tstyle=\"max-width:100%;\"\n\t\t\t\t\/>\n\t\t\t<\/a>\n\t\t<\/div>\n\t\t\t\t\t\t\t<\/div> \n\t\t\t\n\t\t\t\t<div id=\"ngg-image-3\" class=\"ngg-gallery-thumbnail-box \n\t\t\t\t\t\t\t\t\t\t\t\" \n\t\t\t>\n\t\t\t\t\t\t<div class=\"ngg-gallery-thumbnail\">\n\t\t\t<a href=\"https:\/\/flinke-flossen.de\/wp-content\/gallery\/zwischenlager\/IMG_3730.JPG\"\n\t\t\t\ttitle=\"\"\n\t\t\t\tdata-src=\"https:\/\/flinke-flossen.de\/wp-content\/gallery\/zwischenlager\/IMG_3730.JPG\"\n\t\t\t\tdata-thumbnail=\"https:\/\/flinke-flossen.de\/wp-content\/gallery\/zwischenlager\/thumbs\/thumbs_IMG_3730.JPG\"\n\t\t\t\tdata-image-id=\"153\"\n\t\t\t\tdata-title=\"IMG_3730\"\n\t\t\t\tdata-description=\"\"\n\t\t\t\tdata-image-slug=\"img_3730\"\n\t\t\t\tclass=\"ngg-simplelightbox\" rel=\"26ccd2247b92cde5cc196c70a70f797d\">\n\t\t\t\t<img\n\t\t\t\t\ttitle=\"IMG_3730\"\n\t\t\t\t\talt=\"IMG_3730\"\n\t\t\t\t\tsrc=\"https:\/\/flinke-flossen.de\/wp-content\/gallery\/zwischenlager\/thumbs\/thumbs_IMG_3730.JPG\"\n\t\t\t\t\twidth=\"240\"\n\t\t\t\t\theight=\"160\"\n\t\t\t\t\tstyle=\"max-width:100%;\"\n\t\t\t\t\/>\n\t\t\t<\/a>\n\t\t<\/div>\n\t\t\t\t\t\t\t<\/div> \n\t\t\t\n\t\n\t<br style=\"clear: both\" \/>\n\n\t\n\t\t<!-- Pagination -->\n\t\t<div class='ngg-clear'><\/div>\t<\/div>\n\n","protected":false},"excerpt":{"rendered":"<p>Die R\u00e4umung unserer Basis im Freibad hat durch Eure tatkr\u00e4ftige Unterst\u00fctzung hervorragend geklappt, daf\u00fcr noch einmal vielen Dank. In unserem \u00dcbergangsdomizil wurde mittlerweile der Kompressor angeschlossen, die Flaschen, Jackets, Anz\u00fcge, Automaten gelagert. Der n\u00e4chsten Freiwassersaison steht also nichts im Wege.<\/p>\n","protected":false},"author":1,"featured_media":0,"parent":14,"menu_order":184,"comment_status":"closed","ping_status":"closed","template":"onecolumn-page.php","meta":{"ngg_post_thumbnail":0,"footnotes":""},"_links":{"self":[{"href":"https:\/\/flinke-flossen.de\/index.php?rest_route=\/wp\/v2\/pages\/855"}],"collection":[{"href":"https:\/\/flinke-flossen.de\/index.php?rest_route=\/wp\/v2\/pages"}],"about":[{"href":"https:\/\/flinke-flossen.de\/index.php?rest_route=\/wp\/v2\/types\/page"}],"author":[{"embeddable":true,"href":"https:\/\/flinke-flossen.de\/index.php?rest_route=\/wp\/v2\/users\/1"}],"replies":[{"embeddable":true,"href":"https:\/\/flinke-flossen.de\/index.php?rest_route=%2Fwp%2Fv2%2Fcomments&post=855"}],"version-history":[{"count":1,"href":"https:\/\/flinke-flossen.de\/index.php?rest_route=\/wp\/v2\/pages\/855\/revisions"}],"predecessor-version":[{"id":856,"href":"https:\/\/flinke-flossen.de\/index.php?rest_route=\/wp\/v2\/pages\/855\/revisions\/856"}],"up":[{"embeddable":true,"href":"https:\/\/flinke-flossen.de\/index.php?rest_route=\/wp\/v2\/pages\/14"}],"wp:attachment":[{"href":"https:\/\/flinke-flossen.de\/index.php?rest_route=%2Fwp%2Fv2%2Fmedia&parent=855"}],"curies":[{"name":"wp","href":"https:\/\/api.w.org\/{rel}","templated":true}]}}