{"id":774,"date":"2022-09-03T18:43:25","date_gmt":"2022-09-03T18:43:25","guid":{"rendered":"http:\/\/flinke-flossen.de\/?page_id=774"},"modified":"2022-09-03T18:47:29","modified_gmt":"2022-09-03T18:47:29","slug":"erste-hilfe-kurs","status":"publish","type":"page","link":"https:\/\/flinke-flossen.de\/?page_id=774","title":{"rendered":"Erste-Hilfe-Kurs"},"content":{"rendered":"\n<figure class=\"wp-block-image size-large is-resized\"><img loading=\"lazy\" decoding=\"async\" src=\"https:\/\/flinke-flossen.de\/wp-content\/uploads\/2022\/09\/IMG_4021-1024x768.jpg\" alt=\"\" class=\"wp-image-776\" width=\"621\" height=\"465\" srcset=\"https:\/\/flinke-flossen.de\/wp-content\/uploads\/2022\/09\/IMG_4021-1024x768.jpg 1024w, https:\/\/flinke-flossen.de\/wp-content\/uploads\/2022\/09\/IMG_4021-300x225.jpg 300w, https:\/\/flinke-flossen.de\/wp-content\/uploads\/2022\/09\/IMG_4021-768x576.jpg 768w, https:\/\/flinke-flossen.de\/wp-content\/uploads\/2022\/09\/IMG_4021-1536x1152.jpg 1536w, https:\/\/flinke-flossen.de\/wp-content\/uploads\/2022\/09\/IMG_4021-2048x1536.jpg 2048w\" sizes=\"(max-width: 621px) 100vw, 621px\" \/><\/figure>\n\n\n\n<p>Im November konnten wir f\u00fcr 20 Flinke-Flossen einen Erste-Hilfe-Kurs im JUZ durchf\u00fchren. Vielen Dank an Stefan von der DLRG Babenhausen f\u00fcr den kurzweiligen Tag.<\/p>\n","protected":false},"excerpt":{"rendered":"<p>Im November konnten wir f\u00fcr 20 Flinke-Flossen einen Erste-Hilfe-Kurs im JUZ durchf\u00fchren. Vielen Dank an Stefan von der DLRG Babenhausen f\u00fcr den kurzweiligen Tag.<\/p>\n","protected":false},"author":1,"featured_media":0,"parent":14,"menu_order":187,"comment_status":"closed","ping_status":"closed","template":"onecolumn-page.php","meta":{"ngg_post_thumbnail":0,"footnotes":""},"_links":{"self":[{"href":"https:\/\/flinke-flossen.de\/index.php?rest_route=\/wp\/v2\/pages\/774"}],"collection":[{"href":"https:\/\/flinke-flossen.de\/index.php?rest_route=\/wp\/v2\/pages"}],"about":[{"href":"https:\/\/flinke-flossen.de\/index.php?rest_route=\/wp\/v2\/types\/page"}],"author":[{"embeddable":true,"href":"https:\/\/flinke-flossen.de\/index.php?rest_route=\/wp\/v2\/users\/1"}],"replies":[{"embeddable":true,"href":"https:\/\/flinke-flossen.de\/index.php?rest_route=%2Fwp%2Fv2%2Fcomments&post=774"}],"version-history":[{"count":3,"href":"https:\/\/flinke-flossen.de\/index.php?rest_route=\/wp\/v2\/pages\/774\/revisions"}],"predecessor-version":[{"id":779,"href":"https:\/\/flinke-flossen.de\/index.php?rest_route=\/wp\/v2\/pages\/774\/revisions\/779"}],"up":[{"embeddable":true,"href":"https:\/\/flinke-flossen.de\/index.php?rest_route=\/wp\/v2\/pages\/14"}],"wp:attachment":[{"href":"https:\/\/flinke-flossen.de\/index.php?rest_route=%2Fwp%2Fv2%2Fmedia&parent=774"}],"curies":[{"name":"wp","href":"https:\/\/api.w.org\/{rel}","templated":true}]}}