{"id":588,"date":"2021-08-12T10:57:14","date_gmt":"2021-08-12T10:57:14","guid":{"rendered":"http:\/\/flinke-flossen.de\/?page_id=588"},"modified":"2021-08-12T11:02:58","modified_gmt":"2021-08-12T11:02:58","slug":"ausbildungswochenenden-2021","status":"publish","type":"page","link":"https:\/\/flinke-flossen.de\/?page_id=588","title":{"rendered":"Ausbildung 2021"},"content":{"rendered":"\n<p>Beim 2. Ausbildungswochenende am 7. und 8. August wurde in unserem hessischen Verbandssee in Sch\u00f6nbach getaucht. Nach dem Absolvieren der Apnoe-Tieftauch-\u00dcbungen f\u00fcr den 2. bzw. 3. Stern konnten hier einige der Aufstiegs\u00fcbungen durchgef\u00fchrt werden. Sowohl Teilnehmer als auch Ausbilder hatten gro\u00dfen Spa\u00df.<\/p>\n\n\n\n<figure class=\"wp-block-image size-large is-resized is-style-default\"><img loading=\"lazy\" decoding=\"async\" src=\"https:\/\/flinke-flossen.de\/wp-content\/uploads\/2021\/08\/Schoenbach-1024x576.jpg\" alt=\"\" class=\"wp-image-589\" width=\"644\" height=\"361\" srcset=\"https:\/\/flinke-flossen.de\/wp-content\/uploads\/2021\/08\/Schoenbach-1024x576.jpg 1024w, https:\/\/flinke-flossen.de\/wp-content\/uploads\/2021\/08\/Schoenbach-300x169.jpg 300w, https:\/\/flinke-flossen.de\/wp-content\/uploads\/2021\/08\/Schoenbach-768x432.jpg 768w, https:\/\/flinke-flossen.de\/wp-content\/uploads\/2021\/08\/Schoenbach.jpg 1328w\" sizes=\"(max-width: 644px) 100vw, 644px\" \/><\/figure>\n","protected":false},"excerpt":{"rendered":"<p>Beim 2. Ausbildungswochenende am 7. und 8. August wurde in unserem hessischen Verbandssee in Sch\u00f6nbach getaucht. Nach dem Absolvieren der Apnoe-Tieftauch-\u00dcbungen f\u00fcr den 2. bzw. 3. Stern konnten hier einige der Aufstiegs\u00fcbungen durchgef\u00fchrt werden. Sowohl Teilnehmer als auch Ausbilder hatten &hellip; <a href=\"https:\/\/flinke-flossen.de\/?page_id=588\">Weiterlesen <span class=\"meta-nav\">&rarr;<\/span><\/a><\/p>\n","protected":false},"author":1,"featured_media":0,"parent":14,"menu_order":189,"comment_status":"closed","ping_status":"closed","template":"onecolumn-page.php","meta":{"ngg_post_thumbnail":0,"footnotes":""},"_links":{"self":[{"href":"https:\/\/flinke-flossen.de\/index.php?rest_route=\/wp\/v2\/pages\/588"}],"collection":[{"href":"https:\/\/flinke-flossen.de\/index.php?rest_route=\/wp\/v2\/pages"}],"about":[{"href":"https:\/\/flinke-flossen.de\/index.php?rest_route=\/wp\/v2\/types\/page"}],"author":[{"embeddable":true,"href":"https:\/\/flinke-flossen.de\/index.php?rest_route=\/wp\/v2\/users\/1"}],"replies":[{"embeddable":true,"href":"https:\/\/flinke-flossen.de\/index.php?rest_route=%2Fwp%2Fv2%2Fcomments&post=588"}],"version-history":[{"count":3,"href":"https:\/\/flinke-flossen.de\/index.php?rest_route=\/wp\/v2\/pages\/588\/revisions"}],"predecessor-version":[{"id":595,"href":"https:\/\/flinke-flossen.de\/index.php?rest_route=\/wp\/v2\/pages\/588\/revisions\/595"}],"up":[{"embeddable":true,"href":"https:\/\/flinke-flossen.de\/index.php?rest_route=\/wp\/v2\/pages\/14"}],"wp:attachment":[{"href":"https:\/\/flinke-flossen.de\/index.php?rest_route=%2Fwp%2Fv2%2Fmedia&parent=588"}],"curies":[{"name":"wp","href":"https:\/\/api.w.org\/{rel}","templated":true}]}}