{"id":585,"date":"2021-08-12T10:54:23","date_gmt":"2021-08-12T10:54:23","guid":{"rendered":"http:\/\/flinke-flossen.de\/?page_id=585"},"modified":"2021-08-12T10:55:10","modified_gmt":"2021-08-12T10:55:10","slug":"ferienspiele-2021","status":"publish","type":"page","link":"https:\/\/flinke-flossen.de\/?page_id=585","title":{"rendered":"Ferienspiele 2021"},"content":{"rendered":"\n<p>Im Rahmen der Gro\u00df-Umst\u00e4dter Ferienspiele haben die Flinken-Flossen an 4 Tagen Schnuppertauchen f\u00fcr die Kids durchgef\u00fchrt. Das Angebot wurde reichlich wahrgenommen, mehr als 50 kleine Taucher entdeckten die Unterwasserwelt im Freibad Gro\u00df-Umstadt.<\/p>\n\n\n\n<figure class=\"wp-block-image size-large is-resized is-style-default\"><img loading=\"lazy\" decoding=\"async\" src=\"http:\/\/flinke-flossen.de\/wp-content\/uploads\/2021\/08\/29e56f2b-ae0a-4b94-8af8-9162bf1f05bc-1024x768.jpg\" alt=\"\" class=\"wp-image-577\" width=\"623\" height=\"467\" srcset=\"https:\/\/flinke-flossen.de\/wp-content\/uploads\/2021\/08\/29e56f2b-ae0a-4b94-8af8-9162bf1f05bc-1024x768.jpg 1024w, https:\/\/flinke-flossen.de\/wp-content\/uploads\/2021\/08\/29e56f2b-ae0a-4b94-8af8-9162bf1f05bc-300x225.jpg 300w, https:\/\/flinke-flossen.de\/wp-content\/uploads\/2021\/08\/29e56f2b-ae0a-4b94-8af8-9162bf1f05bc-768x576.jpg 768w, https:\/\/flinke-flossen.de\/wp-content\/uploads\/2021\/08\/29e56f2b-ae0a-4b94-8af8-9162bf1f05bc-1536x1152.jpg 1536w, https:\/\/flinke-flossen.de\/wp-content\/uploads\/2021\/08\/29e56f2b-ae0a-4b94-8af8-9162bf1f05bc.jpg 1600w\" sizes=\"(max-width: 623px) 100vw, 623px\" \/><\/figure>\n","protected":false},"excerpt":{"rendered":"<p>Im Rahmen der Gro\u00df-Umst\u00e4dter Ferienspiele haben die Flinken-Flossen an 4 Tagen Schnuppertauchen f\u00fcr die Kids durchgef\u00fchrt. Das Angebot wurde reichlich wahrgenommen, mehr als 50 kleine Taucher entdeckten die Unterwasserwelt im Freibad Gro\u00df-Umstadt.<\/p>\n","protected":false},"author":1,"featured_media":0,"parent":150,"menu_order":96,"comment_status":"closed","ping_status":"closed","template":"onecolumn-page.php","meta":{"ngg_post_thumbnail":0,"footnotes":""},"_links":{"self":[{"href":"https:\/\/flinke-flossen.de\/index.php?rest_route=\/wp\/v2\/pages\/585"}],"collection":[{"href":"https:\/\/flinke-flossen.de\/index.php?rest_route=\/wp\/v2\/pages"}],"about":[{"href":"https:\/\/flinke-flossen.de\/index.php?rest_route=\/wp\/v2\/types\/page"}],"author":[{"embeddable":true,"href":"https:\/\/flinke-flossen.de\/index.php?rest_route=\/wp\/v2\/users\/1"}],"replies":[{"embeddable":true,"href":"https:\/\/flinke-flossen.de\/index.php?rest_route=%2Fwp%2Fv2%2Fcomments&post=585"}],"version-history":[{"count":2,"href":"https:\/\/flinke-flossen.de\/index.php?rest_route=\/wp\/v2\/pages\/585\/revisions"}],"predecessor-version":[{"id":587,"href":"https:\/\/flinke-flossen.de\/index.php?rest_route=\/wp\/v2\/pages\/585\/revisions\/587"}],"up":[{"embeddable":true,"href":"https:\/\/flinke-flossen.de\/index.php?rest_route=\/wp\/v2\/pages\/150"}],"wp:attachment":[{"href":"https:\/\/flinke-flossen.de\/index.php?rest_route=%2Fwp%2Fv2%2Fmedia&parent=585"}],"curies":[{"name":"wp","href":"https:\/\/api.w.org\/{rel}","templated":true}]}}