{"id":427,"date":"2020-12-26T16:11:03","date_gmt":"2020-12-26T16:11:03","guid":{"rendered":"http:\/\/flinke-flossen.de\/?page_id=427"},"modified":"2021-02-16T10:05:57","modified_gmt":"2021-02-16T10:05:57","slug":"ausbildung","status":"publish","type":"page","link":"https:\/\/flinke-flossen.de\/?page_id=427","title":{"rendered":"Ausbildung"},"content":{"rendered":"\n<p>F\u00fcr alle Taucher gab es im Sommer wieder 3 Ausbildungswochenenden an verschiedenen Seen. So konnten Pr\u00fcfungstauchg\u00e4nge f\u00fcr die verschiedenen Brevets oder einfach nur \u00dcbungstauchg\u00e4nge absolviert werden.<\/p>\n\n\n\n<figure class=\"wp-block-image size-large is-resized\"><img loading=\"lazy\" decoding=\"async\" src=\"https:\/\/flinke-flossen.de\/wp-content\/uploads\/2020\/12\/Ausbildung-2020.jpg\" alt=\"\" class=\"wp-image-428\" width=\"598\" height=\"448\" srcset=\"https:\/\/flinke-flossen.de\/wp-content\/uploads\/2020\/12\/Ausbildung-2020.jpg 800w, https:\/\/flinke-flossen.de\/wp-content\/uploads\/2020\/12\/Ausbildung-2020-300x225.jpg 300w, https:\/\/flinke-flossen.de\/wp-content\/uploads\/2020\/12\/Ausbildung-2020-768x576.jpg 768w\" sizes=\"(max-width: 598px) 100vw, 598px\" \/><\/figure>\n","protected":false},"excerpt":{"rendered":"<p>F\u00fcr alle Taucher gab es im Sommer wieder 3 Ausbildungswochenenden an verschiedenen Seen. So konnten Pr\u00fcfungstauchg\u00e4nge f\u00fcr die verschiedenen Brevets oder einfach nur \u00dcbungstauchg\u00e4nge absolviert werden.<\/p>\n","protected":false},"author":1,"featured_media":0,"parent":14,"menu_order":193,"comment_status":"closed","ping_status":"closed","template":"onecolumn-page.php","meta":{"ngg_post_thumbnail":0,"footnotes":""},"_links":{"self":[{"href":"https:\/\/flinke-flossen.de\/index.php?rest_route=\/wp\/v2\/pages\/427"}],"collection":[{"href":"https:\/\/flinke-flossen.de\/index.php?rest_route=\/wp\/v2\/pages"}],"about":[{"href":"https:\/\/flinke-flossen.de\/index.php?rest_route=\/wp\/v2\/types\/page"}],"author":[{"embeddable":true,"href":"https:\/\/flinke-flossen.de\/index.php?rest_route=\/wp\/v2\/users\/1"}],"replies":[{"embeddable":true,"href":"https:\/\/flinke-flossen.de\/index.php?rest_route=%2Fwp%2Fv2%2Fcomments&post=427"}],"version-history":[{"count":3,"href":"https:\/\/flinke-flossen.de\/index.php?rest_route=\/wp\/v2\/pages\/427\/revisions"}],"predecessor-version":[{"id":524,"href":"https:\/\/flinke-flossen.de\/index.php?rest_route=\/wp\/v2\/pages\/427\/revisions\/524"}],"up":[{"embeddable":true,"href":"https:\/\/flinke-flossen.de\/index.php?rest_route=\/wp\/v2\/pages\/14"}],"wp:attachment":[{"href":"https:\/\/flinke-flossen.de\/index.php?rest_route=%2Fwp%2Fv2%2Fmedia&parent=427"}],"curies":[{"name":"wp","href":"https:\/\/api.w.org\/{rel}","templated":true}]}}