{"id":409,"date":"2020-08-30T13:17:50","date_gmt":"2020-08-30T13:17:50","guid":{"rendered":"http:\/\/flinke-flossen.de\/?page_id=409"},"modified":"2021-02-16T10:14:24","modified_gmt":"2021-02-16T10:14:24","slug":"jugend-wochenende-2020","status":"publish","type":"page","link":"https:\/\/flinke-flossen.de\/?page_id=409","title":{"rendered":"Jugend-Wochenende 2020"},"content":{"rendered":"\n<p>Unser allj\u00e4hrliches Zeltwochenende in St. Leon musste wegen Corona leider ausfallen, aber getaucht wurde nat\u00fcrlich trotzdem. 13 Kids und 7 Ausbilder hatten entspannte Tauchg\u00e4nge in Mannheim-Vogelstang und im Hardtsee in Babenhausen mit Barschen, Welsen und Hechten.<\/p>\n\n\n\n<!-- default-view.php -->\n<div\n\tclass=\"ngg-galleryoverview default-view \n\t\t\"\n\tid=\"ngg-gallery-60b2dc66694c47fa5f2fb16f6bcbc2df-1\">\n\n\t\t<!-- Thumbnails -->\n\t\t\t\t<div id=\"ngg-image-0\" class=\"ngg-gallery-thumbnail-box \n\t\t\t\t\t\t\t\tngg-3-columns\t\t\t\" \n\t\t\t>\n\t\t\t\t\t\t<div class=\"ngg-gallery-thumbnail\">\n\t\t\t<a href=\"https:\/\/flinke-flossen.de\/wp-content\/gallery\/jugend-2020\/WE2020-01.jpg\"\n\t\t\t\ttitle=\"\"\n\t\t\t\tdata-src=\"https:\/\/flinke-flossen.de\/wp-content\/gallery\/jugend-2020\/WE2020-01.jpg\"\n\t\t\t\tdata-thumbnail=\"https:\/\/flinke-flossen.de\/wp-content\/gallery\/jugend-2020\/thumbs\/thumbs_WE2020-01.jpg\"\n\t\t\t\tdata-image-id=\"103\"\n\t\t\t\tdata-title=\"Hardtsee\"\n\t\t\t\tdata-description=\"\"\n\t\t\t\tdata-image-slug=\"we2020-01\"\n\t\t\t\tclass=\"ngg-simplelightbox\" rel=\"60b2dc66694c47fa5f2fb16f6bcbc2df\">\n\t\t\t\t<img\n\t\t\t\t\ttitle=\"Hardtsee\"\n\t\t\t\t\talt=\"Hardtsee\"\n\t\t\t\t\tsrc=\"https:\/\/flinke-flossen.de\/wp-content\/gallery\/jugend-2020\/thumbs\/thumbs_WE2020-01.jpg\"\n\t\t\t\t\twidth=\"240\"\n\t\t\t\t\theight=\"160\"\n\t\t\t\t\tstyle=\"max-width:100%;\"\n\t\t\t\t\/>\n\t\t\t<\/a>\n\t\t<\/div>\n\t\t\t\t\t\t\t<\/div> \n\t\t\t\n\t\t\t\t<div id=\"ngg-image-1\" class=\"ngg-gallery-thumbnail-box \n\t\t\t\t\t\t\t\tngg-3-columns\t\t\t\" \n\t\t\t>\n\t\t\t\t\t\t<div class=\"ngg-gallery-thumbnail\">\n\t\t\t<a href=\"https:\/\/flinke-flossen.de\/wp-content\/gallery\/jugend-2020\/WE2020-02.jpg\"\n\t\t\t\ttitle=\"\"\n\t\t\t\tdata-src=\"https:\/\/flinke-flossen.de\/wp-content\/gallery\/jugend-2020\/WE2020-02.jpg\"\n\t\t\t\tdata-thumbnail=\"https:\/\/flinke-flossen.de\/wp-content\/gallery\/jugend-2020\/thumbs\/thumbs_WE2020-02.jpg\"\n\t\t\t\tdata-image-id=\"104\"\n\t\t\t\tdata-title=\"Gleich gehts los\"\n\t\t\t\tdata-description=\"\"\n\t\t\t\tdata-image-slug=\"we2020-02\"\n\t\t\t\tclass=\"ngg-simplelightbox\" rel=\"60b2dc66694c47fa5f2fb16f6bcbc2df\">\n\t\t\t\t<img\n\t\t\t\t\ttitle=\"Gleich gehts los\"\n\t\t\t\t\talt=\"Gleich gehts los\"\n\t\t\t\t\tsrc=\"https:\/\/flinke-flossen.de\/wp-content\/gallery\/jugend-2020\/thumbs\/thumbs_WE2020-02.jpg\"\n\t\t\t\t\twidth=\"240\"\n\t\t\t\t\theight=\"160\"\n\t\t\t\t\tstyle=\"max-width:100%;\"\n\t\t\t\t\/>\n\t\t\t<\/a>\n\t\t<\/div>\n\t\t\t\t\t\t\t<\/div> \n\t\t\t\n\t\t\t\t<div id=\"ngg-image-2\" class=\"ngg-gallery-thumbnail-box \n\t\t\t\t\t\t\t\tngg-3-columns\t\t\t\" \n\t\t\t>\n\t\t\t\t\t\t<div class=\"ngg-gallery-thumbnail\">\n\t\t\t<a href=\"https:\/\/flinke-flossen.de\/wp-content\/gallery\/jugend-2020\/WE2020-03.jpg\"\n\t\t\t\ttitle=\"\"\n\t\t\t\tdata-src=\"https:\/\/flinke-flossen.de\/wp-content\/gallery\/jugend-2020\/WE2020-03.jpg\"\n\t\t\t\tdata-thumbnail=\"https:\/\/flinke-flossen.de\/wp-content\/gallery\/jugend-2020\/thumbs\/thumbs_WE2020-03.jpg\"\n\t\t\t\tdata-image-id=\"105\"\n\t\t\t\tdata-title=\"Vogelstang\"\n\t\t\t\tdata-description=\"\"\n\t\t\t\tdata-image-slug=\"we2020-03\"\n\t\t\t\tclass=\"ngg-simplelightbox\" rel=\"60b2dc66694c47fa5f2fb16f6bcbc2df\">\n\t\t\t\t<img\n\t\t\t\t\ttitle=\"Vogelstang\"\n\t\t\t\t\talt=\"Vogelstang\"\n\t\t\t\t\tsrc=\"https:\/\/flinke-flossen.de\/wp-content\/gallery\/jugend-2020\/thumbs\/thumbs_WE2020-03.jpg\"\n\t\t\t\t\twidth=\"240\"\n\t\t\t\t\theight=\"160\"\n\t\t\t\t\tstyle=\"max-width:100%;\"\n\t\t\t\t\/>\n\t\t\t<\/a>\n\t\t<\/div>\n\t\t\t\t\t\t\t<\/div> \n\t\t\t\n\t\t\t\t<div id=\"ngg-image-3\" class=\"ngg-gallery-thumbnail-box \n\t\t\t\t\t\t\t\tngg-3-columns\t\t\t\" \n\t\t\t>\n\t\t\t\t\t\t<div class=\"ngg-gallery-thumbnail\">\n\t\t\t<a href=\"https:\/\/flinke-flossen.de\/wp-content\/gallery\/jugend-2020\/WE2020-04.jpg\"\n\t\t\t\ttitle=\"\"\n\t\t\t\tdata-src=\"https:\/\/flinke-flossen.de\/wp-content\/gallery\/jugend-2020\/WE2020-04.jpg\"\n\t\t\t\tdata-thumbnail=\"https:\/\/flinke-flossen.de\/wp-content\/gallery\/jugend-2020\/thumbs\/thumbs_WE2020-04.jpg\"\n\t\t\t\tdata-image-id=\"106\"\n\t\t\t\tdata-title=\"alles ok?\"\n\t\t\t\tdata-description=\"\"\n\t\t\t\tdata-image-slug=\"we2020-04\"\n\t\t\t\tclass=\"ngg-simplelightbox\" rel=\"60b2dc66694c47fa5f2fb16f6bcbc2df\">\n\t\t\t\t<img\n\t\t\t\t\ttitle=\"alles ok?\"\n\t\t\t\t\talt=\"alles ok?\"\n\t\t\t\t\tsrc=\"https:\/\/flinke-flossen.de\/wp-content\/gallery\/jugend-2020\/thumbs\/thumbs_WE2020-04.jpg\"\n\t\t\t\t\twidth=\"240\"\n\t\t\t\t\theight=\"160\"\n\t\t\t\t\tstyle=\"max-width:100%;\"\n\t\t\t\t\/>\n\t\t\t<\/a>\n\t\t<\/div>\n\t\t\t\t\t\t\t<\/div> \n\t\t\t\n\t\t\t\t<div id=\"ngg-image-4\" class=\"ngg-gallery-thumbnail-box \n\t\t\t\t\t\t\t\tngg-3-columns\t\t\t\" \n\t\t\t>\n\t\t\t\t\t\t<div class=\"ngg-gallery-thumbnail\">\n\t\t\t<a href=\"https:\/\/flinke-flossen.de\/wp-content\/gallery\/jugend-2020\/WE2020-05.jpg\"\n\t\t\t\ttitle=\"\"\n\t\t\t\tdata-src=\"https:\/\/flinke-flossen.de\/wp-content\/gallery\/jugend-2020\/WE2020-05.jpg\"\n\t\t\t\tdata-thumbnail=\"https:\/\/flinke-flossen.de\/wp-content\/gallery\/jugend-2020\/thumbs\/thumbs_WE2020-05.jpg\"\n\t\t\t\tdata-image-id=\"107\"\n\t\t\t\tdata-title=\"Vogelstang\"\n\t\t\t\tdata-description=\"\"\n\t\t\t\tdata-image-slug=\"we2020-05\"\n\t\t\t\tclass=\"ngg-simplelightbox\" rel=\"60b2dc66694c47fa5f2fb16f6bcbc2df\">\n\t\t\t\t<img\n\t\t\t\t\ttitle=\"Vogelstang\"\n\t\t\t\t\talt=\"Vogelstang\"\n\t\t\t\t\tsrc=\"https:\/\/flinke-flossen.de\/wp-content\/gallery\/jugend-2020\/thumbs\/thumbs_WE2020-05.jpg\"\n\t\t\t\t\twidth=\"240\"\n\t\t\t\t\theight=\"160\"\n\t\t\t\t\tstyle=\"max-width:100%;\"\n\t\t\t\t\/>\n\t\t\t<\/a>\n\t\t<\/div>\n\t\t\t\t\t\t\t<\/div> \n\t\t\t\n\t\t\t\t<div id=\"ngg-image-5\" class=\"ngg-gallery-thumbnail-box \n\t\t\t\t\t\t\t\tngg-3-columns\t\t\t\" \n\t\t\t>\n\t\t\t\t\t\t<div class=\"ngg-gallery-thumbnail\">\n\t\t\t<a href=\"https:\/\/flinke-flossen.de\/wp-content\/gallery\/jugend-2020\/WE2020-06.jpg\"\n\t\t\t\ttitle=\"\"\n\t\t\t\tdata-src=\"https:\/\/flinke-flossen.de\/wp-content\/gallery\/jugend-2020\/WE2020-06.jpg\"\n\t\t\t\tdata-thumbnail=\"https:\/\/flinke-flossen.de\/wp-content\/gallery\/jugend-2020\/thumbs\/thumbs_WE2020-06.jpg\"\n\t\t\t\tdata-image-id=\"108\"\n\t\t\t\tdata-title=\"Einstieg Vogelstang\"\n\t\t\t\tdata-description=\"\"\n\t\t\t\tdata-image-slug=\"we2020-06\"\n\t\t\t\tclass=\"ngg-simplelightbox\" rel=\"60b2dc66694c47fa5f2fb16f6bcbc2df\">\n\t\t\t\t<img\n\t\t\t\t\ttitle=\"Einstieg Vogelstang\"\n\t\t\t\t\talt=\"Einstieg Vogelstang\"\n\t\t\t\t\tsrc=\"https:\/\/flinke-flossen.de\/wp-content\/gallery\/jugend-2020\/thumbs\/thumbs_WE2020-06.jpg\"\n\t\t\t\t\twidth=\"240\"\n\t\t\t\t\theight=\"160\"\n\t\t\t\t\tstyle=\"max-width:100%;\"\n\t\t\t\t\/>\n\t\t\t<\/a>\n\t\t<\/div>\n\t\t\t\t\t\t\t<\/div> \n\t\t\t\n\t\t\t\t<div id=\"ngg-image-6\" class=\"ngg-gallery-thumbnail-box \n\t\t\t\t\t\t\t\tngg-3-columns\t\t\t\" \n\t\t\t>\n\t\t\t\t\t\t<div class=\"ngg-gallery-thumbnail\">\n\t\t\t<a href=\"https:\/\/flinke-flossen.de\/wp-content\/gallery\/jugend-2020\/WE2020-07.jpg\"\n\t\t\t\ttitle=\"\"\n\t\t\t\tdata-src=\"https:\/\/flinke-flossen.de\/wp-content\/gallery\/jugend-2020\/WE2020-07.jpg\"\n\t\t\t\tdata-thumbnail=\"https:\/\/flinke-flossen.de\/wp-content\/gallery\/jugend-2020\/thumbs\/thumbs_WE2020-07.jpg\"\n\t\t\t\tdata-image-id=\"109\"\n\t\t\t\tdata-title=\"Vogelstang\"\n\t\t\t\tdata-description=\"\"\n\t\t\t\tdata-image-slug=\"we2020-07\"\n\t\t\t\tclass=\"ngg-simplelightbox\" rel=\"60b2dc66694c47fa5f2fb16f6bcbc2df\">\n\t\t\t\t<img\n\t\t\t\t\ttitle=\"Vogelstang\"\n\t\t\t\t\talt=\"Vogelstang\"\n\t\t\t\t\tsrc=\"https:\/\/flinke-flossen.de\/wp-content\/gallery\/jugend-2020\/thumbs\/thumbs_WE2020-07.jpg\"\n\t\t\t\t\twidth=\"240\"\n\t\t\t\t\theight=\"160\"\n\t\t\t\t\tstyle=\"max-width:100%;\"\n\t\t\t\t\/>\n\t\t\t<\/a>\n\t\t<\/div>\n\t\t\t\t\t\t\t<\/div> \n\t\t\t\n\t\t\t\t<div id=\"ngg-image-7\" class=\"ngg-gallery-thumbnail-box \n\t\t\t\t\t\t\t\tngg-3-columns\t\t\t\" \n\t\t\t>\n\t\t\t\t\t\t<div class=\"ngg-gallery-thumbnail\">\n\t\t\t<a href=\"https:\/\/flinke-flossen.de\/wp-content\/gallery\/jugend-2020\/WE2020-08.jpg\"\n\t\t\t\ttitle=\"\"\n\t\t\t\tdata-src=\"https:\/\/flinke-flossen.de\/wp-content\/gallery\/jugend-2020\/WE2020-08.jpg\"\n\t\t\t\tdata-thumbnail=\"https:\/\/flinke-flossen.de\/wp-content\/gallery\/jugend-2020\/thumbs\/thumbs_WE2020-08.jpg\"\n\t\t\t\tdata-image-id=\"110\"\n\t\t\t\tdata-title=\"Tauchertaufe\"\n\t\t\t\tdata-description=\"\"\n\t\t\t\tdata-image-slug=\"we2020-08\"\n\t\t\t\tclass=\"ngg-simplelightbox\" rel=\"60b2dc66694c47fa5f2fb16f6bcbc2df\">\n\t\t\t\t<img\n\t\t\t\t\ttitle=\"Tauchertaufe\"\n\t\t\t\t\talt=\"Tauchertaufe\"\n\t\t\t\t\tsrc=\"https:\/\/flinke-flossen.de\/wp-content\/gallery\/jugend-2020\/thumbs\/thumbs_WE2020-08.jpg\"\n\t\t\t\t\twidth=\"240\"\n\t\t\t\t\theight=\"160\"\n\t\t\t\t\tstyle=\"max-width:100%;\"\n\t\t\t\t\/>\n\t\t\t<\/a>\n\t\t<\/div>\n\t\t\t\t\t\t\t<\/div> \n\t\t\t\n\t\n\t<br style=\"clear: both\" \/>\n\n\t\n\t\t<!-- Pagination -->\n\t\t<div class='ngg-clear'><\/div>\t<\/div>\n\n","protected":false},"excerpt":{"rendered":"<p>Unser allj\u00e4hrliches Zeltwochenende in St. Leon musste wegen Corona leider ausfallen, aber getaucht wurde nat\u00fcrlich trotzdem. 13 Kids und 7 Ausbilder hatten entspannte Tauchg\u00e4nge in Mannheim-Vogelstang und im Hardtsee in Babenhausen mit Barschen, Welsen und Hechten.<\/p>\n","protected":false},"author":1,"featured_media":0,"parent":150,"menu_order":97,"comment_status":"closed","ping_status":"closed","template":"onecolumn-page.php","meta":{"ngg_post_thumbnail":0,"footnotes":""},"_links":{"self":[{"href":"https:\/\/flinke-flossen.de\/index.php?rest_route=\/wp\/v2\/pages\/409"}],"collection":[{"href":"https:\/\/flinke-flossen.de\/index.php?rest_route=\/wp\/v2\/pages"}],"about":[{"href":"https:\/\/flinke-flossen.de\/index.php?rest_route=\/wp\/v2\/types\/page"}],"author":[{"embeddable":true,"href":"https:\/\/flinke-flossen.de\/index.php?rest_route=\/wp\/v2\/users\/1"}],"replies":[{"embeddable":true,"href":"https:\/\/flinke-flossen.de\/index.php?rest_route=%2Fwp%2Fv2%2Fcomments&post=409"}],"version-history":[{"count":2,"href":"https:\/\/flinke-flossen.de\/index.php?rest_route=\/wp\/v2\/pages\/409\/revisions"}],"predecessor-version":[{"id":535,"href":"https:\/\/flinke-flossen.de\/index.php?rest_route=\/wp\/v2\/pages\/409\/revisions\/535"}],"up":[{"embeddable":true,"href":"https:\/\/flinke-flossen.de\/index.php?rest_route=\/wp\/v2\/pages\/150"}],"wp:attachment":[{"href":"https:\/\/flinke-flossen.de\/index.php?rest_route=%2Fwp%2Fv2%2Fmedia&parent=409"}],"curies":[{"name":"wp","href":"https:\/\/api.w.org\/{rel}","templated":true}]}}