{"id":393,"date":"2020-08-20T16:34:16","date_gmt":"2020-08-20T16:34:16","guid":{"rendered":"http:\/\/flinke-flossen.de\/?page_id=393"},"modified":"2022-07-20T10:41:17","modified_gmt":"2022-07-20T10:41:17","slug":"einverstaendniserklaerung","status":"publish","type":"page","link":"https:\/\/flinke-flossen.de\/?page_id=393","title":{"rendered":"Einverst\u00e4ndniserkl\u00e4rung"},"content":{"rendered":"\n<p>F\u00fcr Freiwassertauchg\u00e4nge in Seen der Umgebung ben\u00f6tigen wir eine unterschriebene <a href=\"http:\/\/flinke-flossen.de\/wp-content\/uploads\/2020\/08\/Einverstaendniserklaerung.pdf\" target=\"ERKLAERUNG\" rel=\"noopener noreferrer\"> Einverst\u00e4ndniserkl\u00e4rung<\/a><\/p>\n\n\n\n<p>Entsprechend dem Lebensalter gelten im VDST folgende Maximaltiefenempfehlungen beim Ger\u00e4tetauchen:<\/p>\n\n\n\n<p>10 und 11 Jahre: 8 m Wassertiefe<br>12 und 13 Jahre: 12 m Wassertiefe<br>14 bis 17 Jahre: 25 m Wassertiefe<\/p>\n\n\n\n<p>16 und 17 Jahre in Begleitung eines erwachsenen Tauchpartners 40 m Wassertiefe<br>ab 18 Jahre 40 m Wassertiefe<\/p>\n\n\n\n<p><\/p>\n","protected":false},"excerpt":{"rendered":"<p>F\u00fcr Freiwassertauchg\u00e4nge in Seen der Umgebung ben\u00f6tigen wir eine unterschriebene Einverst\u00e4ndniserkl\u00e4rung Entsprechend dem Lebensalter gelten im VDST folgende Maximaltiefenempfehlungen beim Ger\u00e4tetauchen: 10 und 11 Jahre: 8 m Wassertiefe12 und 13 Jahre: 12 m Wassertiefe14 bis 17 Jahre: 25 m Wassertiefe &hellip; <a href=\"https:\/\/flinke-flossen.de\/?page_id=393\">Weiterlesen <span class=\"meta-nav\">&rarr;<\/span><\/a><\/p>\n","protected":false},"author":1,"featured_media":0,"parent":150,"menu_order":2,"comment_status":"closed","ping_status":"closed","template":"onecolumn-page.php","meta":{"ngg_post_thumbnail":0,"footnotes":""},"_links":{"self":[{"href":"https:\/\/flinke-flossen.de\/index.php?rest_route=\/wp\/v2\/pages\/393"}],"collection":[{"href":"https:\/\/flinke-flossen.de\/index.php?rest_route=\/wp\/v2\/pages"}],"about":[{"href":"https:\/\/flinke-flossen.de\/index.php?rest_route=\/wp\/v2\/types\/page"}],"author":[{"embeddable":true,"href":"https:\/\/flinke-flossen.de\/index.php?rest_route=\/wp\/v2\/users\/1"}],"replies":[{"embeddable":true,"href":"https:\/\/flinke-flossen.de\/index.php?rest_route=%2Fwp%2Fv2%2Fcomments&post=393"}],"version-history":[{"count":3,"href":"https:\/\/flinke-flossen.de\/index.php?rest_route=\/wp\/v2\/pages\/393\/revisions"}],"predecessor-version":[{"id":742,"href":"https:\/\/flinke-flossen.de\/index.php?rest_route=\/wp\/v2\/pages\/393\/revisions\/742"}],"up":[{"embeddable":true,"href":"https:\/\/flinke-flossen.de\/index.php?rest_route=\/wp\/v2\/pages\/150"}],"wp:attachment":[{"href":"https:\/\/flinke-flossen.de\/index.php?rest_route=%2Fwp%2Fv2%2Fmedia&parent=393"}],"curies":[{"name":"wp","href":"https:\/\/api.w.org\/{rel}","templated":true}]}}