{"id":338,"date":"2020-01-24T18:52:19","date_gmt":"2020-01-24T18:52:19","guid":{"rendered":"http:\/\/flinke-flossen.de\/?page_id=338"},"modified":"2021-09-12T11:54:30","modified_gmt":"2021-09-12T11:54:30","slug":"tamariu","status":"publish","type":"page","link":"https:\/\/flinke-flossen.de\/?page_id=338","title":{"rendered":"Tamariu &#8211; Vereinsfahrt 2019"},"content":{"rendered":"\n<p>Vereinsfahrt nach Tamariu in Spanien mit dem Bus \u2013 bequem, stressfrei und wie immer sehr lustig. Unter blauem Himmel und der warmen Sonne Spaniens konnten wir am sch\u00f6nen Hausriff mit vielen Fischen, Oktopussen, Mur\u00e4nen und sogar Seepferdchen die Unterwasserwelt erkunden. Aber auch Tauchfahrten auf dem alten Segelschiff Gabriela waren wundersch\u00f6n. An dieser Stelle ein ganz gro\u00dfes Lob an unsere jungen Ausbilder, ohne euch h\u00e4tten wir das nicht geschafft &#8211; wir waren 44 Teilnehmer, davon 30 Taucher!<\/p>\n\n\n\n<!-- default-view.php -->\n<div\n\tclass=\"ngg-galleryoverview default-view \n\t\t\"\n\tid=\"ngg-gallery-66897981515d3fd4f87b40e2beb4f7a5-1\">\n\n\t\t<!-- Thumbnails -->\n\t\t\t\t<div id=\"ngg-image-0\" class=\"ngg-gallery-thumbnail-box \n\t\t\t\t\t\t\t\tngg-3-columns\t\t\t\" \n\t\t\t>\n\t\t\t\t\t\t<div class=\"ngg-gallery-thumbnail\">\n\t\t\t<a href=\"https:\/\/flinke-flossen.de\/wp-content\/gallery\/tamariu-2019\/Tamariu-01.jpg\"\n\t\t\t\ttitle=\"Start in den Tag mit Yoga am Strand\"\n\t\t\t\tdata-src=\"https:\/\/flinke-flossen.de\/wp-content\/gallery\/tamariu-2019\/Tamariu-01.jpg\"\n\t\t\t\tdata-thumbnail=\"https:\/\/flinke-flossen.de\/wp-content\/gallery\/tamariu-2019\/thumbs\/thumbs_Tamariu-01.jpg\"\n\t\t\t\tdata-image-id=\"83\"\n\t\t\t\tdata-title=\"Start in den Tag mit Yoga am Strand\"\n\t\t\t\tdata-description=\"Start in den Tag mit Yoga am Strand\"\n\t\t\t\tdata-image-slug=\"tamariu-01\"\n\t\t\t\tclass=\"ngg-simplelightbox\" rel=\"66897981515d3fd4f87b40e2beb4f7a5\">\n\t\t\t\t<img\n\t\t\t\t\ttitle=\"Start in den Tag mit Yoga am Strand\"\n\t\t\t\t\talt=\"Start in den Tag mit Yoga am Strand\"\n\t\t\t\t\tsrc=\"https:\/\/flinke-flossen.de\/wp-content\/gallery\/tamariu-2019\/thumbs\/thumbs_Tamariu-01.jpg\"\n\t\t\t\t\twidth=\"240\"\n\t\t\t\t\theight=\"160\"\n\t\t\t\t\tstyle=\"max-width:100%;\"\n\t\t\t\t\/>\n\t\t\t<\/a>\n\t\t<\/div>\n\t\t\t\t\t\t\t<\/div> \n\t\t\t\n\t\t\t\t<div id=\"ngg-image-1\" class=\"ngg-gallery-thumbnail-box \n\t\t\t\t\t\t\t\tngg-3-columns\t\t\t\" \n\t\t\t>\n\t\t\t\t\t\t<div class=\"ngg-gallery-thumbnail\">\n\t\t\t<a href=\"https:\/\/flinke-flossen.de\/wp-content\/gallery\/tamariu-2019\/Tamariu-02.jpg\"\n\t\t\t\ttitle=\"Gabriela\"\n\t\t\t\tdata-src=\"https:\/\/flinke-flossen.de\/wp-content\/gallery\/tamariu-2019\/Tamariu-02.jpg\"\n\t\t\t\tdata-thumbnail=\"https:\/\/flinke-flossen.de\/wp-content\/gallery\/tamariu-2019\/thumbs\/thumbs_Tamariu-02.jpg\"\n\t\t\t\tdata-image-id=\"84\"\n\t\t\t\tdata-title=\"Gabriela\"\n\t\t\t\tdata-description=\"Gabriela\"\n\t\t\t\tdata-image-slug=\"tamariu-02\"\n\t\t\t\tclass=\"ngg-simplelightbox\" rel=\"66897981515d3fd4f87b40e2beb4f7a5\">\n\t\t\t\t<img\n\t\t\t\t\ttitle=\"Gabriela\"\n\t\t\t\t\talt=\"Gabriela\"\n\t\t\t\t\tsrc=\"https:\/\/flinke-flossen.de\/wp-content\/gallery\/tamariu-2019\/thumbs\/thumbs_Tamariu-02.jpg\"\n\t\t\t\t\twidth=\"240\"\n\t\t\t\t\theight=\"160\"\n\t\t\t\t\tstyle=\"max-width:100%;\"\n\t\t\t\t\/>\n\t\t\t<\/a>\n\t\t<\/div>\n\t\t\t\t\t\t\t<\/div> \n\t\t\t\n\t\t\t\t<div id=\"ngg-image-2\" class=\"ngg-gallery-thumbnail-box \n\t\t\t\t\t\t\t\tngg-3-columns\t\t\t\" \n\t\t\t>\n\t\t\t\t\t\t<div class=\"ngg-gallery-thumbnail\">\n\t\t\t<a href=\"https:\/\/flinke-flossen.de\/wp-content\/gallery\/tamariu-2019\/Tamariu-03.jpg\"\n\t\t\t\ttitle=\"Fische\"\n\t\t\t\tdata-src=\"https:\/\/flinke-flossen.de\/wp-content\/gallery\/tamariu-2019\/Tamariu-03.jpg\"\n\t\t\t\tdata-thumbnail=\"https:\/\/flinke-flossen.de\/wp-content\/gallery\/tamariu-2019\/thumbs\/thumbs_Tamariu-03.jpg\"\n\t\t\t\tdata-image-id=\"85\"\n\t\t\t\tdata-title=\"Fische\"\n\t\t\t\tdata-description=\"Fische\"\n\t\t\t\tdata-image-slug=\"tamariu-03\"\n\t\t\t\tclass=\"ngg-simplelightbox\" rel=\"66897981515d3fd4f87b40e2beb4f7a5\">\n\t\t\t\t<img\n\t\t\t\t\ttitle=\"Fische\"\n\t\t\t\t\talt=\"Fische\"\n\t\t\t\t\tsrc=\"https:\/\/flinke-flossen.de\/wp-content\/gallery\/tamariu-2019\/thumbs\/thumbs_Tamariu-03.jpg\"\n\t\t\t\t\twidth=\"240\"\n\t\t\t\t\theight=\"160\"\n\t\t\t\t\tstyle=\"max-width:100%;\"\n\t\t\t\t\/>\n\t\t\t<\/a>\n\t\t<\/div>\n\t\t\t\t\t\t\t<\/div> \n\t\t\t\n\t\t\t\t<div id=\"ngg-image-3\" class=\"ngg-gallery-thumbnail-box \n\t\t\t\t\t\t\t\tngg-3-columns\t\t\t\" \n\t\t\t>\n\t\t\t\t\t\t<div class=\"ngg-gallery-thumbnail\">\n\t\t\t<a href=\"https:\/\/flinke-flossen.de\/wp-content\/gallery\/tamariu-2019\/Tamariu-04.jpg\"\n\t\t\t\ttitle=\"Seestern\"\n\t\t\t\tdata-src=\"https:\/\/flinke-flossen.de\/wp-content\/gallery\/tamariu-2019\/Tamariu-04.jpg\"\n\t\t\t\tdata-thumbnail=\"https:\/\/flinke-flossen.de\/wp-content\/gallery\/tamariu-2019\/thumbs\/thumbs_Tamariu-04.jpg\"\n\t\t\t\tdata-image-id=\"86\"\n\t\t\t\tdata-title=\"Seestern\"\n\t\t\t\tdata-description=\"Seestern\"\n\t\t\t\tdata-image-slug=\"tamariu-04\"\n\t\t\t\tclass=\"ngg-simplelightbox\" rel=\"66897981515d3fd4f87b40e2beb4f7a5\">\n\t\t\t\t<img\n\t\t\t\t\ttitle=\"Seestern\"\n\t\t\t\t\talt=\"Seestern\"\n\t\t\t\t\tsrc=\"https:\/\/flinke-flossen.de\/wp-content\/gallery\/tamariu-2019\/thumbs\/thumbs_Tamariu-04.jpg\"\n\t\t\t\t\twidth=\"240\"\n\t\t\t\t\theight=\"160\"\n\t\t\t\t\tstyle=\"max-width:100%;\"\n\t\t\t\t\/>\n\t\t\t<\/a>\n\t\t<\/div>\n\t\t\t\t\t\t\t<\/div> \n\t\t\t\n\t\t\t\t<div id=\"ngg-image-4\" class=\"ngg-gallery-thumbnail-box \n\t\t\t\t\t\t\t\tngg-3-columns\t\t\t\" \n\t\t\t>\n\t\t\t\t\t\t<div class=\"ngg-gallery-thumbnail\">\n\t\t\t<a href=\"https:\/\/flinke-flossen.de\/wp-content\/gallery\/tamariu-2019\/Tamariu-05.jpg\"\n\t\t\t\ttitle=\"Barrakudas\"\n\t\t\t\tdata-src=\"https:\/\/flinke-flossen.de\/wp-content\/gallery\/tamariu-2019\/Tamariu-05.jpg\"\n\t\t\t\tdata-thumbnail=\"https:\/\/flinke-flossen.de\/wp-content\/gallery\/tamariu-2019\/thumbs\/thumbs_Tamariu-05.jpg\"\n\t\t\t\tdata-image-id=\"87\"\n\t\t\t\tdata-title=\"Barrakudas\"\n\t\t\t\tdata-description=\"Barrakudas\"\n\t\t\t\tdata-image-slug=\"tamariu-05\"\n\t\t\t\tclass=\"ngg-simplelightbox\" rel=\"66897981515d3fd4f87b40e2beb4f7a5\">\n\t\t\t\t<img\n\t\t\t\t\ttitle=\"Barrakudas\"\n\t\t\t\t\talt=\"Barrakudas\"\n\t\t\t\t\tsrc=\"https:\/\/flinke-flossen.de\/wp-content\/gallery\/tamariu-2019\/thumbs\/thumbs_Tamariu-05.jpg\"\n\t\t\t\t\twidth=\"240\"\n\t\t\t\t\theight=\"160\"\n\t\t\t\t\tstyle=\"max-width:100%;\"\n\t\t\t\t\/>\n\t\t\t<\/a>\n\t\t<\/div>\n\t\t\t\t\t\t\t<\/div> \n\t\t\t\n\t\t\t\t<div id=\"ngg-image-5\" class=\"ngg-gallery-thumbnail-box \n\t\t\t\t\t\t\t\tngg-3-columns\t\t\t\" \n\t\t\t>\n\t\t\t\t\t\t<div class=\"ngg-gallery-thumbnail\">\n\t\t\t<a href=\"https:\/\/flinke-flossen.de\/wp-content\/gallery\/tamariu-2019\/Tamariu-06.jpg\"\n\t\t\t\ttitle=\"Flinke Flossen\"\n\t\t\t\tdata-src=\"https:\/\/flinke-flossen.de\/wp-content\/gallery\/tamariu-2019\/Tamariu-06.jpg\"\n\t\t\t\tdata-thumbnail=\"https:\/\/flinke-flossen.de\/wp-content\/gallery\/tamariu-2019\/thumbs\/thumbs_Tamariu-06.jpg\"\n\t\t\t\tdata-image-id=\"88\"\n\t\t\t\tdata-title=\"Flinke Flossen\"\n\t\t\t\tdata-description=\"Flinke Flossen\"\n\t\t\t\tdata-image-slug=\"tamariu-06\"\n\t\t\t\tclass=\"ngg-simplelightbox\" rel=\"66897981515d3fd4f87b40e2beb4f7a5\">\n\t\t\t\t<img\n\t\t\t\t\ttitle=\"Flinke Flossen\"\n\t\t\t\t\talt=\"Flinke Flossen\"\n\t\t\t\t\tsrc=\"https:\/\/flinke-flossen.de\/wp-content\/gallery\/tamariu-2019\/thumbs\/thumbs_Tamariu-06.jpg\"\n\t\t\t\t\twidth=\"240\"\n\t\t\t\t\theight=\"160\"\n\t\t\t\t\tstyle=\"max-width:100%;\"\n\t\t\t\t\/>\n\t\t\t<\/a>\n\t\t<\/div>\n\t\t\t\t\t\t\t<\/div> \n\t\t\t\n\t\t\t\t<div id=\"ngg-image-6\" class=\"ngg-gallery-thumbnail-box \n\t\t\t\t\t\t\t\tngg-3-columns\t\t\t\" \n\t\t\t>\n\t\t\t\t\t\t<div class=\"ngg-gallery-thumbnail\">\n\t\t\t<a href=\"https:\/\/flinke-flossen.de\/wp-content\/gallery\/tamariu-2019\/Tamariu-07.jpg\"\n\t\t\t\ttitle=\"Unterwasserlandschaft\"\n\t\t\t\tdata-src=\"https:\/\/flinke-flossen.de\/wp-content\/gallery\/tamariu-2019\/Tamariu-07.jpg\"\n\t\t\t\tdata-thumbnail=\"https:\/\/flinke-flossen.de\/wp-content\/gallery\/tamariu-2019\/thumbs\/thumbs_Tamariu-07.jpg\"\n\t\t\t\tdata-image-id=\"89\"\n\t\t\t\tdata-title=\"Unterwasserlandschaft\"\n\t\t\t\tdata-description=\"Unterwasserlandschaft\"\n\t\t\t\tdata-image-slug=\"tamariu-07\"\n\t\t\t\tclass=\"ngg-simplelightbox\" rel=\"66897981515d3fd4f87b40e2beb4f7a5\">\n\t\t\t\t<img\n\t\t\t\t\ttitle=\"Unterwasserlandschaft\"\n\t\t\t\t\talt=\"Unterwasserlandschaft\"\n\t\t\t\t\tsrc=\"https:\/\/flinke-flossen.de\/wp-content\/gallery\/tamariu-2019\/thumbs\/thumbs_Tamariu-07.jpg\"\n\t\t\t\t\twidth=\"240\"\n\t\t\t\t\theight=\"160\"\n\t\t\t\t\tstyle=\"max-width:100%;\"\n\t\t\t\t\/>\n\t\t\t<\/a>\n\t\t<\/div>\n\t\t\t\t\t\t\t<\/div> \n\t\t\t\n\t\t\t\t<div id=\"ngg-image-7\" class=\"ngg-gallery-thumbnail-box \n\t\t\t\t\t\t\t\tngg-3-columns\t\t\t\" \n\t\t\t>\n\t\t\t\t\t\t<div class=\"ngg-gallery-thumbnail\">\n\t\t\t<a href=\"https:\/\/flinke-flossen.de\/wp-content\/gallery\/tamariu-2019\/Tamariu-08.jpg\"\n\t\t\t\ttitle=\"Schnecke\"\n\t\t\t\tdata-src=\"https:\/\/flinke-flossen.de\/wp-content\/gallery\/tamariu-2019\/Tamariu-08.jpg\"\n\t\t\t\tdata-thumbnail=\"https:\/\/flinke-flossen.de\/wp-content\/gallery\/tamariu-2019\/thumbs\/thumbs_Tamariu-08.jpg\"\n\t\t\t\tdata-image-id=\"90\"\n\t\t\t\tdata-title=\"Schnecke\"\n\t\t\t\tdata-description=\"Schnecke\"\n\t\t\t\tdata-image-slug=\"tamariu-08\"\n\t\t\t\tclass=\"ngg-simplelightbox\" rel=\"66897981515d3fd4f87b40e2beb4f7a5\">\n\t\t\t\t<img\n\t\t\t\t\ttitle=\"Schnecke\"\n\t\t\t\t\talt=\"Schnecke\"\n\t\t\t\t\tsrc=\"https:\/\/flinke-flossen.de\/wp-content\/gallery\/tamariu-2019\/thumbs\/thumbs_Tamariu-08.jpg\"\n\t\t\t\t\twidth=\"240\"\n\t\t\t\t\theight=\"160\"\n\t\t\t\t\tstyle=\"max-width:100%;\"\n\t\t\t\t\/>\n\t\t\t<\/a>\n\t\t<\/div>\n\t\t\t\t\t\t\t<\/div> \n\t\t\t\n\t\t\t\t<div id=\"ngg-image-8\" class=\"ngg-gallery-thumbnail-box \n\t\t\t\t\t\t\t\tngg-3-columns\t\t\t\" \n\t\t\t>\n\t\t\t\t\t\t<div class=\"ngg-gallery-thumbnail\">\n\t\t\t<a href=\"https:\/\/flinke-flossen.de\/wp-content\/gallery\/tamariu-2019\/Tamariu-09.jpg\"\n\t\t\t\ttitle=\"Oktopus\"\n\t\t\t\tdata-src=\"https:\/\/flinke-flossen.de\/wp-content\/gallery\/tamariu-2019\/Tamariu-09.jpg\"\n\t\t\t\tdata-thumbnail=\"https:\/\/flinke-flossen.de\/wp-content\/gallery\/tamariu-2019\/thumbs\/thumbs_Tamariu-09.jpg\"\n\t\t\t\tdata-image-id=\"91\"\n\t\t\t\tdata-title=\"Oktopus\"\n\t\t\t\tdata-description=\"Oktopus\"\n\t\t\t\tdata-image-slug=\"tamariu-09\"\n\t\t\t\tclass=\"ngg-simplelightbox\" rel=\"66897981515d3fd4f87b40e2beb4f7a5\">\n\t\t\t\t<img\n\t\t\t\t\ttitle=\"Oktopus\"\n\t\t\t\t\talt=\"Oktopus\"\n\t\t\t\t\tsrc=\"https:\/\/flinke-flossen.de\/wp-content\/gallery\/tamariu-2019\/thumbs\/thumbs_Tamariu-09.jpg\"\n\t\t\t\t\twidth=\"240\"\n\t\t\t\t\theight=\"160\"\n\t\t\t\t\tstyle=\"max-width:100%;\"\n\t\t\t\t\/>\n\t\t\t<\/a>\n\t\t<\/div>\n\t\t\t\t\t\t\t<\/div> \n\t\t\t\n\t\t\t\t<div id=\"ngg-image-9\" class=\"ngg-gallery-thumbnail-box \n\t\t\t\t\t\t\t\tngg-3-columns\t\t\t\" \n\t\t\t>\n\t\t\t\t\t\t<div class=\"ngg-gallery-thumbnail\">\n\t\t\t<a href=\"https:\/\/flinke-flossen.de\/wp-content\/gallery\/tamariu-2019\/Tamariu-10.jpg\"\n\t\t\t\ttitle=\"freischwimmende Mur\u00e4ne\"\n\t\t\t\tdata-src=\"https:\/\/flinke-flossen.de\/wp-content\/gallery\/tamariu-2019\/Tamariu-10.jpg\"\n\t\t\t\tdata-thumbnail=\"https:\/\/flinke-flossen.de\/wp-content\/gallery\/tamariu-2019\/thumbs\/thumbs_Tamariu-10.jpg\"\n\t\t\t\tdata-image-id=\"92\"\n\t\t\t\tdata-title=\"freischwimmende Mur\u00e4ne\"\n\t\t\t\tdata-description=\"freischwimmende Mur\u00e4ne\"\n\t\t\t\tdata-image-slug=\"tamariu-10\"\n\t\t\t\tclass=\"ngg-simplelightbox\" rel=\"66897981515d3fd4f87b40e2beb4f7a5\">\n\t\t\t\t<img\n\t\t\t\t\ttitle=\"freischwimmende Mur\u00e4ne\"\n\t\t\t\t\talt=\"freischwimmende Mur\u00e4ne\"\n\t\t\t\t\tsrc=\"https:\/\/flinke-flossen.de\/wp-content\/gallery\/tamariu-2019\/thumbs\/thumbs_Tamariu-10.jpg\"\n\t\t\t\t\twidth=\"240\"\n\t\t\t\t\theight=\"160\"\n\t\t\t\t\tstyle=\"max-width:100%;\"\n\t\t\t\t\/>\n\t\t\t<\/a>\n\t\t<\/div>\n\t\t\t\t\t\t\t<\/div> \n\t\t\t\n\t\t\t\t<div id=\"ngg-image-10\" class=\"ngg-gallery-thumbnail-box \n\t\t\t\t\t\t\t\tngg-3-columns\t\t\t\" \n\t\t\t>\n\t\t\t\t\t\t<div class=\"ngg-gallery-thumbnail\">\n\t\t\t<a href=\"https:\/\/flinke-flossen.de\/wp-content\/gallery\/tamariu-2019\/Tamariu-11.jpg\"\n\t\t\t\ttitle=\"Languste\"\n\t\t\t\tdata-src=\"https:\/\/flinke-flossen.de\/wp-content\/gallery\/tamariu-2019\/Tamariu-11.jpg\"\n\t\t\t\tdata-thumbnail=\"https:\/\/flinke-flossen.de\/wp-content\/gallery\/tamariu-2019\/thumbs\/thumbs_Tamariu-11.jpg\"\n\t\t\t\tdata-image-id=\"93\"\n\t\t\t\tdata-title=\"Languste\"\n\t\t\t\tdata-description=\"Languste\"\n\t\t\t\tdata-image-slug=\"tamariu-11\"\n\t\t\t\tclass=\"ngg-simplelightbox\" rel=\"66897981515d3fd4f87b40e2beb4f7a5\">\n\t\t\t\t<img\n\t\t\t\t\ttitle=\"Languste\"\n\t\t\t\t\talt=\"Languste\"\n\t\t\t\t\tsrc=\"https:\/\/flinke-flossen.de\/wp-content\/gallery\/tamariu-2019\/thumbs\/thumbs_Tamariu-11.jpg\"\n\t\t\t\t\twidth=\"240\"\n\t\t\t\t\theight=\"160\"\n\t\t\t\t\tstyle=\"max-width:100%;\"\n\t\t\t\t\/>\n\t\t\t<\/a>\n\t\t<\/div>\n\t\t\t\t\t\t\t<\/div> \n\t\t\t\n\t\t\t\t<div id=\"ngg-image-11\" class=\"ngg-gallery-thumbnail-box \n\t\t\t\t\t\t\t\tngg-3-columns\t\t\t\" \n\t\t\t>\n\t\t\t\t\t\t<div class=\"ngg-gallery-thumbnail\">\n\t\t\t<a href=\"https:\/\/flinke-flossen.de\/wp-content\/gallery\/tamariu-2019\/Tamariu-12.jpg\"\n\t\t\t\ttitle=\"entspannter 5m-Stopp\"\n\t\t\t\tdata-src=\"https:\/\/flinke-flossen.de\/wp-content\/gallery\/tamariu-2019\/Tamariu-12.jpg\"\n\t\t\t\tdata-thumbnail=\"https:\/\/flinke-flossen.de\/wp-content\/gallery\/tamariu-2019\/thumbs\/thumbs_Tamariu-12.jpg\"\n\t\t\t\tdata-image-id=\"94\"\n\t\t\t\tdata-title=\"entspannter 5m-Stopp\"\n\t\t\t\tdata-description=\"entspannter 5m-Stopp\"\n\t\t\t\tdata-image-slug=\"tamariu-12\"\n\t\t\t\tclass=\"ngg-simplelightbox\" rel=\"66897981515d3fd4f87b40e2beb4f7a5\">\n\t\t\t\t<img\n\t\t\t\t\ttitle=\"entspannter 5m-Stopp\"\n\t\t\t\t\talt=\"entspannter 5m-Stopp\"\n\t\t\t\t\tsrc=\"https:\/\/flinke-flossen.de\/wp-content\/gallery\/tamariu-2019\/thumbs\/thumbs_Tamariu-12.jpg\"\n\t\t\t\t\twidth=\"240\"\n\t\t\t\t\theight=\"160\"\n\t\t\t\t\tstyle=\"max-width:100%;\"\n\t\t\t\t\/>\n\t\t\t<\/a>\n\t\t<\/div>\n\t\t\t\t\t\t\t<\/div> \n\t\t\t\n\t\t\t\t<div id=\"ngg-image-12\" class=\"ngg-gallery-thumbnail-box \n\t\t\t\t\t\t\t\tngg-3-columns\t\t\t\" \n\t\t\t>\n\t\t\t\t\t\t<div class=\"ngg-gallery-thumbnail\">\n\t\t\t<a href=\"https:\/\/flinke-flossen.de\/wp-content\/gallery\/tamariu-2019\/Tamariu-13.jpg\"\n\t\t\t\ttitle=\"Drachenkopf\"\n\t\t\t\tdata-src=\"https:\/\/flinke-flossen.de\/wp-content\/gallery\/tamariu-2019\/Tamariu-13.jpg\"\n\t\t\t\tdata-thumbnail=\"https:\/\/flinke-flossen.de\/wp-content\/gallery\/tamariu-2019\/thumbs\/thumbs_Tamariu-13.jpg\"\n\t\t\t\tdata-image-id=\"95\"\n\t\t\t\tdata-title=\"Drachenkopf\"\n\t\t\t\tdata-description=\"Drachenkopf\"\n\t\t\t\tdata-image-slug=\"tamariu-13\"\n\t\t\t\tclass=\"ngg-simplelightbox\" rel=\"66897981515d3fd4f87b40e2beb4f7a5\">\n\t\t\t\t<img\n\t\t\t\t\ttitle=\"Drachenkopf\"\n\t\t\t\t\talt=\"Drachenkopf\"\n\t\t\t\t\tsrc=\"https:\/\/flinke-flossen.de\/wp-content\/gallery\/tamariu-2019\/thumbs\/thumbs_Tamariu-13.jpg\"\n\t\t\t\t\twidth=\"240\"\n\t\t\t\t\theight=\"160\"\n\t\t\t\t\tstyle=\"max-width:100%;\"\n\t\t\t\t\/>\n\t\t\t<\/a>\n\t\t<\/div>\n\t\t\t\t\t\t\t<\/div> \n\t\t\t\n\t\t\t\t<div id=\"ngg-image-13\" class=\"ngg-gallery-thumbnail-box \n\t\t\t\t\t\t\t\tngg-3-columns\t\t\t\" \n\t\t\t>\n\t\t\t\t\t\t<div class=\"ngg-gallery-thumbnail\">\n\t\t\t<a href=\"https:\/\/flinke-flossen.de\/wp-content\/gallery\/tamariu-2019\/Tamariu-14.jpg\"\n\t\t\t\ttitle=\"Seepferd\"\n\t\t\t\tdata-src=\"https:\/\/flinke-flossen.de\/wp-content\/gallery\/tamariu-2019\/Tamariu-14.jpg\"\n\t\t\t\tdata-thumbnail=\"https:\/\/flinke-flossen.de\/wp-content\/gallery\/tamariu-2019\/thumbs\/thumbs_Tamariu-14.jpg\"\n\t\t\t\tdata-image-id=\"96\"\n\t\t\t\tdata-title=\"Seepferd\"\n\t\t\t\tdata-description=\"Seepferd\"\n\t\t\t\tdata-image-slug=\"tamariu-14\"\n\t\t\t\tclass=\"ngg-simplelightbox\" rel=\"66897981515d3fd4f87b40e2beb4f7a5\">\n\t\t\t\t<img\n\t\t\t\t\ttitle=\"Seepferd\"\n\t\t\t\t\talt=\"Seepferd\"\n\t\t\t\t\tsrc=\"https:\/\/flinke-flossen.de\/wp-content\/gallery\/tamariu-2019\/thumbs\/thumbs_Tamariu-14.jpg\"\n\t\t\t\t\twidth=\"240\"\n\t\t\t\t\theight=\"160\"\n\t\t\t\t\tstyle=\"max-width:100%;\"\n\t\t\t\t\/>\n\t\t\t<\/a>\n\t\t<\/div>\n\t\t\t\t\t\t\t<\/div> \n\t\t\t\n\t\t\t\t<div id=\"ngg-image-14\" class=\"ngg-gallery-thumbnail-box \n\t\t\t\t\t\t\t\tngg-3-columns\t\t\t\" \n\t\t\t>\n\t\t\t\t\t\t<div class=\"ngg-gallery-thumbnail\">\n\t\t\t<a href=\"https:\/\/flinke-flossen.de\/wp-content\/gallery\/tamariu-2019\/Tamariu-15.jpg\"\n\t\t\t\ttitle=\"Flinke Flossen\"\n\t\t\t\tdata-src=\"https:\/\/flinke-flossen.de\/wp-content\/gallery\/tamariu-2019\/Tamariu-15.jpg\"\n\t\t\t\tdata-thumbnail=\"https:\/\/flinke-flossen.de\/wp-content\/gallery\/tamariu-2019\/thumbs\/thumbs_Tamariu-15.jpg\"\n\t\t\t\tdata-image-id=\"97\"\n\t\t\t\tdata-title=\"Flinke Flossen\"\n\t\t\t\tdata-description=\"Flinke Flossen\"\n\t\t\t\tdata-image-slug=\"tamariu-15\"\n\t\t\t\tclass=\"ngg-simplelightbox\" rel=\"66897981515d3fd4f87b40e2beb4f7a5\">\n\t\t\t\t<img\n\t\t\t\t\ttitle=\"Flinke Flossen\"\n\t\t\t\t\talt=\"Flinke Flossen\"\n\t\t\t\t\tsrc=\"https:\/\/flinke-flossen.de\/wp-content\/gallery\/tamariu-2019\/thumbs\/thumbs_Tamariu-15.jpg\"\n\t\t\t\t\twidth=\"240\"\n\t\t\t\t\theight=\"160\"\n\t\t\t\t\tstyle=\"max-width:100%;\"\n\t\t\t\t\/>\n\t\t\t<\/a>\n\t\t<\/div>\n\t\t\t\t\t\t\t<\/div> \n\t\t\t\n\t\t\t\t<div id=\"ngg-image-15\" class=\"ngg-gallery-thumbnail-box \n\t\t\t\t\t\t\t\tngg-3-columns\t\t\t\" \n\t\t\t>\n\t\t\t\t\t\t<div class=\"ngg-gallery-thumbnail\">\n\t\t\t<a href=\"https:\/\/flinke-flossen.de\/wp-content\/gallery\/tamariu-2019\/Tamariu-16.jpg\"\n\t\t\t\ttitle=\"Flinke Flossen\"\n\t\t\t\tdata-src=\"https:\/\/flinke-flossen.de\/wp-content\/gallery\/tamariu-2019\/Tamariu-16.jpg\"\n\t\t\t\tdata-thumbnail=\"https:\/\/flinke-flossen.de\/wp-content\/gallery\/tamariu-2019\/thumbs\/thumbs_Tamariu-16.jpg\"\n\t\t\t\tdata-image-id=\"98\"\n\t\t\t\tdata-title=\"Flinke Flossen\"\n\t\t\t\tdata-description=\"Flinke Flossen\"\n\t\t\t\tdata-image-slug=\"tamariu-16\"\n\t\t\t\tclass=\"ngg-simplelightbox\" rel=\"66897981515d3fd4f87b40e2beb4f7a5\">\n\t\t\t\t<img\n\t\t\t\t\ttitle=\"Flinke Flossen\"\n\t\t\t\t\talt=\"Flinke Flossen\"\n\t\t\t\t\tsrc=\"https:\/\/flinke-flossen.de\/wp-content\/gallery\/tamariu-2019\/thumbs\/thumbs_Tamariu-16.jpg\"\n\t\t\t\t\twidth=\"240\"\n\t\t\t\t\theight=\"160\"\n\t\t\t\t\tstyle=\"max-width:100%;\"\n\t\t\t\t\/>\n\t\t\t<\/a>\n\t\t<\/div>\n\t\t\t\t\t\t\t<\/div> \n\t\t\t\n\t\t\t\t<div id=\"ngg-image-16\" class=\"ngg-gallery-thumbnail-box \n\t\t\t\t\t\t\t\tngg-3-columns\t\t\t\" \n\t\t\t>\n\t\t\t\t\t\t<div class=\"ngg-gallery-thumbnail\">\n\t\t\t<a href=\"https:\/\/flinke-flossen.de\/wp-content\/gallery\/tamariu-2019\/Tamariu-17.jpg\"\n\t\t\t\ttitle=\"Flinke Flossen\"\n\t\t\t\tdata-src=\"https:\/\/flinke-flossen.de\/wp-content\/gallery\/tamariu-2019\/Tamariu-17.jpg\"\n\t\t\t\tdata-thumbnail=\"https:\/\/flinke-flossen.de\/wp-content\/gallery\/tamariu-2019\/thumbs\/thumbs_Tamariu-17.jpg\"\n\t\t\t\tdata-image-id=\"99\"\n\t\t\t\tdata-title=\"Flinke Flossen\"\n\t\t\t\tdata-description=\"Flinke Flossen\"\n\t\t\t\tdata-image-slug=\"tamariu-17\"\n\t\t\t\tclass=\"ngg-simplelightbox\" rel=\"66897981515d3fd4f87b40e2beb4f7a5\">\n\t\t\t\t<img\n\t\t\t\t\ttitle=\"Flinke Flossen\"\n\t\t\t\t\talt=\"Flinke Flossen\"\n\t\t\t\t\tsrc=\"https:\/\/flinke-flossen.de\/wp-content\/gallery\/tamariu-2019\/thumbs\/thumbs_Tamariu-17.jpg\"\n\t\t\t\t\twidth=\"240\"\n\t\t\t\t\theight=\"160\"\n\t\t\t\t\tstyle=\"max-width:100%;\"\n\t\t\t\t\/>\n\t\t\t<\/a>\n\t\t<\/div>\n\t\t\t\t\t\t\t<\/div> \n\t\t\t\n\t\t\t\t<div id=\"ngg-image-17\" class=\"ngg-gallery-thumbnail-box \n\t\t\t\t\t\t\t\tngg-3-columns\t\t\t\" \n\t\t\t>\n\t\t\t\t\t\t<div class=\"ngg-gallery-thumbnail\">\n\t\t\t<a href=\"https:\/\/flinke-flossen.de\/wp-content\/gallery\/tamariu-2019\/Tamariu-18.jpg\"\n\t\t\t\ttitle=\"Gabriela\"\n\t\t\t\tdata-src=\"https:\/\/flinke-flossen.de\/wp-content\/gallery\/tamariu-2019\/Tamariu-18.jpg\"\n\t\t\t\tdata-thumbnail=\"https:\/\/flinke-flossen.de\/wp-content\/gallery\/tamariu-2019\/thumbs\/thumbs_Tamariu-18.jpg\"\n\t\t\t\tdata-image-id=\"100\"\n\t\t\t\tdata-title=\"Gabriela\"\n\t\t\t\tdata-description=\"Gabriela\"\n\t\t\t\tdata-image-slug=\"tamariu-18\"\n\t\t\t\tclass=\"ngg-simplelightbox\" rel=\"66897981515d3fd4f87b40e2beb4f7a5\">\n\t\t\t\t<img\n\t\t\t\t\ttitle=\"Gabriela\"\n\t\t\t\t\talt=\"Gabriela\"\n\t\t\t\t\tsrc=\"https:\/\/flinke-flossen.de\/wp-content\/gallery\/tamariu-2019\/thumbs\/thumbs_Tamariu-18.jpg\"\n\t\t\t\t\twidth=\"240\"\n\t\t\t\t\theight=\"160\"\n\t\t\t\t\tstyle=\"max-width:100%;\"\n\t\t\t\t\/>\n\t\t\t<\/a>\n\t\t<\/div>\n\t\t\t\t\t\t\t<\/div> \n\t\t\t\n\t\t\t\t<div id=\"ngg-image-18\" class=\"ngg-gallery-thumbnail-box \n\t\t\t\t\t\t\t\tngg-3-columns\t\t\t\" \n\t\t\t>\n\t\t\t\t\t\t<div class=\"ngg-gallery-thumbnail\">\n\t\t\t<a href=\"https:\/\/flinke-flossen.de\/wp-content\/gallery\/tamariu-2019\/Tamariu-19.jpg\"\n\t\t\t\ttitle=\"Fahrt zur\u00fcck nach dem Tauchgang\"\n\t\t\t\tdata-src=\"https:\/\/flinke-flossen.de\/wp-content\/gallery\/tamariu-2019\/Tamariu-19.jpg\"\n\t\t\t\tdata-thumbnail=\"https:\/\/flinke-flossen.de\/wp-content\/gallery\/tamariu-2019\/thumbs\/thumbs_Tamariu-19.jpg\"\n\t\t\t\tdata-image-id=\"101\"\n\t\t\t\tdata-title=\"Fahrt zur\u00fcck nach dem Tauchgang\"\n\t\t\t\tdata-description=\"Fahrt zur\u00fcck nach dem Tauchgang\"\n\t\t\t\tdata-image-slug=\"tamariu-19\"\n\t\t\t\tclass=\"ngg-simplelightbox\" rel=\"66897981515d3fd4f87b40e2beb4f7a5\">\n\t\t\t\t<img\n\t\t\t\t\ttitle=\"Fahrt zur\u00fcck nach dem Tauchgang\"\n\t\t\t\t\talt=\"Fahrt zur\u00fcck nach dem Tauchgang\"\n\t\t\t\t\tsrc=\"https:\/\/flinke-flossen.de\/wp-content\/gallery\/tamariu-2019\/thumbs\/thumbs_Tamariu-19.jpg\"\n\t\t\t\t\twidth=\"240\"\n\t\t\t\t\theight=\"160\"\n\t\t\t\t\tstyle=\"max-width:100%;\"\n\t\t\t\t\/>\n\t\t\t<\/a>\n\t\t<\/div>\n\t\t\t\t\t\t\t<\/div> \n\t\t\t\n\t\t\t\t<div id=\"ngg-image-19\" class=\"ngg-gallery-thumbnail-box \n\t\t\t\t\t\t\t\tngg-3-columns\t\t\t\" \n\t\t\t>\n\t\t\t\t\t\t<div class=\"ngg-gallery-thumbnail\">\n\t\t\t<a href=\"https:\/\/flinke-flossen.de\/wp-content\/gallery\/tamariu-2019\/Tamariu-20.jpg\"\n\t\t\t\ttitle=\"Flinke Flossen\"\n\t\t\t\tdata-src=\"https:\/\/flinke-flossen.de\/wp-content\/gallery\/tamariu-2019\/Tamariu-20.jpg\"\n\t\t\t\tdata-thumbnail=\"https:\/\/flinke-flossen.de\/wp-content\/gallery\/tamariu-2019\/thumbs\/thumbs_Tamariu-20.jpg\"\n\t\t\t\tdata-image-id=\"102\"\n\t\t\t\tdata-title=\"Flinke Flossen\"\n\t\t\t\tdata-description=\"Flinke Flossen\"\n\t\t\t\tdata-image-slug=\"tamariu-20\"\n\t\t\t\tclass=\"ngg-simplelightbox\" rel=\"66897981515d3fd4f87b40e2beb4f7a5\">\n\t\t\t\t<img\n\t\t\t\t\ttitle=\"Flinke Flossen\"\n\t\t\t\t\talt=\"Flinke Flossen\"\n\t\t\t\t\tsrc=\"https:\/\/flinke-flossen.de\/wp-content\/gallery\/tamariu-2019\/thumbs\/thumbs_Tamariu-20.jpg\"\n\t\t\t\t\twidth=\"240\"\n\t\t\t\t\theight=\"160\"\n\t\t\t\t\tstyle=\"max-width:100%;\"\n\t\t\t\t\/>\n\t\t\t<\/a>\n\t\t<\/div>\n\t\t\t\t\t\t\t<\/div> \n\t\t\t\n\t\n\t<br style=\"clear: both\" \/>\n\n\t\n\t\t<!-- Pagination -->\n\t\t<div class='ngg-clear'><\/div>\t<\/div>\n\n","protected":false},"excerpt":{"rendered":"<p>Vereinsfahrt nach Tamariu in Spanien mit dem Bus \u2013 bequem, stressfrei und wie immer sehr lustig. Unter blauem Himmel und der warmen Sonne Spaniens konnten wir am sch\u00f6nen Hausriff mit vielen Fischen, Oktopussen, Mur\u00e4nen und sogar Seepferdchen die Unterwasserwelt erkunden. &hellip; <a href=\"https:\/\/flinke-flossen.de\/?page_id=338\">Weiterlesen <span class=\"meta-nav\">&rarr;<\/span><\/a><\/p>\n","protected":false},"author":1,"featured_media":0,"parent":14,"menu_order":197,"comment_status":"closed","ping_status":"closed","template":"onecolumn-page.php","meta":{"ngg_post_thumbnail":0,"footnotes":""},"_links":{"self":[{"href":"https:\/\/flinke-flossen.de\/index.php?rest_route=\/wp\/v2\/pages\/338"}],"collection":[{"href":"https:\/\/flinke-flossen.de\/index.php?rest_route=\/wp\/v2\/pages"}],"about":[{"href":"https:\/\/flinke-flossen.de\/index.php?rest_route=\/wp\/v2\/types\/page"}],"author":[{"embeddable":true,"href":"https:\/\/flinke-flossen.de\/index.php?rest_route=\/wp\/v2\/users\/1"}],"replies":[{"embeddable":true,"href":"https:\/\/flinke-flossen.de\/index.php?rest_route=%2Fwp%2Fv2%2Fcomments&post=338"}],"version-history":[{"count":3,"href":"https:\/\/flinke-flossen.de\/index.php?rest_route=\/wp\/v2\/pages\/338\/revisions"}],"predecessor-version":[{"id":633,"href":"https:\/\/flinke-flossen.de\/index.php?rest_route=\/wp\/v2\/pages\/338\/revisions\/633"}],"up":[{"embeddable":true,"href":"https:\/\/flinke-flossen.de\/index.php?rest_route=\/wp\/v2\/pages\/14"}],"wp:attachment":[{"href":"https:\/\/flinke-flossen.de\/index.php?rest_route=%2Fwp%2Fv2%2Fmedia&parent=338"}],"curies":[{"name":"wp","href":"https:\/\/api.w.org\/{rel}","templated":true}]}}