{"id":315,"date":"2020-01-23T18:34:05","date_gmt":"2020-01-23T18:34:05","guid":{"rendered":"http:\/\/flinke-flossen.de\/?page_id=315"},"modified":"2020-01-24T18:54:35","modified_gmt":"2020-01-24T18:54:35","slug":"adventsfeier-2019","status":"publish","type":"page","link":"https:\/\/flinke-flossen.de\/?page_id=315","title":{"rendered":"Adventsfeier 2019"},"content":{"rendered":"\n<p>An der Adventsfeier nahmen rund 50 Flinke-Flossen teil. Nach einer interessanten       Wanderung mit Altf\u00f6rster Willi Sch\u00e4fer kehrten wir ins warme und sch\u00f6n geschm\u00fcckte R\u00f6delsh\u00e4uschen ein. Hier warteten Kartoffelsuppe, hei\u00dfer Gl\u00fchwein, Kinderpunsch und Kaffee und Kuchen.  <\/p>\n\n\n\n<!-- default-view.php -->\n<div\n\tclass=\"ngg-galleryoverview default-view \n\t\t\"\n\tid=\"ngg-gallery-6fb8f087e78346e954754acaef74d6d0-1\">\n\n\t\t<!-- Thumbnails -->\n\t\t\t\t<div id=\"ngg-image-0\" class=\"ngg-gallery-thumbnail-box \n\t\t\t\t\t\t\t\t\t\t\t\" \n\t\t\t>\n\t\t\t\t\t\t<div class=\"ngg-gallery-thumbnail\">\n\t\t\t<a href=\"https:\/\/flinke-flossen.de\/wp-content\/gallery\/weihnachten-2019\/9ad5e6ba-3367-47d8-8638-7190e9a12745.jpg\"\n\t\t\t\ttitle=\"\"\n\t\t\t\tdata-src=\"https:\/\/flinke-flossen.de\/wp-content\/gallery\/weihnachten-2019\/9ad5e6ba-3367-47d8-8638-7190e9a12745.jpg\"\n\t\t\t\tdata-thumbnail=\"https:\/\/flinke-flossen.de\/wp-content\/gallery\/weihnachten-2019\/thumbs\/thumbs_9ad5e6ba-3367-47d8-8638-7190e9a12745.jpg\"\n\t\t\t\tdata-image-id=\"81\"\n\t\t\t\tdata-title=\"9ad5e6ba-3367-47d8-8638-7190e9a12745\"\n\t\t\t\tdata-description=\"\"\n\t\t\t\tdata-image-slug=\"9ad5e6ba-3367-47d8-8638-7190e9a12745\"\n\t\t\t\tclass=\"ngg-simplelightbox\" rel=\"6fb8f087e78346e954754acaef74d6d0\">\n\t\t\t\t<img\n\t\t\t\t\ttitle=\"9ad5e6ba-3367-47d8-8638-7190e9a12745\"\n\t\t\t\t\talt=\"9ad5e6ba-3367-47d8-8638-7190e9a12745\"\n\t\t\t\t\tsrc=\"https:\/\/flinke-flossen.de\/wp-content\/gallery\/weihnachten-2019\/thumbs\/thumbs_9ad5e6ba-3367-47d8-8638-7190e9a12745.jpg\"\n\t\t\t\t\twidth=\"240\"\n\t\t\t\t\theight=\"160\"\n\t\t\t\t\tstyle=\"max-width:100%;\"\n\t\t\t\t\/>\n\t\t\t<\/a>\n\t\t<\/div>\n\t\t\t\t\t\t\t<\/div> \n\t\t\t\n\t\t\t\t<div id=\"ngg-image-1\" class=\"ngg-gallery-thumbnail-box \n\t\t\t\t\t\t\t\t\t\t\t\" \n\t\t\t>\n\t\t\t\t\t\t<div class=\"ngg-gallery-thumbnail\">\n\t\t\t<a href=\"https:\/\/flinke-flossen.de\/wp-content\/gallery\/weihnachten-2019\/0887bb34-9074-446f-95e2-448882035cfc.jpg\"\n\t\t\t\ttitle=\"\"\n\t\t\t\tdata-src=\"https:\/\/flinke-flossen.de\/wp-content\/gallery\/weihnachten-2019\/0887bb34-9074-446f-95e2-448882035cfc.jpg\"\n\t\t\t\tdata-thumbnail=\"https:\/\/flinke-flossen.de\/wp-content\/gallery\/weihnachten-2019\/thumbs\/thumbs_0887bb34-9074-446f-95e2-448882035cfc.jpg\"\n\t\t\t\tdata-image-id=\"82\"\n\t\t\t\tdata-title=\"0887bb34-9074-446f-95e2-448882035cfc\"\n\t\t\t\tdata-description=\"\"\n\t\t\t\tdata-image-slug=\"0887bb34-9074-446f-95e2-448882035cfc\"\n\t\t\t\tclass=\"ngg-simplelightbox\" rel=\"6fb8f087e78346e954754acaef74d6d0\">\n\t\t\t\t<img\n\t\t\t\t\ttitle=\"0887bb34-9074-446f-95e2-448882035cfc\"\n\t\t\t\t\talt=\"0887bb34-9074-446f-95e2-448882035cfc\"\n\t\t\t\t\tsrc=\"https:\/\/flinke-flossen.de\/wp-content\/gallery\/weihnachten-2019\/thumbs\/thumbs_0887bb34-9074-446f-95e2-448882035cfc.jpg\"\n\t\t\t\t\twidth=\"240\"\n\t\t\t\t\theight=\"160\"\n\t\t\t\t\tstyle=\"max-width:100%;\"\n\t\t\t\t\/>\n\t\t\t<\/a>\n\t\t<\/div>\n\t\t\t\t\t\t\t<\/div> \n\t\t\t\n\t\n\t<br style=\"clear: both\" \/>\n\n\t\n\t\t<!-- Pagination -->\n\t\t<div class='ngg-clear'><\/div>\t<\/div>\n\n","protected":false},"excerpt":{"rendered":"<p>An der Adventsfeier nahmen rund 50 Flinke-Flossen teil. Nach einer interessanten Wanderung mit Altf\u00f6rster Willi Sch\u00e4fer kehrten wir ins warme und sch\u00f6n geschm\u00fcckte R\u00f6delsh\u00e4uschen ein. Hier warteten Kartoffelsuppe, hei\u00dfer Gl\u00fchwein, Kinderpunsch und Kaffee und Kuchen.<\/p>\n","protected":false},"author":1,"featured_media":0,"parent":14,"menu_order":196,"comment_status":"closed","ping_status":"closed","template":"onecolumn-page.php","meta":{"ngg_post_thumbnail":0,"footnotes":""},"_links":{"self":[{"href":"https:\/\/flinke-flossen.de\/index.php?rest_route=\/wp\/v2\/pages\/315"}],"collection":[{"href":"https:\/\/flinke-flossen.de\/index.php?rest_route=\/wp\/v2\/pages"}],"about":[{"href":"https:\/\/flinke-flossen.de\/index.php?rest_route=\/wp\/v2\/types\/page"}],"author":[{"embeddable":true,"href":"https:\/\/flinke-flossen.de\/index.php?rest_route=\/wp\/v2\/users\/1"}],"replies":[{"embeddable":true,"href":"https:\/\/flinke-flossen.de\/index.php?rest_route=%2Fwp%2Fv2%2Fcomments&post=315"}],"version-history":[{"count":1,"href":"https:\/\/flinke-flossen.de\/index.php?rest_route=\/wp\/v2\/pages\/315\/revisions"}],"predecessor-version":[{"id":316,"href":"https:\/\/flinke-flossen.de\/index.php?rest_route=\/wp\/v2\/pages\/315\/revisions\/316"}],"up":[{"embeddable":true,"href":"https:\/\/flinke-flossen.de\/index.php?rest_route=\/wp\/v2\/pages\/14"}],"wp:attachment":[{"href":"https:\/\/flinke-flossen.de\/index.php?rest_route=%2Fwp%2Fv2%2Fmedia&parent=315"}],"curies":[{"name":"wp","href":"https:\/\/api.w.org\/{rel}","templated":true}]}}