{"id":307,"date":"2020-01-23T18:13:31","date_gmt":"2020-01-23T18:13:31","guid":{"rendered":"http:\/\/flinke-flossen.de\/?page_id=307"},"modified":"2021-02-16T10:07:32","modified_gmt":"2021-02-16T10:07:32","slug":"mermaiding","status":"publish","type":"page","link":"https:\/\/flinke-flossen.de\/?page_id=307","title":{"rendered":"Mermaiding"},"content":{"rendered":"\n<p> Apnoetauchen einmal anders &#8211; Mermaiding mit Natalie <\/p>\n\n\n\n<p> Wir trafen uns im Frankfurter Riedbad. Nachdem wir 20 Min.  von Natalie in die richtige Atemtechnik eingef\u00fchrt wurden, ging es ins  Wasser &#8211; nat\u00fcrlich jeder im Mermaidingkost\u00fcm mit passender Monoflosse.  Das Schwimmen und Tauchen ist mit diesen riesigen Flossen nicht so einfach. Deshalb wurde der Delfinbeinschlag so lange ge\u00fcbt bis alle fit waren. Schlie\u00dflich wollten alle beim Fotoshooting unter Wasser eine gute  Mermaid-Figur machen.<\/p>\n\n\n\n<p>Danach startete der Statik-Diving-Workshop f\u00fcr die, die ihre Leidenschaft f\u00fcrs Apnoetauchen entdeckt haben. Nach Yoga und Atemtechnik waren die Ergebnisse wirklich  sehenswert !<br>Das war ein toller Tag mit viel Spa\u00df und enormem Lerneffekt. Vielen Dank an die Organisatoren Natalie und Martin. <\/p>\n\n\n\n<figure class=\"wp-block-image size-large is-resized\"><img loading=\"lazy\" decoding=\"async\" src=\"https:\/\/flinke-flossen.de\/wp-content\/uploads\/2020\/01\/DSC06170-1024x576.jpg\" alt=\"\" class=\"wp-image-308\" width=\"633\" height=\"355\" srcset=\"https:\/\/flinke-flossen.de\/wp-content\/uploads\/2020\/01\/DSC06170-1024x576.jpg 1024w, https:\/\/flinke-flossen.de\/wp-content\/uploads\/2020\/01\/DSC06170-300x169.jpg 300w, https:\/\/flinke-flossen.de\/wp-content\/uploads\/2020\/01\/DSC06170-768x432.jpg 768w, https:\/\/flinke-flossen.de\/wp-content\/uploads\/2020\/01\/DSC06170-1536x865.jpg 1536w, https:\/\/flinke-flossen.de\/wp-content\/uploads\/2020\/01\/DSC06170-2048x1153.jpg 2048w\" sizes=\"(max-width: 633px) 100vw, 633px\" \/><\/figure>\n","protected":false},"excerpt":{"rendered":"<p>Apnoetauchen einmal anders &#8211; Mermaiding mit Natalie Wir trafen uns im Frankfurter Riedbad. Nachdem wir 20 Min. von Natalie in die richtige Atemtechnik eingef\u00fchrt wurden, ging es ins Wasser &#8211; nat\u00fcrlich jeder im Mermaidingkost\u00fcm mit passender Monoflosse. Das Schwimmen und &hellip; <a href=\"https:\/\/flinke-flossen.de\/?page_id=307\">Weiterlesen <span class=\"meta-nav\">&rarr;<\/span><\/a><\/p>\n","protected":false},"author":1,"featured_media":0,"parent":14,"menu_order":198,"comment_status":"closed","ping_status":"closed","template":"onecolumn-page.php","meta":{"ngg_post_thumbnail":0,"footnotes":""},"_links":{"self":[{"href":"https:\/\/flinke-flossen.de\/index.php?rest_route=\/wp\/v2\/pages\/307"}],"collection":[{"href":"https:\/\/flinke-flossen.de\/index.php?rest_route=\/wp\/v2\/pages"}],"about":[{"href":"https:\/\/flinke-flossen.de\/index.php?rest_route=\/wp\/v2\/types\/page"}],"author":[{"embeddable":true,"href":"https:\/\/flinke-flossen.de\/index.php?rest_route=\/wp\/v2\/users\/1"}],"replies":[{"embeddable":true,"href":"https:\/\/flinke-flossen.de\/index.php?rest_route=%2Fwp%2Fv2%2Fcomments&post=307"}],"version-history":[{"count":2,"href":"https:\/\/flinke-flossen.de\/index.php?rest_route=\/wp\/v2\/pages\/307\/revisions"}],"predecessor-version":[{"id":526,"href":"https:\/\/flinke-flossen.de\/index.php?rest_route=\/wp\/v2\/pages\/307\/revisions\/526"}],"up":[{"embeddable":true,"href":"https:\/\/flinke-flossen.de\/index.php?rest_route=\/wp\/v2\/pages\/14"}],"wp:attachment":[{"href":"https:\/\/flinke-flossen.de\/index.php?rest_route=%2Fwp%2Fv2%2Fmedia&parent=307"}],"curies":[{"name":"wp","href":"https:\/\/api.w.org\/{rel}","templated":true}]}}