{"id":294,"date":"2019-10-28T19:37:28","date_gmt":"2019-10-28T19:37:28","guid":{"rendered":"http:\/\/flinke-flossen.de\/?page_id=294"},"modified":"2021-02-16T10:08:39","modified_gmt":"2021-02-16T10:08:39","slug":"nitroxkurs-2016","status":"publish","type":"page","link":"https:\/\/flinke-flossen.de\/?page_id=294","title":{"rendered":"Nitroxkurs 2016"},"content":{"rendered":"\n<p>F\u00fcr den Nitroxkurs haben sich 9 Mitglieder angemeldet. Wir konnten als Referenten Anette und Michael Gei\u00dfler vom Tauchclub Dreieich Langen gewinnen, die an 2 Abenden die Theorie sehr anschaulich vermittelt haben. F\u00fcr die Praxis\u00fcbung konnte jeder eine Tauchflasche mit erh\u00f6htem Sauerstoffanteil mit dem Analyseger\u00e4t testen. Die 1* Taucher werden dann noch einen Praxistauchgang mit Nitrox absolvieren. Es hat allen Teilnehmern viel Spa\u00df gemacht und wir bedanken uns ganz herzlich bei Anette und Michael f\u00fcr die freundliche Unterst\u00fctzung.&nbsp; <\/p>\n\n\n\n<figure class=\"wp-block-image is-resized\"><img loading=\"lazy\" decoding=\"async\" src=\"https:\/\/flinke-flossen.de\/wp-content\/uploads\/2019\/10\/Nitrox-2016.jpg\" alt=\"\" class=\"wp-image-295\" width=\"601\" height=\"450\" srcset=\"https:\/\/flinke-flossen.de\/wp-content\/uploads\/2019\/10\/Nitrox-2016.jpg 800w, https:\/\/flinke-flossen.de\/wp-content\/uploads\/2019\/10\/Nitrox-2016-300x225.jpg 300w, https:\/\/flinke-flossen.de\/wp-content\/uploads\/2019\/10\/Nitrox-2016-768x576.jpg 768w\" sizes=\"(max-width: 601px) 100vw, 601px\" \/><\/figure>\n","protected":false},"excerpt":{"rendered":"<p>F\u00fcr den Nitroxkurs haben sich 9 Mitglieder angemeldet. Wir konnten als Referenten Anette und Michael Gei\u00dfler vom Tauchclub Dreieich Langen gewinnen, die an 2 Abenden die Theorie sehr anschaulich vermittelt haben. F\u00fcr die Praxis\u00fcbung konnte jeder eine Tauchflasche mit erh\u00f6htem &hellip; <a href=\"https:\/\/flinke-flossen.de\/?page_id=294\">Weiterlesen <span class=\"meta-nav\">&rarr;<\/span><\/a><\/p>\n","protected":false},"author":1,"featured_media":0,"parent":14,"menu_order":275,"comment_status":"closed","ping_status":"closed","template":"onecolumn-page.php","meta":{"ngg_post_thumbnail":0,"footnotes":""},"_links":{"self":[{"href":"https:\/\/flinke-flossen.de\/index.php?rest_route=\/wp\/v2\/pages\/294"}],"collection":[{"href":"https:\/\/flinke-flossen.de\/index.php?rest_route=\/wp\/v2\/pages"}],"about":[{"href":"https:\/\/flinke-flossen.de\/index.php?rest_route=\/wp\/v2\/types\/page"}],"author":[{"embeddable":true,"href":"https:\/\/flinke-flossen.de\/index.php?rest_route=\/wp\/v2\/users\/1"}],"replies":[{"embeddable":true,"href":"https:\/\/flinke-flossen.de\/index.php?rest_route=%2Fwp%2Fv2%2Fcomments&post=294"}],"version-history":[{"count":3,"href":"https:\/\/flinke-flossen.de\/index.php?rest_route=\/wp\/v2\/pages\/294\/revisions"}],"predecessor-version":[{"id":529,"href":"https:\/\/flinke-flossen.de\/index.php?rest_route=\/wp\/v2\/pages\/294\/revisions\/529"}],"up":[{"embeddable":true,"href":"https:\/\/flinke-flossen.de\/index.php?rest_route=\/wp\/v2\/pages\/14"}],"wp:attachment":[{"href":"https:\/\/flinke-flossen.de\/index.php?rest_route=%2Fwp%2Fv2%2Fmedia&parent=294"}],"curies":[{"name":"wp","href":"https:\/\/api.w.org\/{rel}","templated":true}]}}