{"id":185,"date":"2019-07-31T06:00:15","date_gmt":"2019-07-31T06:00:15","guid":{"rendered":"http:\/\/flinke-flossen.de\/?page_id=185"},"modified":"2025-11-06T17:57:54","modified_gmt":"2025-11-06T17:57:54","slug":"beitraege","status":"publish","type":"page","link":"https:\/\/flinke-flossen.de\/?page_id=185","title":{"rendered":"Beitr\u00e4ge"},"content":{"rendered":"\n<p><b>Jahresbeitr\u00e4ge:<\/b><br>\n120,- Euro &#8211; Erwachsene ab 18 Jahre<br>\n96,- Euro &#8211; Kinder + Jugendliche bis 17 Jahre<br>\n30,- Euro &#8211; passive und f\u00f6rdernde Mitglieder<br>\n84,- Euro &#8211; Zweitmitglieder *<br>\n<\/p>\n\n\n\n<p>Der Jahresbeitrag wird durch Lastschrift jeweils am 1. M\u00e4rz\neines jeden Jahres erhoben. F\u00e4llt dieser Tag auf einen Sonn- oder Feiertag, so\nerfolgt die Lastschrift am darauf folgenden Arbeitstag.<\/p>\n\n\n\n<p><b>Einmalige Aufnahmegeb\u00fchr<\/b><br>\nBei Eintritt in den Tauchsportverein, Flinke Flossen, Gro\u00df-Umstadt e.V. ist eine einmalige Aufnahmegeb\u00fchr zu zahlen.<br>\n160,- Euro &#8211; aktive Mitglieder ab 18 Jahren<br>\n80,- Euro &#8211; jugendliche Mitglieder bis 17 Jahren<\/p>\n\n\n\nZur Finanzierung der Aktivit\u00e4ten des Tauchsportvereins Flinke Flossen Gro\u00df-Umstadt e.V. erhebt der Verein eine Aufnahmegeb\u00fchr und Jahresbeitr\u00e4ge. Die Jahresbeitr\u00e4ge dienen gleichzeitig der Finanzierung der Verbandsabgaben einschlie\u00dflich der Versicherung aktiver Mitglieder bei Aus\u00fcbung des Tauchsports. Aufnahmegeb\u00fchr und Jahresbeitrag werden im Lastschriftverfahren eingezogen. Hierf\u00fcr ist ein SEPA-Lastschriftmandat zu erteilen. Geschieht dies nicht, wird f\u00fcr jede schriftliche Anforderung eine Geb\u00fchr von 3 Euro erhoben.<\/p>\n\n\n\n<p>Die K\u00fcndigung der Mitgliedschaft ist jeweils mit einer Ausschlussfrist von 3 Monaten zum Ende eines Kalenderjahres zu erkl\u00e4ren. Die K\u00fcndigung muss schriftlich an die Gesch\u00e4ftsstelle des Vereins erfolgen. Neumitglieder, die ab dem 01.07. des laufenden Jahres dem Verein beitreten, zahlen nur noch den halben Jahresbeitrag f\u00fcr das laufende Jahr. Die einmalige Aufnahmegeb\u00fchr bleibt hiervon unber\u00fchrt.<\/p>\n\n\n\n<p>* Zweitmitglieder m\u00fcssen bereits ordentliche Mitglieder in einem anderen VDST-Tauchverein sein. Von uns wird das Zweitmitglied dann als passives Mitglied an den VDST gemeldet, damit von uns keine Abgaben und Versicherungen gezahlt werden m\u00fcssen. Die Beitragszahlung an den anderen VDST-Tauchverein (inkl. Versicherungsnachweis) muss jedes Jahr unaufgefordert nachgewiesen werden. Die Zweitmitgliedschaft ist eine aktive Mitgliedschaft.<br><\/p>\n\n\n\n<p>Diese Beitragsordnung ist g\u00fcltig ab 01.01.2026 und wurde beschlossen am 04.09.2024<\/p>\n","protected":false},"excerpt":{"rendered":"<p>Jahresbeitr\u00e4ge: 120,- Euro &#8211; Erwachsene ab 18 Jahre 96,- Euro &#8211; Kinder + Jugendliche bis 17 Jahre 30,- Euro &#8211; passive und f\u00f6rdernde Mitglieder 84,- Euro &#8211; Zweitmitglieder * Der Jahresbeitrag wird durch Lastschrift jeweils am 1. M\u00e4rz eines jeden &hellip; <a href=\"https:\/\/flinke-flossen.de\/?page_id=185\">Weiterlesen <span class=\"meta-nav\">&rarr;<\/span><\/a><\/p>\n","protected":false},"author":1,"featured_media":0,"parent":2,"menu_order":12,"comment_status":"closed","ping_status":"closed","template":"onecolumn-page.php","meta":{"ngg_post_thumbnail":0,"footnotes":""},"_links":{"self":[{"href":"https:\/\/flinke-flossen.de\/index.php?rest_route=\/wp\/v2\/pages\/185"}],"collection":[{"href":"https:\/\/flinke-flossen.de\/index.php?rest_route=\/wp\/v2\/pages"}],"about":[{"href":"https:\/\/flinke-flossen.de\/index.php?rest_route=\/wp\/v2\/types\/page"}],"author":[{"embeddable":true,"href":"https:\/\/flinke-flossen.de\/index.php?rest_route=\/wp\/v2\/users\/1"}],"replies":[{"embeddable":true,"href":"https:\/\/flinke-flossen.de\/index.php?rest_route=%2Fwp%2Fv2%2Fcomments&post=185"}],"version-history":[{"count":10,"href":"https:\/\/flinke-flossen.de\/index.php?rest_route=\/wp\/v2\/pages\/185\/revisions"}],"predecessor-version":[{"id":1480,"href":"https:\/\/flinke-flossen.de\/index.php?rest_route=\/wp\/v2\/pages\/185\/revisions\/1480"}],"up":[{"embeddable":true,"href":"https:\/\/flinke-flossen.de\/index.php?rest_route=\/wp\/v2\/pages\/2"}],"wp:attachment":[{"href":"https:\/\/flinke-flossen.de\/index.php?rest_route=%2Fwp%2Fv2%2Fmedia&parent=185"}],"curies":[{"name":"wp","href":"https:\/\/api.w.org\/{rel}","templated":true}]}}