{"id":177,"date":"2019-07-16T13:09:09","date_gmt":"2019-07-16T13:09:09","guid":{"rendered":"http:\/\/flinke-flossen.de\/?page_id=177"},"modified":"2021-02-16T10:07:59","modified_gmt":"2021-02-16T10:07:59","slug":"sicherheitstraining","status":"publish","type":"page","link":"https:\/\/flinke-flossen.de\/?page_id=177","title":{"rendered":"Sicherheitstraining"},"content":{"rendered":"\n<p>Am Montag, den 15. Juli war es endlich wieder soweit f\u00fcr das j\u00e4hrliche Sicherheitstraining im Freibad. Hier wurden die F\u00e4higkeiten rund um ein sicheres Tauchen ge\u00fcbt: Bojen setzen, Rettung aufs Schlauchboot, selbst das Flaschenventil schlie\u00dfen, Rettungsschlinge legen und \u201eOpfer\u201c an Land ziehen. Trotz des ernsten Hintergrunds hatten alle viel Spa\u00df bei den angebotenen \u00dcbungen. Danach lie\u00dfen sich \u00fcber 30 Mitglieder die leckere Pizza schmecken.<\/p>\n\n\n\n<figure class=\"wp-block-image is-resized\"><img loading=\"lazy\" decoding=\"async\" src=\"http:\/\/flinke-flossen.de\/wp-content\/uploads\/2019\/07\/Sicherheit-2019.jpg\" alt=\"\" class=\"wp-image-178\" width=\"619\" height=\"412\" srcset=\"https:\/\/flinke-flossen.de\/wp-content\/uploads\/2019\/07\/Sicherheit-2019.jpg 900w, https:\/\/flinke-flossen.de\/wp-content\/uploads\/2019\/07\/Sicherheit-2019-300x200.jpg 300w, https:\/\/flinke-flossen.de\/wp-content\/uploads\/2019\/07\/Sicherheit-2019-768x512.jpg 768w\" sizes=\"(max-width: 619px) 100vw, 619px\" \/><\/figure>\n","protected":false},"excerpt":{"rendered":"<p>Am Montag, den 15. Juli war es endlich wieder soweit f\u00fcr das j\u00e4hrliche Sicherheitstraining im Freibad. Hier wurden die F\u00e4higkeiten rund um ein sicheres Tauchen ge\u00fcbt: Bojen setzen, Rettung aufs Schlauchboot, selbst das Flaschenventil schlie\u00dfen, Rettungsschlinge legen und \u201eOpfer\u201c an &hellip; <a href=\"https:\/\/flinke-flossen.de\/?page_id=177\">Weiterlesen <span class=\"meta-nav\">&rarr;<\/span><\/a><\/p>\n","protected":false},"author":1,"featured_media":0,"parent":14,"menu_order":199,"comment_status":"closed","ping_status":"closed","template":"onecolumn-page.php","meta":{"ngg_post_thumbnail":0,"footnotes":""},"_links":{"self":[{"href":"https:\/\/flinke-flossen.de\/index.php?rest_route=\/wp\/v2\/pages\/177"}],"collection":[{"href":"https:\/\/flinke-flossen.de\/index.php?rest_route=\/wp\/v2\/pages"}],"about":[{"href":"https:\/\/flinke-flossen.de\/index.php?rest_route=\/wp\/v2\/types\/page"}],"author":[{"embeddable":true,"href":"https:\/\/flinke-flossen.de\/index.php?rest_route=\/wp\/v2\/users\/1"}],"replies":[{"embeddable":true,"href":"https:\/\/flinke-flossen.de\/index.php?rest_route=%2Fwp%2Fv2%2Fcomments&post=177"}],"version-history":[{"count":2,"href":"https:\/\/flinke-flossen.de\/index.php?rest_route=\/wp\/v2\/pages\/177\/revisions"}],"predecessor-version":[{"id":527,"href":"https:\/\/flinke-flossen.de\/index.php?rest_route=\/wp\/v2\/pages\/177\/revisions\/527"}],"up":[{"embeddable":true,"href":"https:\/\/flinke-flossen.de\/index.php?rest_route=\/wp\/v2\/pages\/14"}],"wp:attachment":[{"href":"https:\/\/flinke-flossen.de\/index.php?rest_route=%2Fwp%2Fv2%2Fmedia&parent=177"}],"curies":[{"name":"wp","href":"https:\/\/api.w.org\/{rel}","templated":true}]}}