{"id":1493,"date":"2025-12-04T17:54:23","date_gmt":"2025-12-04T17:54:23","guid":{"rendered":"https:\/\/flinke-flossen.de\/?page_id=1493"},"modified":"2025-12-04T17:57:00","modified_gmt":"2025-12-04T17:57:00","slug":"weihnachtsfeier-2","status":"publish","type":"page","link":"https:\/\/flinke-flossen.de\/?page_id=1493","title":{"rendered":"Weihnachtsfeier"},"content":{"rendered":"\n<p>Am 1. Advents-Samstag fand die Weihnachtsfeier der Flinken-Flossen statt. Nach einer \u00fcberaus interessanten Nachtw\u00e4chterf\u00fchrung feierten wir in einer privaten Scheune in Dieburg.<\/p>\n\n\n\n<p>Vielen Dank f\u00fcr die tolle Organisation.<\/p>\n\n\n\n<!-- default-view.php -->\n<div\n\tclass=\"ngg-galleryoverview default-view \n\t\t\"\n\tid=\"ngg-gallery-f16aea5ca834a2d819daa1da9c7f8b7d-1\">\n\n\t\t<!-- Thumbnails -->\n\t\t\t\t<div id=\"ngg-image-0\" class=\"ngg-gallery-thumbnail-box \n\t\t\t\t\t\t\t\t\t\t\t\" \n\t\t\t>\n\t\t\t\t\t\t<div class=\"ngg-gallery-thumbnail\">\n\t\t\t<a href=\"https:\/\/flinke-flossen.de\/wp-content\/gallery\/weihnacht-2025\/IMG_6809.JPG\"\n\t\t\t\ttitle=\"\"\n\t\t\t\tdata-src=\"https:\/\/flinke-flossen.de\/wp-content\/gallery\/weihnacht-2025\/IMG_6809.JPG\"\n\t\t\t\tdata-thumbnail=\"https:\/\/flinke-flossen.de\/wp-content\/gallery\/weihnacht-2025\/thumbs\/thumbs_IMG_6809.JPG\"\n\t\t\t\tdata-image-id=\"236\"\n\t\t\t\tdata-title=\"IMG_6809\"\n\t\t\t\tdata-description=\"\"\n\t\t\t\tdata-image-slug=\"img_6809\"\n\t\t\t\tclass=\"ngg-simplelightbox\" rel=\"f16aea5ca834a2d819daa1da9c7f8b7d\">\n\t\t\t\t<img\n\t\t\t\t\ttitle=\"IMG_6809\"\n\t\t\t\t\talt=\"IMG_6809\"\n\t\t\t\t\tsrc=\"https:\/\/flinke-flossen.de\/wp-content\/gallery\/weihnacht-2025\/thumbs\/thumbs_IMG_6809.JPG\"\n\t\t\t\t\twidth=\"240\"\n\t\t\t\t\theight=\"160\"\n\t\t\t\t\tstyle=\"max-width:100%;\"\n\t\t\t\t\/>\n\t\t\t<\/a>\n\t\t<\/div>\n\t\t\t\t\t\t\t<\/div> \n\t\t\t\n\t\t\t\t<div id=\"ngg-image-1\" class=\"ngg-gallery-thumbnail-box \n\t\t\t\t\t\t\t\t\t\t\t\" \n\t\t\t>\n\t\t\t\t\t\t<div class=\"ngg-gallery-thumbnail\">\n\t\t\t<a href=\"https:\/\/flinke-flossen.de\/wp-content\/gallery\/weihnacht-2025\/IMG_6808.JPG\"\n\t\t\t\ttitle=\"\"\n\t\t\t\tdata-src=\"https:\/\/flinke-flossen.de\/wp-content\/gallery\/weihnacht-2025\/IMG_6808.JPG\"\n\t\t\t\tdata-thumbnail=\"https:\/\/flinke-flossen.de\/wp-content\/gallery\/weihnacht-2025\/thumbs\/thumbs_IMG_6808.JPG\"\n\t\t\t\tdata-image-id=\"237\"\n\t\t\t\tdata-title=\"IMG_6808\"\n\t\t\t\tdata-description=\"\"\n\t\t\t\tdata-image-slug=\"img_6808\"\n\t\t\t\tclass=\"ngg-simplelightbox\" rel=\"f16aea5ca834a2d819daa1da9c7f8b7d\">\n\t\t\t\t<img\n\t\t\t\t\ttitle=\"IMG_6808\"\n\t\t\t\t\talt=\"IMG_6808\"\n\t\t\t\t\tsrc=\"https:\/\/flinke-flossen.de\/wp-content\/gallery\/weihnacht-2025\/thumbs\/thumbs_IMG_6808.JPG\"\n\t\t\t\t\twidth=\"240\"\n\t\t\t\t\theight=\"160\"\n\t\t\t\t\tstyle=\"max-width:100%;\"\n\t\t\t\t\/>\n\t\t\t<\/a>\n\t\t<\/div>\n\t\t\t\t\t\t\t<\/div> \n\t\t\t\n\t\t\t\t<div id=\"ngg-image-2\" class=\"ngg-gallery-thumbnail-box \n\t\t\t\t\t\t\t\t\t\t\t\" \n\t\t\t>\n\t\t\t\t\t\t<div class=\"ngg-gallery-thumbnail\">\n\t\t\t<a href=\"https:\/\/flinke-flossen.de\/wp-content\/gallery\/weihnacht-2025\/IMG_6806.JPG\"\n\t\t\t\ttitle=\"\"\n\t\t\t\tdata-src=\"https:\/\/flinke-flossen.de\/wp-content\/gallery\/weihnacht-2025\/IMG_6806.JPG\"\n\t\t\t\tdata-thumbnail=\"https:\/\/flinke-flossen.de\/wp-content\/gallery\/weihnacht-2025\/thumbs\/thumbs_IMG_6806.JPG\"\n\t\t\t\tdata-image-id=\"238\"\n\t\t\t\tdata-title=\"IMG_6806\"\n\t\t\t\tdata-description=\"\"\n\t\t\t\tdata-image-slug=\"img_6806\"\n\t\t\t\tclass=\"ngg-simplelightbox\" rel=\"f16aea5ca834a2d819daa1da9c7f8b7d\">\n\t\t\t\t<img\n\t\t\t\t\ttitle=\"IMG_6806\"\n\t\t\t\t\talt=\"IMG_6806\"\n\t\t\t\t\tsrc=\"https:\/\/flinke-flossen.de\/wp-content\/gallery\/weihnacht-2025\/thumbs\/thumbs_IMG_6806.JPG\"\n\t\t\t\t\twidth=\"240\"\n\t\t\t\t\theight=\"160\"\n\t\t\t\t\tstyle=\"max-width:100%;\"\n\t\t\t\t\/>\n\t\t\t<\/a>\n\t\t<\/div>\n\t\t\t\t\t\t\t<\/div> \n\t\t\t\n\t\t\t\t<div id=\"ngg-image-3\" class=\"ngg-gallery-thumbnail-box \n\t\t\t\t\t\t\t\t\t\t\t\" \n\t\t\t>\n\t\t\t\t\t\t<div class=\"ngg-gallery-thumbnail\">\n\t\t\t<a href=\"https:\/\/flinke-flossen.de\/wp-content\/gallery\/weihnacht-2025\/IMG_6807.JPG\"\n\t\t\t\ttitle=\"\"\n\t\t\t\tdata-src=\"https:\/\/flinke-flossen.de\/wp-content\/gallery\/weihnacht-2025\/IMG_6807.JPG\"\n\t\t\t\tdata-thumbnail=\"https:\/\/flinke-flossen.de\/wp-content\/gallery\/weihnacht-2025\/thumbs\/thumbs_IMG_6807.JPG\"\n\t\t\t\tdata-image-id=\"239\"\n\t\t\t\tdata-title=\"IMG_6807\"\n\t\t\t\tdata-description=\"\"\n\t\t\t\tdata-image-slug=\"img_6807\"\n\t\t\t\tclass=\"ngg-simplelightbox\" rel=\"f16aea5ca834a2d819daa1da9c7f8b7d\">\n\t\t\t\t<img\n\t\t\t\t\ttitle=\"IMG_6807\"\n\t\t\t\t\talt=\"IMG_6807\"\n\t\t\t\t\tsrc=\"https:\/\/flinke-flossen.de\/wp-content\/gallery\/weihnacht-2025\/thumbs\/thumbs_IMG_6807.JPG\"\n\t\t\t\t\twidth=\"240\"\n\t\t\t\t\theight=\"160\"\n\t\t\t\t\tstyle=\"max-width:100%;\"\n\t\t\t\t\/>\n\t\t\t<\/a>\n\t\t<\/div>\n\t\t\t\t\t\t\t<\/div> \n\t\t\t\n\t\n\t<br style=\"clear: both\" \/>\n\n\t\n\t\t<!-- Pagination -->\n\t\t<div class='ngg-clear'><\/div>\t<\/div>\n\n","protected":false},"excerpt":{"rendered":"<p>Am 1. Advents-Samstag fand die Weihnachtsfeier der Flinken-Flossen statt. Nach einer \u00fcberaus interessanten Nachtw\u00e4chterf\u00fchrung feierten wir in einer privaten Scheune in Dieburg. Vielen Dank f\u00fcr die tolle Organisation.<\/p>\n","protected":false},"author":1,"featured_media":0,"parent":14,"menu_order":164,"comment_status":"closed","ping_status":"closed","template":"onecolumn-page.php","meta":{"ngg_post_thumbnail":0,"footnotes":""},"_links":{"self":[{"href":"https:\/\/flinke-flossen.de\/index.php?rest_route=\/wp\/v2\/pages\/1493"}],"collection":[{"href":"https:\/\/flinke-flossen.de\/index.php?rest_route=\/wp\/v2\/pages"}],"about":[{"href":"https:\/\/flinke-flossen.de\/index.php?rest_route=\/wp\/v2\/types\/page"}],"author":[{"embeddable":true,"href":"https:\/\/flinke-flossen.de\/index.php?rest_route=\/wp\/v2\/users\/1"}],"replies":[{"embeddable":true,"href":"https:\/\/flinke-flossen.de\/index.php?rest_route=%2Fwp%2Fv2%2Fcomments&post=1493"}],"version-history":[{"count":3,"href":"https:\/\/flinke-flossen.de\/index.php?rest_route=\/wp\/v2\/pages\/1493\/revisions"}],"predecessor-version":[{"id":1502,"href":"https:\/\/flinke-flossen.de\/index.php?rest_route=\/wp\/v2\/pages\/1493\/revisions\/1502"}],"up":[{"embeddable":true,"href":"https:\/\/flinke-flossen.de\/index.php?rest_route=\/wp\/v2\/pages\/14"}],"wp:attachment":[{"href":"https:\/\/flinke-flossen.de\/index.php?rest_route=%2Fwp%2Fv2%2Fmedia&parent=1493"}],"curies":[{"name":"wp","href":"https:\/\/api.w.org\/{rel}","templated":true}]}}