{"id":1432,"date":"2025-10-12T12:40:46","date_gmt":"2025-10-12T12:40:46","guid":{"rendered":"https:\/\/flinke-flossen.de\/?page_id=1432"},"modified":"2025-10-12T12:56:31","modified_gmt":"2025-10-12T12:56:31","slug":"st-leon-2025","status":"publish","type":"page","link":"https:\/\/flinke-flossen.de\/?page_id=1432","title":{"rendered":"St. Leon 2025"},"content":{"rendered":"\n<p>Ein Wochenende unter Fischen<\/p>\n\n\n\n<p>Hast du dich jemals gefragt, wie St. Leon unter Wasser aussieht? Dann w\u00e4re das Jugendtauch-Wochenende der Flinken Flossen bestimmt auch etwas f\u00fcr dich gewesen.<\/p>\n\n\n\n<p>Am Freitag, den 5. September machten wir uns direkt nach der Schule auf den Weg nach St. Leon. Angekommen ging es f\u00fcr uns auch schon direkt ins Wasser. Nach unserem ersten Tauchgang des Wochenendes gab es ein ausgiebiges Abendessen, bei dem viel untereinander gelacht und gealbert wurde. Anschlie\u00dfend ging es zum Abwasch &#8211; mein pers\u00f6nlicher Alptraum: Nach einem anstrengenden Kampf gegen dreckiges Geschirr und hei\u00dfes Abwaschwasser unter lautstarkem Anfeuern lie\u00dfen wir den Abend mit Kartenspielen fr\u00f6hlich ausklingen.<\/p>\n\n\n\n<p>Am n\u00e4chsten Tag begann der Morgen nach einer viel zu kurzen Nacht um 8 Uhr morgens. Nach dem eigenst\u00e4ndigen Aufbauen des Tauchger\u00e4tes ging es auf ein Neues ins Wasser. Viele Taucher w\u00fcrden mir sicherlich zustimmen, dass nicht das eigentliche Tauchen im Wasser der Sport ist, sondern der Weg zum Gew\u00e4sser. Aber zum Gl\u00fcck hat man daf\u00fcr einen Papa, der das Ger\u00e4t tr\u00e4gt. Nachdem Papa also mein Ger\u00e4t zum See getragen hat, ging es ins zu kalte Wasser. Viel zu sehen war aufgrund der schlechten Sicht leider nicht, dennoch waren es gro\u00dfartige Tauchg\u00e4nge.<\/p>\n\n\n\n<p>Am Nachmittag wurde erneut getaucht und anschlie\u00dfend fand die ber\u00fcchtigte Tauchertaufe statt, bei der Seewasser in den Schnorchel eingefl\u00f6\u00dft wird. Dabei durfte Neptun nat\u00fcrlich nicht fehlen.<\/p>\n\n\n\n<p>Abends wurde der ereignisreiche Tag mit einem Kinoabend bei leckerem Popcorn unter freiem Himmel abgeschlossen. Passend zum Anlass wurde der Film \u201eFindet Nemo\u201c gezeigt.<\/p>\n\n\n\n<p>Am Sonntag gab es noch den ein oder anderen Tauchgang, danach halfen alle mit aufr\u00e4umen und verabschiedeten sich herzlich voneinander.<\/p>\n\n\n\n<p>Es war ein sehr sch\u00f6nes Wochenende mit ganz vielen netten Menschen, an welches ich noch lange und gerne zur\u00fcckdenken werde. Vielen Dank an alle Mitglieder, Trainer und flei\u00dfigen Bienchen, die geholfen haben, dieses sch\u00f6ne Wochenende zu erm\u00f6glichen.<\/p>\n\n\n\n<p>Text: Marie Kexel<\/p>\n\n\n\n<!-- default-view.php -->\n<div\n\tclass=\"ngg-galleryoverview default-view \n\t\t\"\n\tid=\"ngg-gallery-689ac6a9aa8bfbe429ddc524388551fb-1\">\n\n\t\t<!-- Thumbnails -->\n\t\t\t\t<div id=\"ngg-image-0\" class=\"ngg-gallery-thumbnail-box \n\t\t\t\t\t\t\t\tngg-3-columns\t\t\t\" \n\t\t\t>\n\t\t\t\t\t\t<div class=\"ngg-gallery-thumbnail\">\n\t\t\t<a href=\"https:\/\/flinke-flossen.de\/wp-content\/gallery\/st-leon2025\/Leon-01.JPG\"\n\t\t\t\ttitle=\"Zeltaufbau\"\n\t\t\t\tdata-src=\"https:\/\/flinke-flossen.de\/wp-content\/gallery\/st-leon2025\/Leon-01.JPG\"\n\t\t\t\tdata-thumbnail=\"https:\/\/flinke-flossen.de\/wp-content\/gallery\/st-leon2025\/thumbs\/thumbs_Leon-01.JPG\"\n\t\t\t\tdata-image-id=\"220\"\n\t\t\t\tdata-title=\"Zeltaufbau\"\n\t\t\t\tdata-description=\"Zeltaufbau\"\n\t\t\t\tdata-image-slug=\"leon-01\"\n\t\t\t\tclass=\"ngg-simplelightbox\" rel=\"689ac6a9aa8bfbe429ddc524388551fb\">\n\t\t\t\t<img\n\t\t\t\t\ttitle=\"Zeltaufbau\"\n\t\t\t\t\talt=\"Zeltaufbau\"\n\t\t\t\t\tsrc=\"https:\/\/flinke-flossen.de\/wp-content\/gallery\/st-leon2025\/thumbs\/thumbs_Leon-01.JPG\"\n\t\t\t\t\twidth=\"240\"\n\t\t\t\t\theight=\"160\"\n\t\t\t\t\tstyle=\"max-width:100%;\"\n\t\t\t\t\/>\n\t\t\t<\/a>\n\t\t<\/div>\n\t\t\t\t\t\t\t<\/div> \n\t\t\t\n\t\t\t\t<div id=\"ngg-image-1\" class=\"ngg-gallery-thumbnail-box \n\t\t\t\t\t\t\t\tngg-3-columns\t\t\t\" \n\t\t\t>\n\t\t\t\t\t\t<div class=\"ngg-gallery-thumbnail\">\n\t\t\t<a href=\"https:\/\/flinke-flossen.de\/wp-content\/gallery\/st-leon2025\/Leon-02.JPG\"\n\t\t\t\ttitle=\"Erster Tauchgang\"\n\t\t\t\tdata-src=\"https:\/\/flinke-flossen.de\/wp-content\/gallery\/st-leon2025\/Leon-02.JPG\"\n\t\t\t\tdata-thumbnail=\"https:\/\/flinke-flossen.de\/wp-content\/gallery\/st-leon2025\/thumbs\/thumbs_Leon-02.JPG\"\n\t\t\t\tdata-image-id=\"219\"\n\t\t\t\tdata-title=\"Erster Tauchgang\"\n\t\t\t\tdata-description=\"Erster Tauchgang\"\n\t\t\t\tdata-image-slug=\"leon-02\"\n\t\t\t\tclass=\"ngg-simplelightbox\" rel=\"689ac6a9aa8bfbe429ddc524388551fb\">\n\t\t\t\t<img\n\t\t\t\t\ttitle=\"Erster Tauchgang\"\n\t\t\t\t\talt=\"Erster Tauchgang\"\n\t\t\t\t\tsrc=\"https:\/\/flinke-flossen.de\/wp-content\/gallery\/st-leon2025\/thumbs\/thumbs_Leon-02.JPG\"\n\t\t\t\t\twidth=\"240\"\n\t\t\t\t\theight=\"160\"\n\t\t\t\t\tstyle=\"max-width:100%;\"\n\t\t\t\t\/>\n\t\t\t<\/a>\n\t\t<\/div>\n\t\t\t\t\t\t\t<\/div> \n\t\t\t\n\t\t\t\t<div id=\"ngg-image-2\" class=\"ngg-gallery-thumbnail-box \n\t\t\t\t\t\t\t\tngg-3-columns\t\t\t\" \n\t\t\t>\n\t\t\t\t\t\t<div class=\"ngg-gallery-thumbnail\">\n\t\t\t<a href=\"https:\/\/flinke-flossen.de\/wp-content\/gallery\/st-leon2025\/Leon-03.JPG\"\n\t\t\t\ttitle=\"Tauchgang\"\n\t\t\t\tdata-src=\"https:\/\/flinke-flossen.de\/wp-content\/gallery\/st-leon2025\/Leon-03.JPG\"\n\t\t\t\tdata-thumbnail=\"https:\/\/flinke-flossen.de\/wp-content\/gallery\/st-leon2025\/thumbs\/thumbs_Leon-03.JPG\"\n\t\t\t\tdata-image-id=\"221\"\n\t\t\t\tdata-title=\"Tauchgang\"\n\t\t\t\tdata-description=\"Tauchgang\"\n\t\t\t\tdata-image-slug=\"leon-03\"\n\t\t\t\tclass=\"ngg-simplelightbox\" rel=\"689ac6a9aa8bfbe429ddc524388551fb\">\n\t\t\t\t<img\n\t\t\t\t\ttitle=\"Tauchgang\"\n\t\t\t\t\talt=\"Tauchgang\"\n\t\t\t\t\tsrc=\"https:\/\/flinke-flossen.de\/wp-content\/gallery\/st-leon2025\/thumbs\/thumbs_Leon-03.JPG\"\n\t\t\t\t\twidth=\"240\"\n\t\t\t\t\theight=\"160\"\n\t\t\t\t\tstyle=\"max-width:100%;\"\n\t\t\t\t\/>\n\t\t\t<\/a>\n\t\t<\/div>\n\t\t\t\t\t\t\t<\/div> \n\t\t\t\n\t\t\t\t<div id=\"ngg-image-3\" class=\"ngg-gallery-thumbnail-box \n\t\t\t\t\t\t\t\tngg-3-columns\t\t\t\" \n\t\t\t>\n\t\t\t\t\t\t<div class=\"ngg-gallery-thumbnail\">\n\t\t\t<a href=\"https:\/\/flinke-flossen.de\/wp-content\/gallery\/st-leon2025\/Leon-04.JPG\"\n\t\t\t\ttitle=\"Spieleabend\"\n\t\t\t\tdata-src=\"https:\/\/flinke-flossen.de\/wp-content\/gallery\/st-leon2025\/Leon-04.JPG\"\n\t\t\t\tdata-thumbnail=\"https:\/\/flinke-flossen.de\/wp-content\/gallery\/st-leon2025\/thumbs\/thumbs_Leon-04.JPG\"\n\t\t\t\tdata-image-id=\"218\"\n\t\t\t\tdata-title=\"Spieleabend\"\n\t\t\t\tdata-description=\"Spieleabend\"\n\t\t\t\tdata-image-slug=\"leon-04\"\n\t\t\t\tclass=\"ngg-simplelightbox\" rel=\"689ac6a9aa8bfbe429ddc524388551fb\">\n\t\t\t\t<img\n\t\t\t\t\ttitle=\"Spieleabend\"\n\t\t\t\t\talt=\"Spieleabend\"\n\t\t\t\t\tsrc=\"https:\/\/flinke-flossen.de\/wp-content\/gallery\/st-leon2025\/thumbs\/thumbs_Leon-04.JPG\"\n\t\t\t\t\twidth=\"240\"\n\t\t\t\t\theight=\"160\"\n\t\t\t\t\tstyle=\"max-width:100%;\"\n\t\t\t\t\/>\n\t\t\t<\/a>\n\t\t<\/div>\n\t\t\t\t\t\t\t<\/div> \n\t\t\t\n\t\t\t\t<div id=\"ngg-image-4\" class=\"ngg-gallery-thumbnail-box \n\t\t\t\t\t\t\t\tngg-3-columns\t\t\t\" \n\t\t\t>\n\t\t\t\t\t\t<div class=\"ngg-gallery-thumbnail\">\n\t\t\t<a href=\"https:\/\/flinke-flossen.de\/wp-content\/gallery\/st-leon2025\/Leon-05.JPG\"\n\t\t\t\ttitle=\"Ger\u00e4teaufbau\"\n\t\t\t\tdata-src=\"https:\/\/flinke-flossen.de\/wp-content\/gallery\/st-leon2025\/Leon-05.JPG\"\n\t\t\t\tdata-thumbnail=\"https:\/\/flinke-flossen.de\/wp-content\/gallery\/st-leon2025\/thumbs\/thumbs_Leon-05.JPG\"\n\t\t\t\tdata-image-id=\"223\"\n\t\t\t\tdata-title=\"Ger\u00e4teaufbau\"\n\t\t\t\tdata-description=\"Ger\u00e4teaufbau\"\n\t\t\t\tdata-image-slug=\"leon-05\"\n\t\t\t\tclass=\"ngg-simplelightbox\" rel=\"689ac6a9aa8bfbe429ddc524388551fb\">\n\t\t\t\t<img\n\t\t\t\t\ttitle=\"Ger\u00e4teaufbau\"\n\t\t\t\t\talt=\"Ger\u00e4teaufbau\"\n\t\t\t\t\tsrc=\"https:\/\/flinke-flossen.de\/wp-content\/gallery\/st-leon2025\/thumbs\/thumbs_Leon-05.JPG\"\n\t\t\t\t\twidth=\"240\"\n\t\t\t\t\theight=\"160\"\n\t\t\t\t\tstyle=\"max-width:100%;\"\n\t\t\t\t\/>\n\t\t\t<\/a>\n\t\t<\/div>\n\t\t\t\t\t\t\t<\/div> \n\t\t\t\n\t\t\t\t<div id=\"ngg-image-5\" class=\"ngg-gallery-thumbnail-box \n\t\t\t\t\t\t\t\tngg-3-columns\t\t\t\" \n\t\t\t>\n\t\t\t\t\t\t<div class=\"ngg-gallery-thumbnail\">\n\t\t\t<a href=\"https:\/\/flinke-flossen.de\/wp-content\/gallery\/st-leon2025\/Leon-06.JPG\"\n\t\t\t\ttitle=\"Relax in the Sun\"\n\t\t\t\tdata-src=\"https:\/\/flinke-flossen.de\/wp-content\/gallery\/st-leon2025\/Leon-06.JPG\"\n\t\t\t\tdata-thumbnail=\"https:\/\/flinke-flossen.de\/wp-content\/gallery\/st-leon2025\/thumbs\/thumbs_Leon-06.JPG\"\n\t\t\t\tdata-image-id=\"222\"\n\t\t\t\tdata-title=\"Relax in the Sun\"\n\t\t\t\tdata-description=\"Relax in the Sun\"\n\t\t\t\tdata-image-slug=\"leon-06\"\n\t\t\t\tclass=\"ngg-simplelightbox\" rel=\"689ac6a9aa8bfbe429ddc524388551fb\">\n\t\t\t\t<img\n\t\t\t\t\ttitle=\"Relax in the Sun\"\n\t\t\t\t\talt=\"Relax in the Sun\"\n\t\t\t\t\tsrc=\"https:\/\/flinke-flossen.de\/wp-content\/gallery\/st-leon2025\/thumbs\/thumbs_Leon-06.JPG\"\n\t\t\t\t\twidth=\"240\"\n\t\t\t\t\theight=\"160\"\n\t\t\t\t\tstyle=\"max-width:100%;\"\n\t\t\t\t\/>\n\t\t\t<\/a>\n\t\t<\/div>\n\t\t\t\t\t\t\t<\/div> \n\t\t\t\n\t\t\t\t<div id=\"ngg-image-6\" class=\"ngg-gallery-thumbnail-box \n\t\t\t\t\t\t\t\tngg-3-columns\t\t\t\" \n\t\t\t>\n\t\t\t\t\t\t<div class=\"ngg-gallery-thumbnail\">\n\t\t\t<a href=\"https:\/\/flinke-flossen.de\/wp-content\/gallery\/st-leon2025\/Leon-07.JPG\"\n\t\t\t\ttitle=\"Erste-Hilfe\"\n\t\t\t\tdata-src=\"https:\/\/flinke-flossen.de\/wp-content\/gallery\/st-leon2025\/Leon-07.JPG\"\n\t\t\t\tdata-thumbnail=\"https:\/\/flinke-flossen.de\/wp-content\/gallery\/st-leon2025\/thumbs\/thumbs_Leon-07.JPG\"\n\t\t\t\tdata-image-id=\"226\"\n\t\t\t\tdata-title=\"Erste-Hilfe\"\n\t\t\t\tdata-description=\"Erste-Hilfe\"\n\t\t\t\tdata-image-slug=\"leon-07\"\n\t\t\t\tclass=\"ngg-simplelightbox\" rel=\"689ac6a9aa8bfbe429ddc524388551fb\">\n\t\t\t\t<img\n\t\t\t\t\ttitle=\"Erste-Hilfe\"\n\t\t\t\t\talt=\"Erste-Hilfe\"\n\t\t\t\t\tsrc=\"https:\/\/flinke-flossen.de\/wp-content\/gallery\/st-leon2025\/thumbs\/thumbs_Leon-07.JPG\"\n\t\t\t\t\twidth=\"240\"\n\t\t\t\t\theight=\"160\"\n\t\t\t\t\tstyle=\"max-width:100%;\"\n\t\t\t\t\/>\n\t\t\t<\/a>\n\t\t<\/div>\n\t\t\t\t\t\t\t<\/div> \n\t\t\t\n\t\t\t\t<div id=\"ngg-image-7\" class=\"ngg-gallery-thumbnail-box \n\t\t\t\t\t\t\t\tngg-3-columns\t\t\t\" \n\t\t\t>\n\t\t\t\t\t\t<div class=\"ngg-gallery-thumbnail\">\n\t\t\t<a href=\"https:\/\/flinke-flossen.de\/wp-content\/gallery\/st-leon2025\/Leon-08.JPG\"\n\t\t\t\ttitle=\"Tauchertaufe\"\n\t\t\t\tdata-src=\"https:\/\/flinke-flossen.de\/wp-content\/gallery\/st-leon2025\/Leon-08.JPG\"\n\t\t\t\tdata-thumbnail=\"https:\/\/flinke-flossen.de\/wp-content\/gallery\/st-leon2025\/thumbs\/thumbs_Leon-08.JPG\"\n\t\t\t\tdata-image-id=\"227\"\n\t\t\t\tdata-title=\"Tauchertaufe\"\n\t\t\t\tdata-description=\"Tauchertaufe\"\n\t\t\t\tdata-image-slug=\"leon-08\"\n\t\t\t\tclass=\"ngg-simplelightbox\" rel=\"689ac6a9aa8bfbe429ddc524388551fb\">\n\t\t\t\t<img\n\t\t\t\t\ttitle=\"Tauchertaufe\"\n\t\t\t\t\talt=\"Tauchertaufe\"\n\t\t\t\t\tsrc=\"https:\/\/flinke-flossen.de\/wp-content\/gallery\/st-leon2025\/thumbs\/thumbs_Leon-08.JPG\"\n\t\t\t\t\twidth=\"240\"\n\t\t\t\t\theight=\"160\"\n\t\t\t\t\tstyle=\"max-width:100%;\"\n\t\t\t\t\/>\n\t\t\t<\/a>\n\t\t<\/div>\n\t\t\t\t\t\t\t<\/div> \n\t\t\t\n\t\t\t\t<div id=\"ngg-image-8\" class=\"ngg-gallery-thumbnail-box \n\t\t\t\t\t\t\t\tngg-3-columns\t\t\t\" \n\t\t\t>\n\t\t\t\t\t\t<div class=\"ngg-gallery-thumbnail\">\n\t\t\t<a href=\"https:\/\/flinke-flossen.de\/wp-content\/gallery\/st-leon2025\/Leon-09.JPG\"\n\t\t\t\ttitle=\"Tauchertaufe\"\n\t\t\t\tdata-src=\"https:\/\/flinke-flossen.de\/wp-content\/gallery\/st-leon2025\/Leon-09.JPG\"\n\t\t\t\tdata-thumbnail=\"https:\/\/flinke-flossen.de\/wp-content\/gallery\/st-leon2025\/thumbs\/thumbs_Leon-09.JPG\"\n\t\t\t\tdata-image-id=\"224\"\n\t\t\t\tdata-title=\"Tauchertaufe\"\n\t\t\t\tdata-description=\"Tauchertaufe\"\n\t\t\t\tdata-image-slug=\"leon-09\"\n\t\t\t\tclass=\"ngg-simplelightbox\" rel=\"689ac6a9aa8bfbe429ddc524388551fb\">\n\t\t\t\t<img\n\t\t\t\t\ttitle=\"Tauchertaufe\"\n\t\t\t\t\talt=\"Tauchertaufe\"\n\t\t\t\t\tsrc=\"https:\/\/flinke-flossen.de\/wp-content\/gallery\/st-leon2025\/thumbs\/thumbs_Leon-09.JPG\"\n\t\t\t\t\twidth=\"240\"\n\t\t\t\t\theight=\"160\"\n\t\t\t\t\tstyle=\"max-width:100%;\"\n\t\t\t\t\/>\n\t\t\t<\/a>\n\t\t<\/div>\n\t\t\t\t\t\t\t<\/div> \n\t\t\t\n\t\t\t\t<div id=\"ngg-image-9\" class=\"ngg-gallery-thumbnail-box \n\t\t\t\t\t\t\t\tngg-3-columns\t\t\t\" \n\t\t\t>\n\t\t\t\t\t\t<div class=\"ngg-gallery-thumbnail\">\n\t\t\t<a href=\"https:\/\/flinke-flossen.de\/wp-content\/gallery\/st-leon2025\/Leon-11.JPG\"\n\t\t\t\ttitle=\"Tauchertaufe\"\n\t\t\t\tdata-src=\"https:\/\/flinke-flossen.de\/wp-content\/gallery\/st-leon2025\/Leon-11.JPG\"\n\t\t\t\tdata-thumbnail=\"https:\/\/flinke-flossen.de\/wp-content\/gallery\/st-leon2025\/thumbs\/thumbs_Leon-11.JPG\"\n\t\t\t\tdata-image-id=\"225\"\n\t\t\t\tdata-title=\"Tauchertaufe\"\n\t\t\t\tdata-description=\"Tauchertaufe\"\n\t\t\t\tdata-image-slug=\"leon-11\"\n\t\t\t\tclass=\"ngg-simplelightbox\" rel=\"689ac6a9aa8bfbe429ddc524388551fb\">\n\t\t\t\t<img\n\t\t\t\t\ttitle=\"Tauchertaufe\"\n\t\t\t\t\talt=\"Tauchertaufe\"\n\t\t\t\t\tsrc=\"https:\/\/flinke-flossen.de\/wp-content\/gallery\/st-leon2025\/thumbs\/thumbs_Leon-11.JPG\"\n\t\t\t\t\twidth=\"240\"\n\t\t\t\t\theight=\"160\"\n\t\t\t\t\tstyle=\"max-width:100%;\"\n\t\t\t\t\/>\n\t\t\t<\/a>\n\t\t<\/div>\n\t\t\t\t\t\t\t<\/div> \n\t\t\t\n\t\t\t\t<div id=\"ngg-image-10\" class=\"ngg-gallery-thumbnail-box \n\t\t\t\t\t\t\t\tngg-3-columns\t\t\t\" \n\t\t\t>\n\t\t\t\t\t\t<div class=\"ngg-gallery-thumbnail\">\n\t\t\t<a href=\"https:\/\/flinke-flossen.de\/wp-content\/gallery\/st-leon2025\/Leon-12.JPG\"\n\t\t\t\ttitle=\"Tauchertaufe\"\n\t\t\t\tdata-src=\"https:\/\/flinke-flossen.de\/wp-content\/gallery\/st-leon2025\/Leon-12.JPG\"\n\t\t\t\tdata-thumbnail=\"https:\/\/flinke-flossen.de\/wp-content\/gallery\/st-leon2025\/thumbs\/thumbs_Leon-12.JPG\"\n\t\t\t\tdata-image-id=\"228\"\n\t\t\t\tdata-title=\"Tauchertaufe\"\n\t\t\t\tdata-description=\"Tauchertaufe\"\n\t\t\t\tdata-image-slug=\"leon-12\"\n\t\t\t\tclass=\"ngg-simplelightbox\" rel=\"689ac6a9aa8bfbe429ddc524388551fb\">\n\t\t\t\t<img\n\t\t\t\t\ttitle=\"Tauchertaufe\"\n\t\t\t\t\talt=\"Tauchertaufe\"\n\t\t\t\t\tsrc=\"https:\/\/flinke-flossen.de\/wp-content\/gallery\/st-leon2025\/thumbs\/thumbs_Leon-12.JPG\"\n\t\t\t\t\twidth=\"240\"\n\t\t\t\t\theight=\"160\"\n\t\t\t\t\tstyle=\"max-width:100%;\"\n\t\t\t\t\/>\n\t\t\t<\/a>\n\t\t<\/div>\n\t\t\t\t\t\t\t<\/div> \n\t\t\t\n\t\t\t\t<div id=\"ngg-image-11\" class=\"ngg-gallery-thumbnail-box \n\t\t\t\t\t\t\t\tngg-3-columns\t\t\t\" \n\t\t\t>\n\t\t\t\t\t\t<div class=\"ngg-gallery-thumbnail\">\n\t\t\t<a href=\"https:\/\/flinke-flossen.de\/wp-content\/gallery\/st-leon2025\/Leon-14.JPG\"\n\t\t\t\ttitle=\"Kinoabend\"\n\t\t\t\tdata-src=\"https:\/\/flinke-flossen.de\/wp-content\/gallery\/st-leon2025\/Leon-14.JPG\"\n\t\t\t\tdata-thumbnail=\"https:\/\/flinke-flossen.de\/wp-content\/gallery\/st-leon2025\/thumbs\/thumbs_Leon-14.JPG\"\n\t\t\t\tdata-image-id=\"229\"\n\t\t\t\tdata-title=\"Kinoabend\"\n\t\t\t\tdata-description=\"Kinoabend\"\n\t\t\t\tdata-image-slug=\"leon-14\"\n\t\t\t\tclass=\"ngg-simplelightbox\" rel=\"689ac6a9aa8bfbe429ddc524388551fb\">\n\t\t\t\t<img\n\t\t\t\t\ttitle=\"Kinoabend\"\n\t\t\t\t\talt=\"Kinoabend\"\n\t\t\t\t\tsrc=\"https:\/\/flinke-flossen.de\/wp-content\/gallery\/st-leon2025\/thumbs\/thumbs_Leon-14.JPG\"\n\t\t\t\t\twidth=\"240\"\n\t\t\t\t\theight=\"160\"\n\t\t\t\t\tstyle=\"max-width:100%;\"\n\t\t\t\t\/>\n\t\t\t<\/a>\n\t\t<\/div>\n\t\t\t\t\t\t\t<\/div> \n\t\t\t\n\t\t\t\t<div id=\"ngg-image-12\" class=\"ngg-gallery-thumbnail-box \n\t\t\t\t\t\t\t\tngg-3-columns\t\t\t\" \n\t\t\t>\n\t\t\t\t\t\t<div class=\"ngg-gallery-thumbnail\">\n\t\t\t<a href=\"https:\/\/flinke-flossen.de\/wp-content\/gallery\/st-leon2025\/Leon-15.JPG\"\n\t\t\t\ttitle=\"Kinoabend\"\n\t\t\t\tdata-src=\"https:\/\/flinke-flossen.de\/wp-content\/gallery\/st-leon2025\/Leon-15.JPG\"\n\t\t\t\tdata-thumbnail=\"https:\/\/flinke-flossen.de\/wp-content\/gallery\/st-leon2025\/thumbs\/thumbs_Leon-15.JPG\"\n\t\t\t\tdata-image-id=\"230\"\n\t\t\t\tdata-title=\"Kinoabend\"\n\t\t\t\tdata-description=\"Kinoabend\"\n\t\t\t\tdata-image-slug=\"leon-15\"\n\t\t\t\tclass=\"ngg-simplelightbox\" rel=\"689ac6a9aa8bfbe429ddc524388551fb\">\n\t\t\t\t<img\n\t\t\t\t\ttitle=\"Kinoabend\"\n\t\t\t\t\talt=\"Kinoabend\"\n\t\t\t\t\tsrc=\"https:\/\/flinke-flossen.de\/wp-content\/gallery\/st-leon2025\/thumbs\/thumbs_Leon-15.JPG\"\n\t\t\t\t\twidth=\"240\"\n\t\t\t\t\theight=\"160\"\n\t\t\t\t\tstyle=\"max-width:100%;\"\n\t\t\t\t\/>\n\t\t\t<\/a>\n\t\t<\/div>\n\t\t\t\t\t\t\t<\/div> \n\t\t\t\n\t\t\t\t<div id=\"ngg-image-13\" class=\"ngg-gallery-thumbnail-box \n\t\t\t\t\t\t\t\tngg-3-columns\t\t\t\" \n\t\t\t>\n\t\t\t\t\t\t<div class=\"ngg-gallery-thumbnail\">\n\t\t\t<a href=\"https:\/\/flinke-flossen.de\/wp-content\/gallery\/st-leon2025\/Leon-16.JPG\"\n\t\t\t\ttitle=\"Kinoabend\"\n\t\t\t\tdata-src=\"https:\/\/flinke-flossen.de\/wp-content\/gallery\/st-leon2025\/Leon-16.JPG\"\n\t\t\t\tdata-thumbnail=\"https:\/\/flinke-flossen.de\/wp-content\/gallery\/st-leon2025\/thumbs\/thumbs_Leon-16.JPG\"\n\t\t\t\tdata-image-id=\"231\"\n\t\t\t\tdata-title=\"Kinoabend\"\n\t\t\t\tdata-description=\"Kinoabend\"\n\t\t\t\tdata-image-slug=\"leon-16\"\n\t\t\t\tclass=\"ngg-simplelightbox\" rel=\"689ac6a9aa8bfbe429ddc524388551fb\">\n\t\t\t\t<img\n\t\t\t\t\ttitle=\"Kinoabend\"\n\t\t\t\t\talt=\"Kinoabend\"\n\t\t\t\t\tsrc=\"https:\/\/flinke-flossen.de\/wp-content\/gallery\/st-leon2025\/thumbs\/thumbs_Leon-16.JPG\"\n\t\t\t\t\twidth=\"240\"\n\t\t\t\t\theight=\"160\"\n\t\t\t\t\tstyle=\"max-width:100%;\"\n\t\t\t\t\/>\n\t\t\t<\/a>\n\t\t<\/div>\n\t\t\t\t\t\t\t<\/div> \n\t\t\t\n\t\t\t\t<div id=\"ngg-image-14\" class=\"ngg-gallery-thumbnail-box \n\t\t\t\t\t\t\t\tngg-3-columns\t\t\t\" \n\t\t\t>\n\t\t\t\t\t\t<div class=\"ngg-gallery-thumbnail\">\n\t\t\t<a href=\"https:\/\/flinke-flossen.de\/wp-content\/gallery\/st-leon2025\/Leon-17.JPG\"\n\t\t\t\ttitle=\"Tauchgang\"\n\t\t\t\tdata-src=\"https:\/\/flinke-flossen.de\/wp-content\/gallery\/st-leon2025\/Leon-17.JPG\"\n\t\t\t\tdata-thumbnail=\"https:\/\/flinke-flossen.de\/wp-content\/gallery\/st-leon2025\/thumbs\/thumbs_Leon-17.JPG\"\n\t\t\t\tdata-image-id=\"232\"\n\t\t\t\tdata-title=\"Tauchgang\"\n\t\t\t\tdata-description=\"Tauchgang\"\n\t\t\t\tdata-image-slug=\"leon-17\"\n\t\t\t\tclass=\"ngg-simplelightbox\" rel=\"689ac6a9aa8bfbe429ddc524388551fb\">\n\t\t\t\t<img\n\t\t\t\t\ttitle=\"Tauchgang\"\n\t\t\t\t\talt=\"Tauchgang\"\n\t\t\t\t\tsrc=\"https:\/\/flinke-flossen.de\/wp-content\/gallery\/st-leon2025\/thumbs\/thumbs_Leon-17.JPG\"\n\t\t\t\t\twidth=\"240\"\n\t\t\t\t\theight=\"160\"\n\t\t\t\t\tstyle=\"max-width:100%;\"\n\t\t\t\t\/>\n\t\t\t<\/a>\n\t\t<\/div>\n\t\t\t\t\t\t\t<\/div> \n\t\t\t\n\t\t\t\t<div id=\"ngg-image-15\" class=\"ngg-gallery-thumbnail-box \n\t\t\t\t\t\t\t\tngg-3-columns\t\t\t\" \n\t\t\t>\n\t\t\t\t\t\t<div class=\"ngg-gallery-thumbnail\">\n\t\t\t<a href=\"https:\/\/flinke-flossen.de\/wp-content\/gallery\/st-leon2025\/Leon-18.JPG\"\n\t\t\t\ttitle=\"Tauchgang\"\n\t\t\t\tdata-src=\"https:\/\/flinke-flossen.de\/wp-content\/gallery\/st-leon2025\/Leon-18.JPG\"\n\t\t\t\tdata-thumbnail=\"https:\/\/flinke-flossen.de\/wp-content\/gallery\/st-leon2025\/thumbs\/thumbs_Leon-18.JPG\"\n\t\t\t\tdata-image-id=\"233\"\n\t\t\t\tdata-title=\"Tauchgang\"\n\t\t\t\tdata-description=\"Tauchgang\"\n\t\t\t\tdata-image-slug=\"leon-18\"\n\t\t\t\tclass=\"ngg-simplelightbox\" rel=\"689ac6a9aa8bfbe429ddc524388551fb\">\n\t\t\t\t<img\n\t\t\t\t\ttitle=\"Tauchgang\"\n\t\t\t\t\talt=\"Tauchgang\"\n\t\t\t\t\tsrc=\"https:\/\/flinke-flossen.de\/wp-content\/gallery\/st-leon2025\/thumbs\/thumbs_Leon-18.JPG\"\n\t\t\t\t\twidth=\"240\"\n\t\t\t\t\theight=\"160\"\n\t\t\t\t\tstyle=\"max-width:100%;\"\n\t\t\t\t\/>\n\t\t\t<\/a>\n\t\t<\/div>\n\t\t\t\t\t\t\t<\/div> \n\t\t\t\n\t\t\t\t<div id=\"ngg-image-16\" class=\"ngg-gallery-thumbnail-box \n\t\t\t\t\t\t\t\tngg-3-columns\t\t\t\" \n\t\t\t>\n\t\t\t\t\t\t<div class=\"ngg-gallery-thumbnail\">\n\t\t\t<a href=\"https:\/\/flinke-flossen.de\/wp-content\/gallery\/st-leon2025\/Leon-19.JPG\"\n\t\t\t\ttitle=\"Nachmittagsstimmung\"\n\t\t\t\tdata-src=\"https:\/\/flinke-flossen.de\/wp-content\/gallery\/st-leon2025\/Leon-19.JPG\"\n\t\t\t\tdata-thumbnail=\"https:\/\/flinke-flossen.de\/wp-content\/gallery\/st-leon2025\/thumbs\/thumbs_Leon-19.JPG\"\n\t\t\t\tdata-image-id=\"235\"\n\t\t\t\tdata-title=\"Nachmittagsstimmung\"\n\t\t\t\tdata-description=\"Nachmittagsstimmung\"\n\t\t\t\tdata-image-slug=\"leon-19\"\n\t\t\t\tclass=\"ngg-simplelightbox\" rel=\"689ac6a9aa8bfbe429ddc524388551fb\">\n\t\t\t\t<img\n\t\t\t\t\ttitle=\"Nachmittagsstimmung\"\n\t\t\t\t\talt=\"Nachmittagsstimmung\"\n\t\t\t\t\tsrc=\"https:\/\/flinke-flossen.de\/wp-content\/gallery\/st-leon2025\/thumbs\/thumbs_Leon-19.JPG\"\n\t\t\t\t\twidth=\"240\"\n\t\t\t\t\theight=\"160\"\n\t\t\t\t\tstyle=\"max-width:100%;\"\n\t\t\t\t\/>\n\t\t\t<\/a>\n\t\t<\/div>\n\t\t\t\t\t\t\t<\/div> \n\t\t\t\n\t\t\t\t<div id=\"ngg-image-17\" class=\"ngg-gallery-thumbnail-box \n\t\t\t\t\t\t\t\tngg-3-columns\t\t\t\" \n\t\t\t>\n\t\t\t\t\t\t<div class=\"ngg-gallery-thumbnail\">\n\t\t\t<a href=\"https:\/\/flinke-flossen.de\/wp-content\/gallery\/st-leon2025\/Leon-20.JPG\"\n\t\t\t\ttitle=\"Gruppenfoto\"\n\t\t\t\tdata-src=\"https:\/\/flinke-flossen.de\/wp-content\/gallery\/st-leon2025\/Leon-20.JPG\"\n\t\t\t\tdata-thumbnail=\"https:\/\/flinke-flossen.de\/wp-content\/gallery\/st-leon2025\/thumbs\/thumbs_Leon-20.JPG\"\n\t\t\t\tdata-image-id=\"234\"\n\t\t\t\tdata-title=\"Gruppenfoto\"\n\t\t\t\tdata-description=\"Gruppenfoto\"\n\t\t\t\tdata-image-slug=\"leon-20\"\n\t\t\t\tclass=\"ngg-simplelightbox\" rel=\"689ac6a9aa8bfbe429ddc524388551fb\">\n\t\t\t\t<img\n\t\t\t\t\ttitle=\"Gruppenfoto\"\n\t\t\t\t\talt=\"Gruppenfoto\"\n\t\t\t\t\tsrc=\"https:\/\/flinke-flossen.de\/wp-content\/gallery\/st-leon2025\/thumbs\/thumbs_Leon-20.JPG\"\n\t\t\t\t\twidth=\"240\"\n\t\t\t\t\theight=\"160\"\n\t\t\t\t\tstyle=\"max-width:100%;\"\n\t\t\t\t\/>\n\t\t\t<\/a>\n\t\t<\/div>\n\t\t\t\t\t\t\t<\/div> \n\t\t\t\n\t\n\t<br style=\"clear: both\" \/>\n\n\t\n\t\t<!-- Pagination -->\n\t\t<div class='ngg-clear'><\/div>\t<\/div>\n\n","protected":false},"excerpt":{"rendered":"<p>Ein Wochenende unter Fischen Hast du dich jemals gefragt, wie St. Leon unter Wasser aussieht? Dann w\u00e4re das Jugendtauch-Wochenende der Flinken Flossen bestimmt auch etwas f\u00fcr dich gewesen. Am Freitag, den 5. September machten wir uns direkt nach der Schule &hellip; <a href=\"https:\/\/flinke-flossen.de\/?page_id=1432\">Weiterlesen <span class=\"meta-nav\">&rarr;<\/span><\/a><\/p>\n","protected":false},"author":1,"featured_media":0,"parent":150,"menu_order":91,"comment_status":"closed","ping_status":"closed","template":"onecolumn-page.php","meta":{"ngg_post_thumbnail":0,"footnotes":""},"_links":{"self":[{"href":"https:\/\/flinke-flossen.de\/index.php?rest_route=\/wp\/v2\/pages\/1432"}],"collection":[{"href":"https:\/\/flinke-flossen.de\/index.php?rest_route=\/wp\/v2\/pages"}],"about":[{"href":"https:\/\/flinke-flossen.de\/index.php?rest_route=\/wp\/v2\/types\/page"}],"author":[{"embeddable":true,"href":"https:\/\/flinke-flossen.de\/index.php?rest_route=\/wp\/v2\/users\/1"}],"replies":[{"embeddable":true,"href":"https:\/\/flinke-flossen.de\/index.php?rest_route=%2Fwp%2Fv2%2Fcomments&post=1432"}],"version-history":[{"count":4,"href":"https:\/\/flinke-flossen.de\/index.php?rest_route=\/wp\/v2\/pages\/1432\/revisions"}],"predecessor-version":[{"id":1455,"href":"https:\/\/flinke-flossen.de\/index.php?rest_route=\/wp\/v2\/pages\/1432\/revisions\/1455"}],"up":[{"embeddable":true,"href":"https:\/\/flinke-flossen.de\/index.php?rest_route=\/wp\/v2\/pages\/150"}],"wp:attachment":[{"href":"https:\/\/flinke-flossen.de\/index.php?rest_route=%2Fwp%2Fv2%2Fmedia&parent=1432"}],"curies":[{"name":"wp","href":"https:\/\/api.w.org\/{rel}","templated":true}]}}