{"id":1408,"date":"2025-07-24T14:02:55","date_gmt":"2025-07-24T14:02:55","guid":{"rendered":"https:\/\/flinke-flossen.de\/?page_id=1408"},"modified":"2025-07-24T14:03:41","modified_gmt":"2025-07-24T14:03:41","slug":"ausbildungswochenende","status":"publish","type":"page","link":"https:\/\/flinke-flossen.de\/?page_id=1408","title":{"rendered":"Ausbildungswochenende"},"content":{"rendered":"\n<p><p class=\"MsoNoSpacing\">Am 18. und 19.7 war es wieder soweit, das n\u00e4chste Ausbildungswochenende der Flinken-Flossen stand an.<\/p><\/p>\n\n\n\n<p>Mit 14 Teilnehmern und 10 Ausbildern verbrachten wir zwei sch\u00f6ne Tage in Herborn am See, die meiste Zeit bei Sonnenschein und angenehmen Temperaturen. Es wurden sowohl Spa\u00dftauchg\u00e4nge als auch Pr\u00fcfungstauchg\u00e4nge f\u00fcr die Tauchbrevets CMAS* bis CMAS*** absolviert. Sehr gefreut haben wir uns auch, dass zwei der Teilnehmerinnen am Wochenende ihren ersten richtigen Seetauchgang machen konnten und dass zwei Teilnehmer ihren CMAS* erfolgreich abgeschlossen haben.<\/p>\n\n\n\n<p><p class=\"MsoNoSpacing\">Ein weiteres Highlight f\u00fcr alle war das Nachttauchen nach dem gemeinsamen Grillen, bei dem, wie schon tags\u00fcber, nochmal eine Vielzahl von Fischen entdeckt werden konnte. Im Anschluss daran gab es Lagerfeuer und Stockbrot, bevor alle nach und nach in ihre Schlafpl\u00e4tze verschwanden. Auch die zwei Siebenschl\u00e4fer, die nach dem Nachttauchen kurz beim Vorbau der H\u00fctte vorbei schauten und vor allem bei den Teilnehmerinnen f\u00fcr gro\u00dfe Begeisterung sorgten, machten nachts keinen Krawall, sodass alle morgens mehr oder weniger ausgeschlafen gut in den zweiten Tag starten konnten. Eine mutige Teilnehmerin begann den Tag sogar mit einer Runde Schwimmen im See bei morgendlichem Sonnenschein.<\/p><\/p>\n\n\n\n<p><p class=\"MsoNoSpacing\">Insgesamt hatten wir eine sch\u00f6ne Zeit mit gutem Essen, tollen Tauchg\u00e4ngen und vielen sch\u00f6nen Gespr\u00e4chen.<\/p><\/p>\n\n\n\n<p>Wir bedanken uns bei allen, die die Flinken Flossen mit Salaten, Kuchen, Obst und Snacks versorgt haben und bei den Ausbildern, ohne die das Wochenende so nicht m\u00f6glich gewesen w\u00e4re. (Text: Lisa Terk)<\/p>\n\n\n\n<!-- default-view.php -->\n<div\n\tclass=\"ngg-galleryoverview default-view \n\t\t\"\n\tid=\"ngg-gallery-4d2222f1ee40c9fe8023aab9b0a0eb06-1\">\n\n\t\t<!-- Thumbnails -->\n\t\t\t\t<div id=\"ngg-image-0\" class=\"ngg-gallery-thumbnail-box \n\t\t\t\t\t\t\t\t\t\t\t\" \n\t\t\t>\n\t\t\t\t\t\t<div class=\"ngg-gallery-thumbnail\">\n\t\t\t<a href=\"https:\/\/flinke-flossen.de\/wp-content\/gallery\/schoenbach-2025\/IMG_6462.JPG\"\n\t\t\t\ttitle=\"Unser Tauchplatz\"\n\t\t\t\tdata-src=\"https:\/\/flinke-flossen.de\/wp-content\/gallery\/schoenbach-2025\/IMG_6462.JPG\"\n\t\t\t\tdata-thumbnail=\"https:\/\/flinke-flossen.de\/wp-content\/gallery\/schoenbach-2025\/thumbs\/thumbs_IMG_6462.JPG\"\n\t\t\t\tdata-image-id=\"217\"\n\t\t\t\tdata-title=\"IMG_6462\"\n\t\t\t\tdata-description=\"Unser Tauchplatz\"\n\t\t\t\tdata-image-slug=\"img_6462\"\n\t\t\t\tclass=\"ngg-simplelightbox\" rel=\"4d2222f1ee40c9fe8023aab9b0a0eb06\">\n\t\t\t\t<img\n\t\t\t\t\ttitle=\"IMG_6462\"\n\t\t\t\t\talt=\"IMG_6462\"\n\t\t\t\t\tsrc=\"https:\/\/flinke-flossen.de\/wp-content\/gallery\/schoenbach-2025\/thumbs\/thumbs_IMG_6462.JPG\"\n\t\t\t\t\twidth=\"240\"\n\t\t\t\t\theight=\"160\"\n\t\t\t\t\tstyle=\"max-width:100%;\"\n\t\t\t\t\/>\n\t\t\t<\/a>\n\t\t<\/div>\n\t\t\t\t\t\t\t<\/div> \n\t\t\t\n\t\t\t\t<div id=\"ngg-image-1\" class=\"ngg-gallery-thumbnail-box \n\t\t\t\t\t\t\t\t\t\t\t\" \n\t\t\t>\n\t\t\t\t\t\t<div class=\"ngg-gallery-thumbnail\">\n\t\t\t<a href=\"https:\/\/flinke-flossen.de\/wp-content\/gallery\/schoenbach-2025\/IMG_6467.JPEG\"\n\t\t\t\ttitle=\"Briefing\"\n\t\t\t\tdata-src=\"https:\/\/flinke-flossen.de\/wp-content\/gallery\/schoenbach-2025\/IMG_6467.JPEG\"\n\t\t\t\tdata-thumbnail=\"https:\/\/flinke-flossen.de\/wp-content\/gallery\/schoenbach-2025\/thumbs\/thumbs_IMG_6467.JPEG\"\n\t\t\t\tdata-image-id=\"212\"\n\t\t\t\tdata-title=\"IMG_6467\"\n\t\t\t\tdata-description=\"Briefing\"\n\t\t\t\tdata-image-slug=\"img_6467\"\n\t\t\t\tclass=\"ngg-simplelightbox\" rel=\"4d2222f1ee40c9fe8023aab9b0a0eb06\">\n\t\t\t\t<img\n\t\t\t\t\ttitle=\"IMG_6467\"\n\t\t\t\t\talt=\"IMG_6467\"\n\t\t\t\t\tsrc=\"https:\/\/flinke-flossen.de\/wp-content\/gallery\/schoenbach-2025\/thumbs\/thumbs_IMG_6467.JPEG\"\n\t\t\t\t\twidth=\"240\"\n\t\t\t\t\theight=\"160\"\n\t\t\t\t\tstyle=\"max-width:100%;\"\n\t\t\t\t\/>\n\t\t\t<\/a>\n\t\t<\/div>\n\t\t\t\t\t\t\t<\/div> \n\t\t\t\n\t\t\t\t<div id=\"ngg-image-2\" class=\"ngg-gallery-thumbnail-box \n\t\t\t\t\t\t\t\t\t\t\t\" \n\t\t\t>\n\t\t\t\t\t\t<div class=\"ngg-gallery-thumbnail\">\n\t\t\t<a href=\"https:\/\/flinke-flossen.de\/wp-content\/gallery\/schoenbach-2025\/IMG_6460.JPG\"\n\t\t\t\ttitle=\"Die Boje steht\"\n\t\t\t\tdata-src=\"https:\/\/flinke-flossen.de\/wp-content\/gallery\/schoenbach-2025\/IMG_6460.JPG\"\n\t\t\t\tdata-thumbnail=\"https:\/\/flinke-flossen.de\/wp-content\/gallery\/schoenbach-2025\/thumbs\/thumbs_IMG_6460.JPG\"\n\t\t\t\tdata-image-id=\"214\"\n\t\t\t\tdata-title=\"IMG_6460\"\n\t\t\t\tdata-description=\"Die Boje steht\"\n\t\t\t\tdata-image-slug=\"img_6460\"\n\t\t\t\tclass=\"ngg-simplelightbox\" rel=\"4d2222f1ee40c9fe8023aab9b0a0eb06\">\n\t\t\t\t<img\n\t\t\t\t\ttitle=\"IMG_6460\"\n\t\t\t\t\talt=\"IMG_6460\"\n\t\t\t\t\tsrc=\"https:\/\/flinke-flossen.de\/wp-content\/gallery\/schoenbach-2025\/thumbs\/thumbs_IMG_6460.JPG\"\n\t\t\t\t\twidth=\"240\"\n\t\t\t\t\theight=\"160\"\n\t\t\t\t\tstyle=\"max-width:100%;\"\n\t\t\t\t\/>\n\t\t\t<\/a>\n\t\t<\/div>\n\t\t\t\t\t\t\t<\/div> \n\t\t\t\n\t\t\t\t<div id=\"ngg-image-3\" class=\"ngg-gallery-thumbnail-box \n\t\t\t\t\t\t\t\t\t\t\t\" \n\t\t\t>\n\t\t\t\t\t\t<div class=\"ngg-gallery-thumbnail\">\n\t\t\t<a href=\"https:\/\/flinke-flossen.de\/wp-content\/gallery\/schoenbach-2025\/IMG_6458.JPG\"\n\t\t\t\ttitle=\"Abtauchen\"\n\t\t\t\tdata-src=\"https:\/\/flinke-flossen.de\/wp-content\/gallery\/schoenbach-2025\/IMG_6458.JPG\"\n\t\t\t\tdata-thumbnail=\"https:\/\/flinke-flossen.de\/wp-content\/gallery\/schoenbach-2025\/thumbs\/thumbs_IMG_6458.JPG\"\n\t\t\t\tdata-image-id=\"213\"\n\t\t\t\tdata-title=\"IMG_6458\"\n\t\t\t\tdata-description=\"Abtauchen\"\n\t\t\t\tdata-image-slug=\"img_6458\"\n\t\t\t\tclass=\"ngg-simplelightbox\" rel=\"4d2222f1ee40c9fe8023aab9b0a0eb06\">\n\t\t\t\t<img\n\t\t\t\t\ttitle=\"IMG_6458\"\n\t\t\t\t\talt=\"IMG_6458\"\n\t\t\t\t\tsrc=\"https:\/\/flinke-flossen.de\/wp-content\/gallery\/schoenbach-2025\/thumbs\/thumbs_IMG_6458.JPG\"\n\t\t\t\t\twidth=\"240\"\n\t\t\t\t\theight=\"160\"\n\t\t\t\t\tstyle=\"max-width:100%;\"\n\t\t\t\t\/>\n\t\t\t<\/a>\n\t\t<\/div>\n\t\t\t\t\t\t\t<\/div> \n\t\t\t\n\t\t\t\t<div id=\"ngg-image-4\" class=\"ngg-gallery-thumbnail-box \n\t\t\t\t\t\t\t\t\t\t\t\" \n\t\t\t>\n\t\t\t\t\t\t<div class=\"ngg-gallery-thumbnail\">\n\t\t\t<a href=\"https:\/\/flinke-flossen.de\/wp-content\/gallery\/schoenbach-2025\/IMG_6469.JPG\"\n\t\t\t\ttitle=\"Regenschauer (oder will er unerkannt bleiben?)\"\n\t\t\t\tdata-src=\"https:\/\/flinke-flossen.de\/wp-content\/gallery\/schoenbach-2025\/IMG_6469.JPG\"\n\t\t\t\tdata-thumbnail=\"https:\/\/flinke-flossen.de\/wp-content\/gallery\/schoenbach-2025\/thumbs\/thumbs_IMG_6469.JPG\"\n\t\t\t\tdata-image-id=\"215\"\n\t\t\t\tdata-title=\"IMG_6469\"\n\t\t\t\tdata-description=\"Regenschauer (oder will er unerkannt bleiben?)\"\n\t\t\t\tdata-image-slug=\"img_6469\"\n\t\t\t\tclass=\"ngg-simplelightbox\" rel=\"4d2222f1ee40c9fe8023aab9b0a0eb06\">\n\t\t\t\t<img\n\t\t\t\t\ttitle=\"IMG_6469\"\n\t\t\t\t\talt=\"IMG_6469\"\n\t\t\t\t\tsrc=\"https:\/\/flinke-flossen.de\/wp-content\/gallery\/schoenbach-2025\/thumbs\/thumbs_IMG_6469.JPG\"\n\t\t\t\t\twidth=\"240\"\n\t\t\t\t\theight=\"160\"\n\t\t\t\t\tstyle=\"max-width:100%;\"\n\t\t\t\t\/>\n\t\t\t<\/a>\n\t\t<\/div>\n\t\t\t\t\t\t\t<\/div> \n\t\t\t\n\t\t\t\t<div id=\"ngg-image-5\" class=\"ngg-gallery-thumbnail-box \n\t\t\t\t\t\t\t\t\t\t\t\" \n\t\t\t>\n\t\t\t\t\t\t<div class=\"ngg-gallery-thumbnail\">\n\t\t\t<a href=\"https:\/\/flinke-flossen.de\/wp-content\/gallery\/schoenbach-2025\/IMG_6453.JPG\"\n\t\t\t\ttitle=\"Die Flinken-Flossen\"\n\t\t\t\tdata-src=\"https:\/\/flinke-flossen.de\/wp-content\/gallery\/schoenbach-2025\/IMG_6453.JPG\"\n\t\t\t\tdata-thumbnail=\"https:\/\/flinke-flossen.de\/wp-content\/gallery\/schoenbach-2025\/thumbs\/thumbs_IMG_6453.JPG\"\n\t\t\t\tdata-image-id=\"216\"\n\t\t\t\tdata-title=\"IMG_6453\"\n\t\t\t\tdata-description=\"Die Flinken-Flossen\"\n\t\t\t\tdata-image-slug=\"img_6453\"\n\t\t\t\tclass=\"ngg-simplelightbox\" rel=\"4d2222f1ee40c9fe8023aab9b0a0eb06\">\n\t\t\t\t<img\n\t\t\t\t\ttitle=\"IMG_6453\"\n\t\t\t\t\talt=\"IMG_6453\"\n\t\t\t\t\tsrc=\"https:\/\/flinke-flossen.de\/wp-content\/gallery\/schoenbach-2025\/thumbs\/thumbs_IMG_6453.JPG\"\n\t\t\t\t\twidth=\"240\"\n\t\t\t\t\theight=\"160\"\n\t\t\t\t\tstyle=\"max-width:100%;\"\n\t\t\t\t\/>\n\t\t\t<\/a>\n\t\t<\/div>\n\t\t\t\t\t\t\t<\/div> \n\t\t\t\n\t\n\t<br style=\"clear: both\" \/>\n\n\t\n\t\t<!-- Pagination -->\n\t\t<div class='ngg-clear'><\/div>\t<\/div>\n\n","protected":false},"excerpt":{"rendered":"<p>Am 18. und 19.7 war es wieder soweit, das n\u00e4chste Ausbildungswochenende der Flinken-Flossen stand an. Mit 14 Teilnehmern und 10 Ausbildern verbrachten wir zwei sch\u00f6ne Tage in Herborn am See, die meiste Zeit bei Sonnenschein und angenehmen Temperaturen. Es wurden &hellip; <a href=\"https:\/\/flinke-flossen.de\/?page_id=1408\">Weiterlesen <span class=\"meta-nav\">&rarr;<\/span><\/a><\/p>\n","protected":false},"author":1,"featured_media":0,"parent":14,"menu_order":165,"comment_status":"closed","ping_status":"closed","template":"onecolumn-page.php","meta":{"ngg_post_thumbnail":0,"footnotes":""},"_links":{"self":[{"href":"https:\/\/flinke-flossen.de\/index.php?rest_route=\/wp\/v2\/pages\/1408"}],"collection":[{"href":"https:\/\/flinke-flossen.de\/index.php?rest_route=\/wp\/v2\/pages"}],"about":[{"href":"https:\/\/flinke-flossen.de\/index.php?rest_route=\/wp\/v2\/types\/page"}],"author":[{"embeddable":true,"href":"https:\/\/flinke-flossen.de\/index.php?rest_route=\/wp\/v2\/users\/1"}],"replies":[{"embeddable":true,"href":"https:\/\/flinke-flossen.de\/index.php?rest_route=%2Fwp%2Fv2%2Fcomments&post=1408"}],"version-history":[{"count":2,"href":"https:\/\/flinke-flossen.de\/index.php?rest_route=\/wp\/v2\/pages\/1408\/revisions"}],"predecessor-version":[{"id":1410,"href":"https:\/\/flinke-flossen.de\/index.php?rest_route=\/wp\/v2\/pages\/1408\/revisions\/1410"}],"up":[{"embeddable":true,"href":"https:\/\/flinke-flossen.de\/index.php?rest_route=\/wp\/v2\/pages\/14"}],"wp:attachment":[{"href":"https:\/\/flinke-flossen.de\/index.php?rest_route=%2Fwp%2Fv2%2Fmedia&parent=1408"}],"curies":[{"name":"wp","href":"https:\/\/api.w.org\/{rel}","templated":true}]}}