{"id":1325,"date":"2025-02-18T13:46:20","date_gmt":"2025-02-18T13:46:20","guid":{"rendered":"https:\/\/flinke-flossen.de\/?page_id=1325"},"modified":"2025-02-18T13:51:53","modified_gmt":"2025-02-18T13:51:53","slug":"siegburg-2025","status":"publish","type":"page","link":"https:\/\/flinke-flossen.de\/?page_id=1325","title":{"rendered":"Siegburg 2025"},"content":{"rendered":"\n<p>Am Samstag, den 1. Februar fuhren 20 Flinke Flossen nach Siegburg ins Dive4Life. Der 20m tiefe Tauchturm ist eine sch\u00f6ne M\u00f6glichkeit in den kalten Monaten des Jahres in warmem Wasser zu tauchen. Mit dabei waren nicht nur 19 Erwachsene und Jugendliche des Vereins, sondern auch von weit her angereiste Flossen, die wir sehr gerne wieder dabei haben.<\/p>\n\n\n\n<p>Physiologisch korrekt begann eine Handvoll Taucher mit Apnoetauchg\u00e4ngen, ohne Ger\u00e4t. Nach dem Apnoekurs in der Woche vorher im gro\u00dfen JUZ-Raum und im Hallenbad konnten die neu erlernten Techniken im warmen Wasser bei 25 Grad ausprobiert werden. Mike und Andr\u00e9 haben die TeilnehmerInnen wunderbar angeleitet und super abgesichert. Nach den Atem\u00fcbungen und dem Eintauchen, erreichten einige Flossen zum ersten Mal ohne Atemger\u00e4t die 20 Meter Tauchtiefe.<\/p>\n\n\n\n<p>Parallel zu den Apnoetauchern gingen die ersten Buddy-Teams mit Ger\u00e4t ins Wasser. Dabei wurden unsere J\u00fcngsten trainiert, die H\u00f6hlen und Ruinen der versunkenen Stadt betaucht und neue Ausr\u00fcstung wie Jacket oder Kameras getestet. Viele machten sich einen Spa\u00df daraus, den begleitenden Nichttauchern durch die Fenster ins Spa\u00dfbad zu winken. Andere haben aber auch einfach nur das Tauchen genossen und entspannte Tauchg\u00e4nge gemacht. Auch hier waren ein paar Taucher das erste Mal in 20m Tiefe und gingen \u201egeflasht\u201c nach Hause.<\/p>\n\n\n\n<p>Nach einem sch\u00f6nen, gemeinsamen und anstrengenden Tag ging ein Teil der Gruppe noch vor Ort essen, um den Abend ausklingen zu lassen und das Erlebte zu reflektieren.<\/p>\n\n\n\n<p>Unsere Mitglieder fanden den Ausflug \u201eimmer wieder super, um neue Ausr\u00fcstung auszuprobieren und die Technik zu verfeinern\u201c und den Tauchturm \u201eideal f\u00fcr anspruchsvolle Taucher\u201c.<\/p>\n\n\n\n<p>Wir waren alle begeistert und hatten einen tollen Ausflug mit vielen neuen Erfahrungen. Wir freuen uns auf den n\u00e4chsten Ausflug und die n\u00e4chsten Tauchg\u00e4nge. Gut, dass wir das fast jedes Jahr als Einleitung der Saison machen.<\/p>\n\n\n\n<!-- default-view.php -->\n<div\n\tclass=\"ngg-galleryoverview default-view \n\t\t\"\n\tid=\"ngg-gallery-ca33bc3fe76313273aaff9cd0e0e1a57-1\">\n\n\t\t<!-- Thumbnails -->\n\t\t\t\t<div id=\"ngg-image-0\" class=\"ngg-gallery-thumbnail-box \n\t\t\t\t\t\t\t\t\t\t\t\" \n\t\t\t>\n\t\t\t\t\t\t<div class=\"ngg-gallery-thumbnail\">\n\t\t\t<a href=\"https:\/\/flinke-flossen.de\/wp-content\/gallery\/siegburg-25\/IMG_6190.JPG\"\n\t\t\t\ttitle=\"\"\n\t\t\t\tdata-src=\"https:\/\/flinke-flossen.de\/wp-content\/gallery\/siegburg-25\/IMG_6190.JPG\"\n\t\t\t\tdata-thumbnail=\"https:\/\/flinke-flossen.de\/wp-content\/gallery\/siegburg-25\/thumbs\/thumbs_IMG_6190.JPG\"\n\t\t\t\tdata-image-id=\"206\"\n\t\t\t\tdata-title=\"IMG_6190\"\n\t\t\t\tdata-description=\"\"\n\t\t\t\tdata-image-slug=\"img_6190\"\n\t\t\t\tclass=\"ngg-simplelightbox\" rel=\"ca33bc3fe76313273aaff9cd0e0e1a57\">\n\t\t\t\t<img\n\t\t\t\t\ttitle=\"IMG_6190\"\n\t\t\t\t\talt=\"IMG_6190\"\n\t\t\t\t\tsrc=\"https:\/\/flinke-flossen.de\/wp-content\/gallery\/siegburg-25\/thumbs\/thumbs_IMG_6190.JPG\"\n\t\t\t\t\twidth=\"240\"\n\t\t\t\t\theight=\"160\"\n\t\t\t\t\tstyle=\"max-width:100%;\"\n\t\t\t\t\/>\n\t\t\t<\/a>\n\t\t<\/div>\n\t\t\t\t\t\t\t<\/div> \n\t\t\t\n\t\t\t\t<div id=\"ngg-image-1\" class=\"ngg-gallery-thumbnail-box \n\t\t\t\t\t\t\t\t\t\t\t\" \n\t\t\t>\n\t\t\t\t\t\t<div class=\"ngg-gallery-thumbnail\">\n\t\t\t<a href=\"https:\/\/flinke-flossen.de\/wp-content\/gallery\/siegburg-25\/IMG_6191.JPG\"\n\t\t\t\ttitle=\"\"\n\t\t\t\tdata-src=\"https:\/\/flinke-flossen.de\/wp-content\/gallery\/siegburg-25\/IMG_6191.JPG\"\n\t\t\t\tdata-thumbnail=\"https:\/\/flinke-flossen.de\/wp-content\/gallery\/siegburg-25\/thumbs\/thumbs_IMG_6191.JPG\"\n\t\t\t\tdata-image-id=\"207\"\n\t\t\t\tdata-title=\"IMG_6191\"\n\t\t\t\tdata-description=\"\"\n\t\t\t\tdata-image-slug=\"img_6191\"\n\t\t\t\tclass=\"ngg-simplelightbox\" rel=\"ca33bc3fe76313273aaff9cd0e0e1a57\">\n\t\t\t\t<img\n\t\t\t\t\ttitle=\"IMG_6191\"\n\t\t\t\t\talt=\"IMG_6191\"\n\t\t\t\t\tsrc=\"https:\/\/flinke-flossen.de\/wp-content\/gallery\/siegburg-25\/thumbs\/thumbs_IMG_6191.JPG\"\n\t\t\t\t\twidth=\"240\"\n\t\t\t\t\theight=\"160\"\n\t\t\t\t\tstyle=\"max-width:100%;\"\n\t\t\t\t\/>\n\t\t\t<\/a>\n\t\t<\/div>\n\t\t\t\t\t\t\t<\/div> \n\t\t\t\n\t\t\t\t<div id=\"ngg-image-2\" class=\"ngg-gallery-thumbnail-box \n\t\t\t\t\t\t\t\t\t\t\t\" \n\t\t\t>\n\t\t\t\t\t\t<div class=\"ngg-gallery-thumbnail\">\n\t\t\t<a href=\"https:\/\/flinke-flossen.de\/wp-content\/gallery\/siegburg-25\/IMG_6210.JPG\"\n\t\t\t\ttitle=\"\"\n\t\t\t\tdata-src=\"https:\/\/flinke-flossen.de\/wp-content\/gallery\/siegburg-25\/IMG_6210.JPG\"\n\t\t\t\tdata-thumbnail=\"https:\/\/flinke-flossen.de\/wp-content\/gallery\/siegburg-25\/thumbs\/thumbs_IMG_6210.JPG\"\n\t\t\t\tdata-image-id=\"208\"\n\t\t\t\tdata-title=\"IMG_6210\"\n\t\t\t\tdata-description=\"\"\n\t\t\t\tdata-image-slug=\"img_6210\"\n\t\t\t\tclass=\"ngg-simplelightbox\" rel=\"ca33bc3fe76313273aaff9cd0e0e1a57\">\n\t\t\t\t<img\n\t\t\t\t\ttitle=\"IMG_6210\"\n\t\t\t\t\talt=\"IMG_6210\"\n\t\t\t\t\tsrc=\"https:\/\/flinke-flossen.de\/wp-content\/gallery\/siegburg-25\/thumbs\/thumbs_IMG_6210.JPG\"\n\t\t\t\t\twidth=\"240\"\n\t\t\t\t\theight=\"160\"\n\t\t\t\t\tstyle=\"max-width:100%;\"\n\t\t\t\t\/>\n\t\t\t<\/a>\n\t\t<\/div>\n\t\t\t\t\t\t\t<\/div> \n\t\t\t\n\t\t\t\t<div id=\"ngg-image-3\" class=\"ngg-gallery-thumbnail-box \n\t\t\t\t\t\t\t\t\t\t\t\" \n\t\t\t>\n\t\t\t\t\t\t<div class=\"ngg-gallery-thumbnail\">\n\t\t\t<a href=\"https:\/\/flinke-flossen.de\/wp-content\/gallery\/siegburg-25\/IMG_6211.JPG\"\n\t\t\t\ttitle=\"\"\n\t\t\t\tdata-src=\"https:\/\/flinke-flossen.de\/wp-content\/gallery\/siegburg-25\/IMG_6211.JPG\"\n\t\t\t\tdata-thumbnail=\"https:\/\/flinke-flossen.de\/wp-content\/gallery\/siegburg-25\/thumbs\/thumbs_IMG_6211.JPG\"\n\t\t\t\tdata-image-id=\"209\"\n\t\t\t\tdata-title=\"IMG_6211\"\n\t\t\t\tdata-description=\"\"\n\t\t\t\tdata-image-slug=\"img_6211\"\n\t\t\t\tclass=\"ngg-simplelightbox\" rel=\"ca33bc3fe76313273aaff9cd0e0e1a57\">\n\t\t\t\t<img\n\t\t\t\t\ttitle=\"IMG_6211\"\n\t\t\t\t\talt=\"IMG_6211\"\n\t\t\t\t\tsrc=\"https:\/\/flinke-flossen.de\/wp-content\/gallery\/siegburg-25\/thumbs\/thumbs_IMG_6211.JPG\"\n\t\t\t\t\twidth=\"240\"\n\t\t\t\t\theight=\"160\"\n\t\t\t\t\tstyle=\"max-width:100%;\"\n\t\t\t\t\/>\n\t\t\t<\/a>\n\t\t<\/div>\n\t\t\t\t\t\t\t<\/div> \n\t\t\t\n\t\t\t\t<div id=\"ngg-image-4\" class=\"ngg-gallery-thumbnail-box \n\t\t\t\t\t\t\t\t\t\t\t\" \n\t\t\t>\n\t\t\t\t\t\t<div class=\"ngg-gallery-thumbnail\">\n\t\t\t<a href=\"https:\/\/flinke-flossen.de\/wp-content\/gallery\/siegburg-25\/IMG_6204.JPG\"\n\t\t\t\ttitle=\"\"\n\t\t\t\tdata-src=\"https:\/\/flinke-flossen.de\/wp-content\/gallery\/siegburg-25\/IMG_6204.JPG\"\n\t\t\t\tdata-thumbnail=\"https:\/\/flinke-flossen.de\/wp-content\/gallery\/siegburg-25\/thumbs\/thumbs_IMG_6204.JPG\"\n\t\t\t\tdata-image-id=\"210\"\n\t\t\t\tdata-title=\"IMG_6204\"\n\t\t\t\tdata-description=\"\"\n\t\t\t\tdata-image-slug=\"img_6204\"\n\t\t\t\tclass=\"ngg-simplelightbox\" rel=\"ca33bc3fe76313273aaff9cd0e0e1a57\">\n\t\t\t\t<img\n\t\t\t\t\ttitle=\"IMG_6204\"\n\t\t\t\t\talt=\"IMG_6204\"\n\t\t\t\t\tsrc=\"https:\/\/flinke-flossen.de\/wp-content\/gallery\/siegburg-25\/thumbs\/thumbs_IMG_6204.JPG\"\n\t\t\t\t\twidth=\"240\"\n\t\t\t\t\theight=\"160\"\n\t\t\t\t\tstyle=\"max-width:100%;\"\n\t\t\t\t\/>\n\t\t\t<\/a>\n\t\t<\/div>\n\t\t\t\t\t\t\t<\/div> \n\t\t\t\n\t\t\t\t<div id=\"ngg-image-5\" class=\"ngg-gallery-thumbnail-box \n\t\t\t\t\t\t\t\t\t\t\t\" \n\t\t\t>\n\t\t\t\t\t\t<div class=\"ngg-gallery-thumbnail\">\n\t\t\t<a href=\"https:\/\/flinke-flossen.de\/wp-content\/gallery\/siegburg-25\/Sunny_Horst.jpg\"\n\t\t\t\ttitle=\"\"\n\t\t\t\tdata-src=\"https:\/\/flinke-flossen.de\/wp-content\/gallery\/siegburg-25\/Sunny_Horst.jpg\"\n\t\t\t\tdata-thumbnail=\"https:\/\/flinke-flossen.de\/wp-content\/gallery\/siegburg-25\/thumbs\/thumbs_Sunny_Horst.jpg\"\n\t\t\t\tdata-image-id=\"211\"\n\t\t\t\tdata-title=\"DCIM\\100GOPRO\\GOPR0301.JPG\"\n\t\t\t\tdata-description=\"\"\n\t\t\t\tdata-image-slug=\"sunny_horst\"\n\t\t\t\tclass=\"ngg-simplelightbox\" rel=\"ca33bc3fe76313273aaff9cd0e0e1a57\">\n\t\t\t\t<img\n\t\t\t\t\ttitle=\"DCIM\\100GOPRO\\GOPR0301.JPG\"\n\t\t\t\t\talt=\"DCIM\\100GOPRO\\GOPR0301.JPG\"\n\t\t\t\t\tsrc=\"https:\/\/flinke-flossen.de\/wp-content\/gallery\/siegburg-25\/thumbs\/thumbs_Sunny_Horst.jpg\"\n\t\t\t\t\twidth=\"240\"\n\t\t\t\t\theight=\"160\"\n\t\t\t\t\tstyle=\"max-width:100%;\"\n\t\t\t\t\/>\n\t\t\t<\/a>\n\t\t<\/div>\n\t\t\t\t\t\t\t<\/div> \n\t\t\t\n\t\n\t<br style=\"clear: both\" \/>\n\n\t\n\t\t<!-- Pagination -->\n\t\t<div class='ngg-clear'><\/div>\t<\/div>\n\n","protected":false},"excerpt":{"rendered":"<p>Am Samstag, den 1. Februar fuhren 20 Flinke Flossen nach Siegburg ins Dive4Life. Der 20m tiefe Tauchturm ist eine sch\u00f6ne M\u00f6glichkeit in den kalten Monaten des Jahres in warmem Wasser zu tauchen. Mit dabei waren nicht nur 19 Erwachsene und &hellip; <a href=\"https:\/\/flinke-flossen.de\/?page_id=1325\">Weiterlesen <span class=\"meta-nav\">&rarr;<\/span><\/a><\/p>\n","protected":false},"author":1,"featured_media":0,"parent":14,"menu_order":167,"comment_status":"closed","ping_status":"closed","template":"onecolumn-page.php","meta":{"ngg_post_thumbnail":0,"footnotes":""},"_links":{"self":[{"href":"https:\/\/flinke-flossen.de\/index.php?rest_route=\/wp\/v2\/pages\/1325"}],"collection":[{"href":"https:\/\/flinke-flossen.de\/index.php?rest_route=\/wp\/v2\/pages"}],"about":[{"href":"https:\/\/flinke-flossen.de\/index.php?rest_route=\/wp\/v2\/types\/page"}],"author":[{"embeddable":true,"href":"https:\/\/flinke-flossen.de\/index.php?rest_route=\/wp\/v2\/users\/1"}],"replies":[{"embeddable":true,"href":"https:\/\/flinke-flossen.de\/index.php?rest_route=%2Fwp%2Fv2%2Fcomments&post=1325"}],"version-history":[{"count":3,"href":"https:\/\/flinke-flossen.de\/index.php?rest_route=\/wp\/v2\/pages\/1325\/revisions"}],"predecessor-version":[{"id":1339,"href":"https:\/\/flinke-flossen.de\/index.php?rest_route=\/wp\/v2\/pages\/1325\/revisions\/1339"}],"up":[{"embeddable":true,"href":"https:\/\/flinke-flossen.de\/index.php?rest_route=\/wp\/v2\/pages\/14"}],"wp:attachment":[{"href":"https:\/\/flinke-flossen.de\/index.php?rest_route=%2Fwp%2Fv2%2Fmedia&parent=1325"}],"curies":[{"name":"wp","href":"https:\/\/api.w.org\/{rel}","templated":true}]}}