{"id":131,"date":"2019-06-08T15:06:16","date_gmt":"2019-06-08T15:06:16","guid":{"rendered":"http:\/\/flinke-flossen.de\/?page_id=131"},"modified":"2026-04-01T16:05:33","modified_gmt":"2026-04-01T16:05:33","slug":"training","status":"publish","type":"page","link":"https:\/\/flinke-flossen.de\/?page_id=131","title":{"rendered":"Training"},"content":{"rendered":"\n<h2 class=\"wp-block-heading\">Wintertraining<\/h2>\n\n\n\n<p>Von September bis Mai trainieren wir im Dieburger Hallenbad, dort allerdings aus Platzgr\u00fcnden ohne Tauchger\u00e4te. Im &#8222;Winter&#8220; sind wir mit ABC-Ausr\u00fcstung im Wasser (Maske, Schnorchel, Flossen), trainieren Kondition und Apnoe-Tauchen, hier werden die Grundlagen f\u00fcr das Ger\u00e4tetauchen im Sommer gelegt. <\/p>\n\n\n\n<p>Dienstag: <br> 17:00 &#8211; 18:00 Uhr: Kids und Jugendliche <\/p>\n\n\n\n<p>Donnerstag:<br>20:00 &#8211; 21:00 Uhr: Erwachsene<\/p>\n\n\n\n<figure class=\"wp-block-table\">\n<table><tbody><tr><td colspan=\"3\"><strong>Trainingsplan 2025 Erwachsene<\/strong><\/td><\/tr>\n<tr><td width=\"30%\"><\/td><td width=\"50%\">Thema<\/td><td width=\"20%\">Trainer<\/td><\/tr>\n<tr><td>5. M\u00e4rz<\/td><td>Flossenabzeichen 1<\/td><td>Martin<\/td><\/tr>\n<tr><td>12. M\u00e4rz<\/td><td>Tauchen im Dunkeln<\/td><td>Mike<\/td><\/tr>\n<tr><td>19. M\u00e4rz<\/td><td>Konditionstraining<\/td><td>Jenny<\/td><\/tr>\n<tr><td>26. M\u00e4rz<\/td><td>Staffelspiele<\/td><td>Mike<\/td><\/tr>\n<tr><td>2. April<\/td><td>Spiel &#038; Spa\u00df<\/td><td>Emilia<\/td><\/tr>\n<tr><td>9. April<\/td><td>Oster-Schwimmen<\/td><td>Karla<\/td><\/tr>\n<tr><td>16. April<\/td><td>Zirkeltraining<\/td><td>Luca<\/td><\/tr>\n<tr><td>23. April<\/td><td>Flossenabzeichen 2<\/td><td>Martin<\/td><\/tr>\n<tr><td>30. April<\/td><td><\/td><td><\/td><\/tr>\n<tr><td>7. Mai<\/td><td>Spiel &#038; Spa\u00df<\/td><td>Lisa<\/td><\/tr>\n<tr><td>14. Mai<\/td><td>Feiertag<\/td><td><\/td><\/tr>\n<tr><td>21. Mai<\/td><td><\/td><td>Jenny<\/td><\/tr>\n<tr><td>28. Mai<\/td><td>Aqua-Fitness<\/td><td>Sonja<\/td><\/tr>\n<\/tbody><\/table><\/figure>\n\n\n\n<h2 class=\"wp-block-heading\">Sommertraining<\/h2>\n\n\n\n<p>Von Juni bis August trainieren wir (normalerweise) im Freibad Gro\u00df-Umstadt, das momentan erstmal saniert wird. <\/p>\n\n\n\n<p>Montag: <br> 17:30 &#8211; 19:00 Uhr: Ger\u00e4tetraining Kids-Gruppe 1 <br> 18:30 &#8211; 20:00 Uhr: Tauchkurs und Schnuppertauchen<br> 19:30 &#8211; 21:00 Uhr: Apnoe- und Schwimmtraining <\/p>\n\n\n\n<p>Mittwoch: <br> 17:30 &#8211; 19:00 Uhr: Ger\u00e4tetraining Kids-Gruppe 2  <br> 18:30 &#8211; 20:00 Uhr: Ger\u00e4tetraining Jugend ab 14 Jahren <br> 19:30 &#8211; 21:00 Uhr:  Ger\u00e4tetraining ab CMAS* <\/p>\n\n\n\n<p>Zugang zum Training nur f\u00fcr Mitglieder \u00fcber die T\u00fcr unserer Tauchbasis. Alle G\u00e4ste m\u00fcssen immer \u00fcber die Kasse gehen.<\/p>\n","protected":false},"excerpt":{"rendered":"<p>Wintertraining Von September bis Mai trainieren wir im Dieburger Hallenbad, dort allerdings aus Platzgr\u00fcnden ohne Tauchger\u00e4te. Im &#8222;Winter&#8220; sind wir mit ABC-Ausr\u00fcstung im Wasser (Maske, Schnorchel, Flossen), trainieren Kondition und Apnoe-Tauchen, hier werden die Grundlagen f\u00fcr das Ger\u00e4tetauchen im Sommer &hellip; <a href=\"https:\/\/flinke-flossen.de\/?page_id=131\">Weiterlesen <span class=\"meta-nav\">&rarr;<\/span><\/a><\/p>\n","protected":false},"author":1,"featured_media":0,"parent":0,"menu_order":2,"comment_status":"closed","ping_status":"closed","template":"onecolumn-page.php","meta":{"ngg_post_thumbnail":0,"footnotes":""},"_links":{"self":[{"href":"https:\/\/flinke-flossen.de\/index.php?rest_route=\/wp\/v2\/pages\/131"}],"collection":[{"href":"https:\/\/flinke-flossen.de\/index.php?rest_route=\/wp\/v2\/pages"}],"about":[{"href":"https:\/\/flinke-flossen.de\/index.php?rest_route=\/wp\/v2\/types\/page"}],"author":[{"embeddable":true,"href":"https:\/\/flinke-flossen.de\/index.php?rest_route=\/wp\/v2\/users\/1"}],"replies":[{"embeddable":true,"href":"https:\/\/flinke-flossen.de\/index.php?rest_route=%2Fwp%2Fv2%2Fcomments&post=131"}],"version-history":[{"count":107,"href":"https:\/\/flinke-flossen.de\/index.php?rest_route=\/wp\/v2\/pages\/131\/revisions"}],"predecessor-version":[{"id":1561,"href":"https:\/\/flinke-flossen.de\/index.php?rest_route=\/wp\/v2\/pages\/131\/revisions\/1561"}],"wp:attachment":[{"href":"https:\/\/flinke-flossen.de\/index.php?rest_route=%2Fwp%2Fv2%2Fmedia&parent=131"}],"curies":[{"name":"wp","href":"https:\/\/api.w.org\/{rel}","templated":true}]}}