{"id":125,"date":"2019-05-02T14:18:42","date_gmt":"2019-05-02T14:18:42","guid":{"rendered":"http:\/\/flinke-flossen.de\/?page_id=125"},"modified":"2019-10-28T20:41:10","modified_gmt":"2019-10-28T20:41:10","slug":"antauchen","status":"publish","type":"page","link":"https:\/\/flinke-flossen.de\/?page_id=125","title":{"rendered":"Antauchen 2019"},"content":{"rendered":"\n<p> Das traditionelle Karfreitags-Antauchen fand wieder am St. Leoner See  statt. 10 Grad kaltes Wasser lockte 11 Taucher ins k\u00fchle Nass. Bei  bestem Wetter und k\u00f6stlicher Verpflegung hatten alle Flinken-Flossen  reichlich Spa\u00df.  <\/p>\n\n\n\n<!-- default-view.php -->\n<div\n\tclass=\"ngg-galleryoverview default-view \n\t\t\"\n\tid=\"ngg-gallery-e82ae7dba9a55585b1480274de98f988-1\">\n\n\t\t<!-- Thumbnails -->\n\t\t\t\t<div id=\"ngg-image-0\" class=\"ngg-gallery-thumbnail-box \n\t\t\t\t\t\t\t\t\t\t\t\" \n\t\t\t>\n\t\t\t\t\t\t<div class=\"ngg-gallery-thumbnail\">\n\t\t\t<a href=\"https:\/\/flinke-flossen.de\/wp-content\/gallery\/antauchen-2019\/Antauchen-01.jpg\"\n\t\t\t\ttitle=\"\"\n\t\t\t\tdata-src=\"https:\/\/flinke-flossen.de\/wp-content\/gallery\/antauchen-2019\/Antauchen-01.jpg\"\n\t\t\t\tdata-thumbnail=\"https:\/\/flinke-flossen.de\/wp-content\/gallery\/antauchen-2019\/thumbs\/thumbs_Antauchen-01.jpg\"\n\t\t\t\tdata-image-id=\"1\"\n\t\t\t\tdata-title=\"Antauchen-01\"\n\t\t\t\tdata-description=\"\"\n\t\t\t\tdata-image-slug=\"antauchen-01\"\n\t\t\t\tclass=\"ngg-simplelightbox\" rel=\"e82ae7dba9a55585b1480274de98f988\">\n\t\t\t\t<img\n\t\t\t\t\ttitle=\"Antauchen-01\"\n\t\t\t\t\talt=\"Antauchen-01\"\n\t\t\t\t\tsrc=\"https:\/\/flinke-flossen.de\/wp-content\/gallery\/antauchen-2019\/thumbs\/thumbs_Antauchen-01.jpg\"\n\t\t\t\t\twidth=\"240\"\n\t\t\t\t\theight=\"160\"\n\t\t\t\t\tstyle=\"max-width:100%;\"\n\t\t\t\t\/>\n\t\t\t<\/a>\n\t\t<\/div>\n\t\t\t\t\t\t\t<\/div> \n\t\t\t\n\t\t\t\t<div id=\"ngg-image-1\" class=\"ngg-gallery-thumbnail-box \n\t\t\t\t\t\t\t\t\t\t\t\" \n\t\t\t>\n\t\t\t\t\t\t<div class=\"ngg-gallery-thumbnail\">\n\t\t\t<a href=\"https:\/\/flinke-flossen.de\/wp-content\/gallery\/antauchen-2019\/Antauchen-02.jpg\"\n\t\t\t\ttitle=\"\"\n\t\t\t\tdata-src=\"https:\/\/flinke-flossen.de\/wp-content\/gallery\/antauchen-2019\/Antauchen-02.jpg\"\n\t\t\t\tdata-thumbnail=\"https:\/\/flinke-flossen.de\/wp-content\/gallery\/antauchen-2019\/thumbs\/thumbs_Antauchen-02.jpg\"\n\t\t\t\tdata-image-id=\"2\"\n\t\t\t\tdata-title=\"Antauchen-02\"\n\t\t\t\tdata-description=\"\"\n\t\t\t\tdata-image-slug=\"antauchen-02\"\n\t\t\t\tclass=\"ngg-simplelightbox\" rel=\"e82ae7dba9a55585b1480274de98f988\">\n\t\t\t\t<img\n\t\t\t\t\ttitle=\"Antauchen-02\"\n\t\t\t\t\talt=\"Antauchen-02\"\n\t\t\t\t\tsrc=\"https:\/\/flinke-flossen.de\/wp-content\/gallery\/antauchen-2019\/thumbs\/thumbs_Antauchen-02.jpg\"\n\t\t\t\t\twidth=\"240\"\n\t\t\t\t\theight=\"160\"\n\t\t\t\t\tstyle=\"max-width:100%;\"\n\t\t\t\t\/>\n\t\t\t<\/a>\n\t\t<\/div>\n\t\t\t\t\t\t\t<\/div> \n\t\t\t\n\t\t\t\t<div id=\"ngg-image-2\" class=\"ngg-gallery-thumbnail-box \n\t\t\t\t\t\t\t\t\t\t\t\" \n\t\t\t>\n\t\t\t\t\t\t<div class=\"ngg-gallery-thumbnail\">\n\t\t\t<a href=\"https:\/\/flinke-flossen.de\/wp-content\/gallery\/antauchen-2019\/Antauchen-03.jpg\"\n\t\t\t\ttitle=\"\"\n\t\t\t\tdata-src=\"https:\/\/flinke-flossen.de\/wp-content\/gallery\/antauchen-2019\/Antauchen-03.jpg\"\n\t\t\t\tdata-thumbnail=\"https:\/\/flinke-flossen.de\/wp-content\/gallery\/antauchen-2019\/thumbs\/thumbs_Antauchen-03.jpg\"\n\t\t\t\tdata-image-id=\"3\"\n\t\t\t\tdata-title=\"Antauchen-03\"\n\t\t\t\tdata-description=\"\"\n\t\t\t\tdata-image-slug=\"antauchen-03\"\n\t\t\t\tclass=\"ngg-simplelightbox\" rel=\"e82ae7dba9a55585b1480274de98f988\">\n\t\t\t\t<img\n\t\t\t\t\ttitle=\"Antauchen-03\"\n\t\t\t\t\talt=\"Antauchen-03\"\n\t\t\t\t\tsrc=\"https:\/\/flinke-flossen.de\/wp-content\/gallery\/antauchen-2019\/thumbs\/thumbs_Antauchen-03.jpg\"\n\t\t\t\t\twidth=\"240\"\n\t\t\t\t\theight=\"160\"\n\t\t\t\t\tstyle=\"max-width:100%;\"\n\t\t\t\t\/>\n\t\t\t<\/a>\n\t\t<\/div>\n\t\t\t\t\t\t\t<\/div> \n\t\t\t\n\t\t\t\t<div id=\"ngg-image-3\" class=\"ngg-gallery-thumbnail-box \n\t\t\t\t\t\t\t\t\t\t\t\" \n\t\t\t>\n\t\t\t\t\t\t<div class=\"ngg-gallery-thumbnail\">\n\t\t\t<a href=\"https:\/\/flinke-flossen.de\/wp-content\/gallery\/antauchen-2019\/Antauchen-04.jpg\"\n\t\t\t\ttitle=\"\"\n\t\t\t\tdata-src=\"https:\/\/flinke-flossen.de\/wp-content\/gallery\/antauchen-2019\/Antauchen-04.jpg\"\n\t\t\t\tdata-thumbnail=\"https:\/\/flinke-flossen.de\/wp-content\/gallery\/antauchen-2019\/thumbs\/thumbs_Antauchen-04.jpg\"\n\t\t\t\tdata-image-id=\"4\"\n\t\t\t\tdata-title=\"Antauchen-04\"\n\t\t\t\tdata-description=\"\"\n\t\t\t\tdata-image-slug=\"antauchen-04\"\n\t\t\t\tclass=\"ngg-simplelightbox\" rel=\"e82ae7dba9a55585b1480274de98f988\">\n\t\t\t\t<img\n\t\t\t\t\ttitle=\"Antauchen-04\"\n\t\t\t\t\talt=\"Antauchen-04\"\n\t\t\t\t\tsrc=\"https:\/\/flinke-flossen.de\/wp-content\/gallery\/antauchen-2019\/thumbs\/thumbs_Antauchen-04.jpg\"\n\t\t\t\t\twidth=\"240\"\n\t\t\t\t\theight=\"160\"\n\t\t\t\t\tstyle=\"max-width:100%;\"\n\t\t\t\t\/>\n\t\t\t<\/a>\n\t\t<\/div>\n\t\t\t\t\t\t\t<\/div> \n\t\t\t\n\t\n\t<br style=\"clear: both\" \/>\n\n\t\n\t\t<!-- Pagination -->\n\t\t<div class='ngg-clear'><\/div>\t<\/div>\n\n","protected":false},"excerpt":{"rendered":"<p>Das traditionelle Karfreitags-Antauchen fand wieder am St. Leoner See statt. 10 Grad kaltes Wasser lockte 11 Taucher ins k\u00fchle Nass. Bei bestem Wetter und k\u00f6stlicher Verpflegung hatten alle Flinken-Flossen reichlich Spa\u00df.<\/p>\n","protected":false},"author":1,"featured_media":0,"parent":14,"menu_order":200,"comment_status":"closed","ping_status":"closed","template":"onecolumn-page.php","meta":{"ngg_post_thumbnail":0,"footnotes":""},"_links":{"self":[{"href":"https:\/\/flinke-flossen.de\/index.php?rest_route=\/wp\/v2\/pages\/125"}],"collection":[{"href":"https:\/\/flinke-flossen.de\/index.php?rest_route=\/wp\/v2\/pages"}],"about":[{"href":"https:\/\/flinke-flossen.de\/index.php?rest_route=\/wp\/v2\/types\/page"}],"author":[{"embeddable":true,"href":"https:\/\/flinke-flossen.de\/index.php?rest_route=\/wp\/v2\/users\/1"}],"replies":[{"embeddable":true,"href":"https:\/\/flinke-flossen.de\/index.php?rest_route=%2Fwp%2Fv2%2Fcomments&post=125"}],"version-history":[{"count":3,"href":"https:\/\/flinke-flossen.de\/index.php?rest_route=\/wp\/v2\/pages\/125\/revisions"}],"predecessor-version":[{"id":305,"href":"https:\/\/flinke-flossen.de\/index.php?rest_route=\/wp\/v2\/pages\/125\/revisions\/305"}],"up":[{"embeddable":true,"href":"https:\/\/flinke-flossen.de\/index.php?rest_route=\/wp\/v2\/pages\/14"}],"wp:attachment":[{"href":"https:\/\/flinke-flossen.de\/index.php?rest_route=%2Fwp%2Fv2%2Fmedia&parent=125"}],"curies":[{"name":"wp","href":"https:\/\/api.w.org\/{rel}","templated":true}]}}