{"id":1249,"date":"2024-11-25T15:03:15","date_gmt":"2024-11-25T15:03:15","guid":{"rendered":"https:\/\/flinke-flossen.de\/?page_id=1249"},"modified":"2024-11-25T15:08:02","modified_gmt":"2024-11-25T15:08:02","slug":"flinke-flossen-tag","status":"publish","type":"page","link":"https:\/\/flinke-flossen.de\/?page_id=1249","title":{"rendered":"Flinke-Flossen-Tag"},"content":{"rendered":"\n<p>Am Samstag 23. November fand der Theorietag unseres Vereins statt \u2013 ein spannender und lehrreicher Nachmittag, der TaucherInnen aller Altersklassen zusammenbrachte. Mit etwa 30 TeilnehmerInnen trafen wir uns mittags auf dem Parkplatz des Freibads in Gro\u00df-Umstadt. Von dort aus spazierten wir gemeinsam zum Wasserwerk der Stadt Gro\u00df-Umstadt.<\/p>\n\n\n\n<p>Dort angekommen, erwartete uns eine interessante F\u00fchrung durch die Anlage. Herr Bj\u00f6rn Matthe\u00df, Betriebsleiter des Wasserwerks, erkl\u00e4rte uns anschaulich die Funktionsweise der Umkehrosmoseanlage zur Trinkwasseraufbereitung. Die TeilnehmerInnen konnten dabei nicht nur technische Details erfahren, sondern auch spannende Einblicke in die Bedeutung dieser Technologie f\u00fcr unsere Wasserversorgung gewinnen.<\/p>\n\n\n\n<!-- default-view.php -->\n<div\n\tclass=\"ngg-galleryoverview default-view \n\t\t\"\n\tid=\"ngg-gallery-bb798588bb3e0b3b078c00f1ca891704-1\">\n\n\t\t<!-- Thumbnails -->\n\t\t\t\t<div id=\"ngg-image-0\" class=\"ngg-gallery-thumbnail-box \n\t\t\t\t\t\t\t\t\t\t\t\" \n\t\t\t>\n\t\t\t\t\t\t<div class=\"ngg-gallery-thumbnail\">\n\t\t\t<a href=\"https:\/\/flinke-flossen.de\/wp-content\/gallery\/wasserwerk-2024\/IMG_5969.JPG\"\n\t\t\t\ttitle=\"\"\n\t\t\t\tdata-src=\"https:\/\/flinke-flossen.de\/wp-content\/gallery\/wasserwerk-2024\/IMG_5969.JPG\"\n\t\t\t\tdata-thumbnail=\"https:\/\/flinke-flossen.de\/wp-content\/gallery\/wasserwerk-2024\/thumbs\/thumbs_IMG_5969.JPG\"\n\t\t\t\tdata-image-id=\"200\"\n\t\t\t\tdata-title=\"IMG_5969\"\n\t\t\t\tdata-description=\"\"\n\t\t\t\tdata-image-slug=\"img_5969-1\"\n\t\t\t\tclass=\"ngg-simplelightbox\" rel=\"bb798588bb3e0b3b078c00f1ca891704\">\n\t\t\t\t<img\n\t\t\t\t\ttitle=\"IMG_5969\"\n\t\t\t\t\talt=\"IMG_5969\"\n\t\t\t\t\tsrc=\"https:\/\/flinke-flossen.de\/wp-content\/gallery\/wasserwerk-2024\/thumbs\/thumbs_IMG_5969.JPG\"\n\t\t\t\t\twidth=\"240\"\n\t\t\t\t\theight=\"160\"\n\t\t\t\t\tstyle=\"max-width:100%;\"\n\t\t\t\t\/>\n\t\t\t<\/a>\n\t\t<\/div>\n\t\t\t\t\t\t\t<\/div> \n\t\t\t\n\t\t\t\t<div id=\"ngg-image-1\" class=\"ngg-gallery-thumbnail-box \n\t\t\t\t\t\t\t\t\t\t\t\" \n\t\t\t>\n\t\t\t\t\t\t<div class=\"ngg-gallery-thumbnail\">\n\t\t\t<a href=\"https:\/\/flinke-flossen.de\/wp-content\/gallery\/wasserwerk-2024\/IMG_5970.JPG\"\n\t\t\t\ttitle=\"\"\n\t\t\t\tdata-src=\"https:\/\/flinke-flossen.de\/wp-content\/gallery\/wasserwerk-2024\/IMG_5970.JPG\"\n\t\t\t\tdata-thumbnail=\"https:\/\/flinke-flossen.de\/wp-content\/gallery\/wasserwerk-2024\/thumbs\/thumbs_IMG_5970.JPG\"\n\t\t\t\tdata-image-id=\"202\"\n\t\t\t\tdata-title=\"IMG_5970\"\n\t\t\t\tdata-description=\"\"\n\t\t\t\tdata-image-slug=\"img_5970-1\"\n\t\t\t\tclass=\"ngg-simplelightbox\" rel=\"bb798588bb3e0b3b078c00f1ca891704\">\n\t\t\t\t<img\n\t\t\t\t\ttitle=\"IMG_5970\"\n\t\t\t\t\talt=\"IMG_5970\"\n\t\t\t\t\tsrc=\"https:\/\/flinke-flossen.de\/wp-content\/gallery\/wasserwerk-2024\/thumbs\/thumbs_IMG_5970.JPG\"\n\t\t\t\t\twidth=\"240\"\n\t\t\t\t\theight=\"160\"\n\t\t\t\t\tstyle=\"max-width:100%;\"\n\t\t\t\t\/>\n\t\t\t<\/a>\n\t\t<\/div>\n\t\t\t\t\t\t\t<\/div> \n\t\t\t\n\t\t\t\t<div id=\"ngg-image-2\" class=\"ngg-gallery-thumbnail-box \n\t\t\t\t\t\t\t\t\t\t\t\" \n\t\t\t>\n\t\t\t\t\t\t<div class=\"ngg-gallery-thumbnail\">\n\t\t\t<a href=\"https:\/\/flinke-flossen.de\/wp-content\/gallery\/wasserwerk-2024\/IMG_5971.JPG\"\n\t\t\t\ttitle=\"\"\n\t\t\t\tdata-src=\"https:\/\/flinke-flossen.de\/wp-content\/gallery\/wasserwerk-2024\/IMG_5971.JPG\"\n\t\t\t\tdata-thumbnail=\"https:\/\/flinke-flossen.de\/wp-content\/gallery\/wasserwerk-2024\/thumbs\/thumbs_IMG_5971.JPG\"\n\t\t\t\tdata-image-id=\"203\"\n\t\t\t\tdata-title=\"IMG_5971\"\n\t\t\t\tdata-description=\"\"\n\t\t\t\tdata-image-slug=\"img_5971-1\"\n\t\t\t\tclass=\"ngg-simplelightbox\" rel=\"bb798588bb3e0b3b078c00f1ca891704\">\n\t\t\t\t<img\n\t\t\t\t\ttitle=\"IMG_5971\"\n\t\t\t\t\talt=\"IMG_5971\"\n\t\t\t\t\tsrc=\"https:\/\/flinke-flossen.de\/wp-content\/gallery\/wasserwerk-2024\/thumbs\/thumbs_IMG_5971.JPG\"\n\t\t\t\t\twidth=\"240\"\n\t\t\t\t\theight=\"160\"\n\t\t\t\t\tstyle=\"max-width:100%;\"\n\t\t\t\t\/>\n\t\t\t<\/a>\n\t\t<\/div>\n\t\t\t\t\t\t\t<\/div> \n\t\t\t\n\t\t\t\t<div id=\"ngg-image-3\" class=\"ngg-gallery-thumbnail-box \n\t\t\t\t\t\t\t\t\t\t\t\" \n\t\t\t>\n\t\t\t\t\t\t<div class=\"ngg-gallery-thumbnail\">\n\t\t\t<a href=\"https:\/\/flinke-flossen.de\/wp-content\/gallery\/wasserwerk-2024\/IMG_5972.JPG\"\n\t\t\t\ttitle=\"\"\n\t\t\t\tdata-src=\"https:\/\/flinke-flossen.de\/wp-content\/gallery\/wasserwerk-2024\/IMG_5972.JPG\"\n\t\t\t\tdata-thumbnail=\"https:\/\/flinke-flossen.de\/wp-content\/gallery\/wasserwerk-2024\/thumbs\/thumbs_IMG_5972.JPG\"\n\t\t\t\tdata-image-id=\"201\"\n\t\t\t\tdata-title=\"IMG_5972\"\n\t\t\t\tdata-description=\"\"\n\t\t\t\tdata-image-slug=\"img_5972-1\"\n\t\t\t\tclass=\"ngg-simplelightbox\" rel=\"bb798588bb3e0b3b078c00f1ca891704\">\n\t\t\t\t<img\n\t\t\t\t\ttitle=\"IMG_5972\"\n\t\t\t\t\talt=\"IMG_5972\"\n\t\t\t\t\tsrc=\"https:\/\/flinke-flossen.de\/wp-content\/gallery\/wasserwerk-2024\/thumbs\/thumbs_IMG_5972.JPG\"\n\t\t\t\t\twidth=\"240\"\n\t\t\t\t\theight=\"160\"\n\t\t\t\t\tstyle=\"max-width:100%;\"\n\t\t\t\t\/>\n\t\t\t<\/a>\n\t\t<\/div>\n\t\t\t\t\t\t\t<\/div> \n\t\t\t\n\t\n\t<br style=\"clear: both\" \/>\n\n\t\n\t\t<!-- Pagination -->\n\t\t<div class='ngg-clear'><\/div>\t<\/div>\n\n\n\n\n<p>Nach der F\u00fchrung fuhren wir zum Jugendzentrum (JUZ) Gro\u00df-Umstadt, wo wir uns bei selbstgebackenen Waffeln, Kuchen, Gl\u00fchwein und Punsch aufw\u00e4rmten und Energie tankten. Die gem\u00fctliche Atmosph\u00e4re lud zum Austausch unter den Vereinsmitgliedern ein.<\/p>\n\n\n\n<p>Frisch gest\u00e4rkt, ging es mit einem Vortrag von Martin weiter, der uns die Pflege und Wartung unserer Tauchausr\u00fcstung n\u00e4herbrachte \u2013 ein Thema, das gerade in der kalten Jahreszeit wichtig ist.<\/p>\n\n\n\n<p>Nach einer kurzen Pause erwartete uns ein spannender Vortrag von Claudia von ElasmOcean e.V.. Hier erfuhren wir mehr \u00fcber die nachhaltige Fischzucht von Lachsen, die Bedeutung von Meeresschutzgebieten und die Problematik des Haischutzes. Diese Einblicke sch\u00e4rften unser Bewusstsein f\u00fcr den Schutz der Ozeane und die Verantwortung, die wir als TaucherInnen tragen.<\/p>\n\n\n\n<p>Um uns anschlie\u00dfend k\u00f6rperlich wieder in Schwung zu bringen, leitete Jenny eine Bewegungseinheit, bei der wir die notwendige Fitness f\u00fcrs Tauchen trainierten. Der Spa\u00df stand dabei genauso im Vordergrund wie der Fokus auf die tauchspezifischen Anforderungen an Kraft und Ausdauer.<\/p>\n\n\n\n<p>Zum Abschluss des theoretischen Teils f\u00fchrte Dominik die Gruppe in die Welt der Dekomodelle ein. Er erkl\u00e4rte, wie man Tauchcomputer besser versteht und sinnvoll einsetzt \u2013 ein unverzichtbares Wissen f\u00fcr die Tauchsicherheit.<\/p>\n\n\n\n<p>Den Tag lie\u00dfen wir mit einer geselligen Runde bei Pizza ausklingen. In lockerer Atmosph\u00e4re hatten wir die Gelegenheit, das Geh\u00f6rte Revue passieren zu lassen.<\/p>\n\n\n\n<p>Der Theorietag bot eine gelungene Mischung aus informativen Vortr\u00e4gen, praktischen \u00dcbungen und geselligem Beisammensein. Alle TeilnehmerInnen waren begeistert und nahmen viele neue Erkenntnisse sowie Motivation f\u00fcr die kommende Tauchsaison mit nach Hause. Wir freuen uns schon auf die n\u00e4chste Veranstaltung!<\/p>\n\n\n\n<!-- default-view.php -->\n<div\n\tclass=\"ngg-galleryoverview default-view \n\t\t\"\n\tid=\"ngg-gallery-77e3b42eb53ccfae18a4959456cbf36c-1\">\n\n\t\t<!-- Thumbnails -->\n\t\t\t\t<div id=\"ngg-image-0\" class=\"ngg-gallery-thumbnail-box \n\t\t\t\t\t\t\t\t\t\t\t\" \n\t\t\t>\n\t\t\t\t\t\t<div class=\"ngg-gallery-thumbnail\">\n\t\t\t<a href=\"https:\/\/flinke-flossen.de\/wp-content\/gallery\/juz-2024\/IMG_5979.JPG\"\n\t\t\t\ttitle=\"\"\n\t\t\t\tdata-src=\"https:\/\/flinke-flossen.de\/wp-content\/gallery\/juz-2024\/IMG_5979.JPG\"\n\t\t\t\tdata-thumbnail=\"https:\/\/flinke-flossen.de\/wp-content\/gallery\/juz-2024\/thumbs\/thumbs_IMG_5979.JPG\"\n\t\t\t\tdata-image-id=\"204\"\n\t\t\t\tdata-title=\"IMG_5979\"\n\t\t\t\tdata-description=\"\"\n\t\t\t\tdata-image-slug=\"img_5979-1\"\n\t\t\t\tclass=\"ngg-simplelightbox\" rel=\"77e3b42eb53ccfae18a4959456cbf36c\">\n\t\t\t\t<img\n\t\t\t\t\ttitle=\"IMG_5979\"\n\t\t\t\t\talt=\"IMG_5979\"\n\t\t\t\t\tsrc=\"https:\/\/flinke-flossen.de\/wp-content\/gallery\/juz-2024\/thumbs\/thumbs_IMG_5979.JPG\"\n\t\t\t\t\twidth=\"240\"\n\t\t\t\t\theight=\"160\"\n\t\t\t\t\tstyle=\"max-width:100%;\"\n\t\t\t\t\/>\n\t\t\t<\/a>\n\t\t<\/div>\n\t\t\t\t\t\t\t<\/div> \n\t\t\t\n\t\t\t\t<div id=\"ngg-image-1\" class=\"ngg-gallery-thumbnail-box \n\t\t\t\t\t\t\t\t\t\t\t\" \n\t\t\t>\n\t\t\t\t\t\t<div class=\"ngg-gallery-thumbnail\">\n\t\t\t<a href=\"https:\/\/flinke-flossen.de\/wp-content\/gallery\/juz-2024\/IMG_5978.JPG\"\n\t\t\t\ttitle=\"\"\n\t\t\t\tdata-src=\"https:\/\/flinke-flossen.de\/wp-content\/gallery\/juz-2024\/IMG_5978.JPG\"\n\t\t\t\tdata-thumbnail=\"https:\/\/flinke-flossen.de\/wp-content\/gallery\/juz-2024\/thumbs\/thumbs_IMG_5978.JPG\"\n\t\t\t\tdata-image-id=\"205\"\n\t\t\t\tdata-title=\"IMG_5978\"\n\t\t\t\tdata-description=\"\"\n\t\t\t\tdata-image-slug=\"img_5978-1\"\n\t\t\t\tclass=\"ngg-simplelightbox\" rel=\"77e3b42eb53ccfae18a4959456cbf36c\">\n\t\t\t\t<img\n\t\t\t\t\ttitle=\"IMG_5978\"\n\t\t\t\t\talt=\"IMG_5978\"\n\t\t\t\t\tsrc=\"https:\/\/flinke-flossen.de\/wp-content\/gallery\/juz-2024\/thumbs\/thumbs_IMG_5978.JPG\"\n\t\t\t\t\twidth=\"240\"\n\t\t\t\t\theight=\"160\"\n\t\t\t\t\tstyle=\"max-width:100%;\"\n\t\t\t\t\/>\n\t\t\t<\/a>\n\t\t<\/div>\n\t\t\t\t\t\t\t<\/div> \n\t\t\t\n\t\n\t<br style=\"clear: both\" \/>\n\n\t\n\t\t<!-- Pagination -->\n\t\t<div class='ngg-clear'><\/div>\t<\/div>\n\n","protected":false},"excerpt":{"rendered":"<p>Am Samstag 23. November fand der Theorietag unseres Vereins statt \u2013 ein spannender und lehrreicher Nachmittag, der TaucherInnen aller Altersklassen zusammenbrachte. Mit etwa 30 TeilnehmerInnen trafen wir uns mittags auf dem Parkplatz des Freibads in Gro\u00df-Umstadt. Von dort aus spazierten &hellip; <a href=\"https:\/\/flinke-flossen.de\/?page_id=1249\">Weiterlesen <span class=\"meta-nav\">&rarr;<\/span><\/a><\/p>\n","protected":false},"author":1,"featured_media":0,"parent":14,"menu_order":169,"comment_status":"closed","ping_status":"closed","template":"onecolumn-page.php","meta":{"ngg_post_thumbnail":0,"footnotes":""},"_links":{"self":[{"href":"https:\/\/flinke-flossen.de\/index.php?rest_route=\/wp\/v2\/pages\/1249"}],"collection":[{"href":"https:\/\/flinke-flossen.de\/index.php?rest_route=\/wp\/v2\/pages"}],"about":[{"href":"https:\/\/flinke-flossen.de\/index.php?rest_route=\/wp\/v2\/types\/page"}],"author":[{"embeddable":true,"href":"https:\/\/flinke-flossen.de\/index.php?rest_route=\/wp\/v2\/users\/1"}],"replies":[{"embeddable":true,"href":"https:\/\/flinke-flossen.de\/index.php?rest_route=%2Fwp%2Fv2%2Fcomments&post=1249"}],"version-history":[{"count":3,"href":"https:\/\/flinke-flossen.de\/index.php?rest_route=\/wp\/v2\/pages\/1249\/revisions"}],"predecessor-version":[{"id":1267,"href":"https:\/\/flinke-flossen.de\/index.php?rest_route=\/wp\/v2\/pages\/1249\/revisions\/1267"}],"up":[{"embeddable":true,"href":"https:\/\/flinke-flossen.de\/index.php?rest_route=\/wp\/v2\/pages\/14"}],"wp:attachment":[{"href":"https:\/\/flinke-flossen.de\/index.php?rest_route=%2Fwp%2Fv2%2Fmedia&parent=1249"}],"curies":[{"name":"wp","href":"https:\/\/api.w.org\/{rel}","templated":true}]}}