{"id":1188,"date":"2024-07-20T16:00:17","date_gmt":"2024-07-20T16:00:17","guid":{"rendered":"https:\/\/flinke-flossen.de\/?page_id=1188"},"modified":"2024-07-20T16:00:17","modified_gmt":"2024-07-20T16:00:17","slug":"projektwoche-max-planck-gymnasium","status":"publish","type":"page","link":"https:\/\/flinke-flossen.de\/?page_id=1188","title":{"rendered":"Projektwoche Max-Planck-Gymnasium"},"content":{"rendered":"\n<p>Vom 8.07. bis zum 10.07.2024 konnte eine Projektwoche am Max-Planck-Gymnasium in Gro\u00df-Umstadt stattfinden.&nbsp;Neben vielen anderen tollen Projekten gab es dieses Mal in Kooperation mit dem Tauchverein Flinke-Flossen aus Gro\u00df-Umstadt auch das Projekt Tauchen, an dem insgesamt sechzehn Sch\u00fcler teilgenommen haben.<\/p>\n\n\n\n<p>Am Montag lernten die Sch\u00fcler interaktiv grunds\u00e4tzliche Tauchtheorie kennen, wie zum Beispiel aus was sich die Taucherausr\u00fcstung zusammensetzt, die Bestandteile der Luft in der Tauchflasche, wie sich die Sinne unter Wasser ver\u00e4ndern aber auch wichtige Tauchregeln und Tauchzeichen. Bei einem anschlie\u00dfenden Quiz konnten die Sch\u00fcler dann in kleinen Gruppen ihr neu erlerntes Wissen unter Beweis stellen. Au\u00dferdem wurde das Tauchger\u00e4t gemeinsam aufgebaut und auf dem Schulhof konnten die Sch\u00fcler mit verdeckter Sicht ihr Gl\u00fcck bei der Peilung mit dem Kompass probieren, wobei einige feststellten, dass das oft gar nicht so leicht ist. Eine weitere Herausforderung war das Finden einer passenden Ausr\u00fcstung f\u00fcr jeden Sch\u00fcler, das hei\u00dft passende Maske, Schnorchel und Flossen, sowie ein Tauchjacket, doch nach einigem hin und her hat sich im vom Verein bereit gestellten Material f\u00fcr jeden etwas Gutes gefunden.&nbsp;<\/p>\n\n\n\n<p>Am Dienstag ging es dann bei blauem Himmel und Sonnenschein gemeinsam ins Freibad in Babenhausen, wo die Sch\u00fcler einen Einblick in den Ablauf einer typischen Trainingsstunde des Vereins, bestehend aus verschiedenen Schwimmstilen und einigen Apnoe\u00fcbungen bekommen konnten. Anschlie\u00dfend konnten die Sch\u00fcler im seichten Bereich des Schwimmbads in eins zu eins Betreuung ihre allerersten Taucherfahrungen mit dem Tauchger\u00e4t machen und unter und \u00fcber Wasser gab es viele strahlende Gesichter.<\/p>\n\n\n\n<p>Am letzten Tag der Projektwoche war die Vorfreude und Aufregung gro\u00df, es ging nochmal nach Babenhausen ins Freibad und alle sechzehn Sch\u00fcler durften gemeinsam mit einem Ausbilder einen richtigen Tauchgang im dortigen Sprungbecken machen. In Gruppen von jeweils f\u00fcnf Ausbildern und f\u00fcnf Sch\u00fclern ging es in mehreren Durchg\u00e4ngen unter Wasser, wo es verschiedene Spiele, wie \u201eJenga\u201c, \u201eMensch \u00e4rgere dich nicht\u201c oder Torpedos gab, die die Sch\u00fcler dort ausprobieren und zusammen spielen konnten. Nach jedem Tauchgang war die Begeisterung bei den jungen Tauchern gro\u00df, sodass auch die Ausbilder viel Spa\u00df hatten. Uns hat es viel Freude bereitet, so vielen jungen Menschen zeigen zu k\u00f6nnen, wie besonders der Tauchsport ist und dann ihre Vorfreude und ihren ehrlichen Enthusiasmus nach dem Tauchen beobachten zu k\u00f6nnen.\u00a0<\/p>\n\n\n\n<figure class=\"wp-block-image size-large\"><img loading=\"lazy\" decoding=\"async\" width=\"1024\" height=\"768\" src=\"https:\/\/flinke-flossen.de\/wp-content\/uploads\/2024\/07\/IMG_5580-1024x768.jpeg\" alt=\"\" class=\"wp-image-1189\" srcset=\"https:\/\/flinke-flossen.de\/wp-content\/uploads\/2024\/07\/IMG_5580-1024x768.jpeg 1024w, https:\/\/flinke-flossen.de\/wp-content\/uploads\/2024\/07\/IMG_5580-300x225.jpeg 300w, https:\/\/flinke-flossen.de\/wp-content\/uploads\/2024\/07\/IMG_5580-768x576.jpeg 768w, https:\/\/flinke-flossen.de\/wp-content\/uploads\/2024\/07\/IMG_5580-1536x1152.jpeg 1536w, https:\/\/flinke-flossen.de\/wp-content\/uploads\/2024\/07\/IMG_5580.jpeg 2048w\" sizes=\"(max-width: 1024px) 100vw, 1024px\" \/><\/figure>\n\n\n\n<p>Wir danken dem Max-Planck-Gymnasium f\u00fcr die M\u00f6glichkeit den Sch\u00fclern diese Chance zu bieten und unsere eigene Freude am Tauchsport weitergeben zu d\u00fcrfen. Ein gro\u00dfer Dank gilt aber nat\u00fcrlich vor allem allen beteiligten Ausbildern des Tauchvereins Flinke-Flossen aus Gro\u00df-Umstadt, die das \u00fcberhaupt erst m\u00f6glich gemacht haben!&nbsp;<\/p>\n\n\n\n<p>Emilia Kaminski und Lisa Terk<\/p>\n","protected":false},"excerpt":{"rendered":"<p>Vom 8.07. bis zum 10.07.2024 konnte eine Projektwoche am Max-Planck-Gymnasium in Gro\u00df-Umstadt stattfinden.&nbsp;Neben vielen anderen tollen Projekten gab es dieses Mal in Kooperation mit dem Tauchverein Flinke-Flossen aus Gro\u00df-Umstadt auch das Projekt Tauchen, an dem insgesamt sechzehn Sch\u00fcler teilgenommen haben. &hellip; <a href=\"https:\/\/flinke-flossen.de\/?page_id=1188\">Weiterlesen <span class=\"meta-nav\">&rarr;<\/span><\/a><\/p>\n","protected":false},"author":1,"featured_media":0,"parent":150,"menu_order":92,"comment_status":"closed","ping_status":"closed","template":"onecolumn-page.php","meta":{"ngg_post_thumbnail":0,"footnotes":""},"_links":{"self":[{"href":"https:\/\/flinke-flossen.de\/index.php?rest_route=\/wp\/v2\/pages\/1188"}],"collection":[{"href":"https:\/\/flinke-flossen.de\/index.php?rest_route=\/wp\/v2\/pages"}],"about":[{"href":"https:\/\/flinke-flossen.de\/index.php?rest_route=\/wp\/v2\/types\/page"}],"author":[{"embeddable":true,"href":"https:\/\/flinke-flossen.de\/index.php?rest_route=\/wp\/v2\/users\/1"}],"replies":[{"embeddable":true,"href":"https:\/\/flinke-flossen.de\/index.php?rest_route=%2Fwp%2Fv2%2Fcomments&post=1188"}],"version-history":[{"count":1,"href":"https:\/\/flinke-flossen.de\/index.php?rest_route=\/wp\/v2\/pages\/1188\/revisions"}],"predecessor-version":[{"id":1190,"href":"https:\/\/flinke-flossen.de\/index.php?rest_route=\/wp\/v2\/pages\/1188\/revisions\/1190"}],"up":[{"embeddable":true,"href":"https:\/\/flinke-flossen.de\/index.php?rest_route=\/wp\/v2\/pages\/150"}],"wp:attachment":[{"href":"https:\/\/flinke-flossen.de\/index.php?rest_route=%2Fwp%2Fv2%2Fmedia&parent=1188"}],"curies":[{"name":"wp","href":"https:\/\/api.w.org\/{rel}","templated":true}]}}