{"id":1041,"date":"2023-09-14T09:02:33","date_gmt":"2023-09-14T09:02:33","guid":{"rendered":"http:\/\/flinke-flossen.de\/?page_id=1041"},"modified":"2023-09-14T09:03:07","modified_gmt":"2023-09-14T09:03:07","slug":"sommerfest","status":"publish","type":"page","link":"https:\/\/flinke-flossen.de\/?page_id=1041","title":{"rendered":"Sommerfest"},"content":{"rendered":"\n<p>Am 24. Juni fand das gro\u00dfe Flinke-Flossen-Sommerfest mit 45 Teilnehmern auf dem Grillplatz Binselberg statt. H\u00f6hepunkt war die Verleihung der bronzenen Ehrennadel an unser langj\u00e4hriges Vorstandsmitglied Wilhelm Robert Enters.<\/p>\n\n\n\n<figure class=\"wp-block-image size-large is-resized\"><img loading=\"lazy\" decoding=\"async\" src=\"http:\/\/flinke-flossen.de\/wp-content\/uploads\/2023\/07\/IMG_9008-1024x768.jpeg\" alt=\"\" class=\"wp-image-1024\" width=\"621\" height=\"466\" srcset=\"https:\/\/flinke-flossen.de\/wp-content\/uploads\/2023\/07\/IMG_9008-1024x768.jpeg 1024w, https:\/\/flinke-flossen.de\/wp-content\/uploads\/2023\/07\/IMG_9008-300x225.jpeg 300w, https:\/\/flinke-flossen.de\/wp-content\/uploads\/2023\/07\/IMG_9008-768x576.jpeg 768w, https:\/\/flinke-flossen.de\/wp-content\/uploads\/2023\/07\/IMG_9008.jpeg 1280w\" sizes=\"(max-width: 621px) 100vw, 621px\" \/><\/figure>\n","protected":false},"excerpt":{"rendered":"<p>Am 24. Juni fand das gro\u00dfe Flinke-Flossen-Sommerfest mit 45 Teilnehmern auf dem Grillplatz Binselberg statt. H\u00f6hepunkt war die Verleihung der bronzenen Ehrennadel an unser langj\u00e4hriges Vorstandsmitglied Wilhelm Robert Enters.<\/p>\n","protected":false},"author":1,"featured_media":0,"parent":14,"menu_order":178,"comment_status":"closed","ping_status":"closed","template":"onecolumn-page.php","meta":{"ngg_post_thumbnail":0,"footnotes":""},"_links":{"self":[{"href":"https:\/\/flinke-flossen.de\/index.php?rest_route=\/wp\/v2\/pages\/1041"}],"collection":[{"href":"https:\/\/flinke-flossen.de\/index.php?rest_route=\/wp\/v2\/pages"}],"about":[{"href":"https:\/\/flinke-flossen.de\/index.php?rest_route=\/wp\/v2\/types\/page"}],"author":[{"embeddable":true,"href":"https:\/\/flinke-flossen.de\/index.php?rest_route=\/wp\/v2\/users\/1"}],"replies":[{"embeddable":true,"href":"https:\/\/flinke-flossen.de\/index.php?rest_route=%2Fwp%2Fv2%2Fcomments&post=1041"}],"version-history":[{"count":2,"href":"https:\/\/flinke-flossen.de\/index.php?rest_route=\/wp\/v2\/pages\/1041\/revisions"}],"predecessor-version":[{"id":1043,"href":"https:\/\/flinke-flossen.de\/index.php?rest_route=\/wp\/v2\/pages\/1041\/revisions\/1043"}],"up":[{"embeddable":true,"href":"https:\/\/flinke-flossen.de\/index.php?rest_route=\/wp\/v2\/pages\/14"}],"wp:attachment":[{"href":"https:\/\/flinke-flossen.de\/index.php?rest_route=%2Fwp%2Fv2%2Fmedia&parent=1041"}],"curies":[{"name":"wp","href":"https:\/\/api.w.org\/{rel}","templated":true}]}}