{"id":150,"date":"2019-07-11T13:54:25","date_gmt":"2019-07-11T13:54:25","guid":{"rendered":"http:\/\/flinke-flossen.de\/?page_id=150"},"modified":"2025-06-17T12:16:19","modified_gmt":"2025-06-17T12:16:19","slug":"jugend","status":"publish","type":"page","link":"http:\/\/flinke-flossen.de\/?page_id=150","title":{"rendered":"Jugend"},"content":{"rendered":"\n<p>Unsere Jugendabteilung hat zurzeit ca. 30 Mitglieder. Im\nTraining f\u00f6rdern wir Kondition, gute Schwimmstile und Ausdauer im Apnoetauchen.\nKinder + Jugendliche ab 10 Jahren trainieren im Schwimmbad auch mit Tauchger\u00e4t.\nF\u00fcr unser Training ist eine g\u00fcltige <a href=\"http:\/\/www.gtuem.org\/Tauchtauglichkeit\/sh-20.html\" target=\"TTU\" rel=\"noopener noreferrer\">tauchsport\u00e4rztliche Untersuchung<\/a> f\u00fcr\njeden Teilnehmer notwendig.<\/p>\n\n\n\n<p><strong>Wintertraining<\/strong> im Hallenbad Dieburg \/ September bis Mai<\/p>\n\n\n\n<p>Dienstag:<\/p>\n\n\n\n<p>17.00 &#8211; 18.00 Uhr Jugend bis 13 Jahre, Trainer Karla und Dominik<\/p>\n\n\n\n<p>17.00 &#8211; 18.00 Uhr Jugend ab 14 Jahre, Trainer Andr\u00e9 und Tom<\/p>\n\n\n\n<p><\/p><br><br>\n\n\n\n<p><strong>Sommertraining<\/strong> im Freibad Gro\u00df-Umstadt \/ Juni bis August<\/p>\n\n\n\n<p>Da unser Freibad momentan saniert wird, findet Sommertraining erst 2026 wieder statt.<\/p>\n\n\n\n<p>Montag:<\/p>\n\n\n\n<p>17.30 &#8211; 19.00 Uhr Ger\u00e4tetraining 10-14 Jahre Gruppe 1<\/p>\n\n\n\n<p>Mittwoch:<\/p>\n\n\n\n<p>17.30 &#8211; 19.00 Uhr Ger\u00e4tetraining 10-14 Jahre Gruppe 2<\/p>\n\n\n\n<p>18.30 &#8211; 20.00 Uhr Ger\u00e4tetraining Jugend ab 14 Jahre<\/p>\n\n\n\n<p> 19.30 &#8211; 21.00 Uhr Ger\u00e4tetraining ab CMAS* <\/p>\n\n\n\n<p>Wer Interesse hat, meldet sich bei: <a href=\"mailto:tauchen@flinke-flossen.de\">tauchen@flinke-flossen.de<\/a><\/p>\n","protected":false},"excerpt":{"rendered":"<p>Unsere Jugendabteilung hat zurzeit ca. 30 Mitglieder. Im Training f\u00f6rdern wir Kondition, gute Schwimmstile und Ausdauer im Apnoetauchen. Kinder + Jugendliche ab 10 Jahren trainieren im Schwimmbad auch mit Tauchger\u00e4t. F\u00fcr unser Training ist eine g\u00fcltige tauchsport\u00e4rztliche Untersuchung f\u00fcr jeden &hellip; <a href=\"http:\/\/flinke-flossen.de\/?page_id=150\">Weiterlesen <span class=\"meta-nav\">&rarr;<\/span><\/a><\/p>\n","protected":false},"author":1,"featured_media":0,"parent":0,"menu_order":3,"comment_status":"closed","ping_status":"closed","template":"onecolumn-page.php","meta":{"ngg_post_thumbnail":0,"footnotes":""},"_links":{"self":[{"href":"http:\/\/flinke-flossen.de\/index.php?rest_route=\/wp\/v2\/pages\/150"}],"collection":[{"href":"http:\/\/flinke-flossen.de\/index.php?rest_route=\/wp\/v2\/pages"}],"about":[{"href":"http:\/\/flinke-flossen.de\/index.php?rest_route=\/wp\/v2\/types\/page"}],"author":[{"embeddable":true,"href":"http:\/\/flinke-flossen.de\/index.php?rest_route=\/wp\/v2\/users\/1"}],"replies":[{"embeddable":true,"href":"http:\/\/flinke-flossen.de\/index.php?rest_route=%2Fwp%2Fv2%2Fcomments&post=150"}],"version-history":[{"count":16,"href":"http:\/\/flinke-flossen.de\/index.php?rest_route=\/wp\/v2\/pages\/150\/revisions"}],"predecessor-version":[{"id":1388,"href":"http:\/\/flinke-flossen.de\/index.php?rest_route=\/wp\/v2\/pages\/150\/revisions\/1388"}],"wp:attachment":[{"href":"http:\/\/flinke-flossen.de\/index.php?rest_route=%2Fwp%2Fv2%2Fmedia&parent=150"}],"curies":[{"name":"wp","href":"https:\/\/api.w.org\/{rel}","templated":true}]}}